{"id":42338,"date":"2025-03-14T15:16:11","date_gmt":"2025-03-14T15:16:11","guid":{"rendered":"https:\/\/vetplusglobal.com\/product\/synoquin-small-breed-tablets\/"},"modified":"2026-03-12T08:38:40","modified_gmt":"2026-03-12T08:38:40","slug":"synoquin-small-breed-tablets","status":"publish","type":"product","link":"https:\/\/vetplusglobal.com\/de\/product\/synoquin-small-breed-tablets\/","title":{"rendered":"SYNOQUIN\u00ae TABLETTEN F\u00dcR KLEINE RASSEN"},"content":{"rendered":"","protected":false},"excerpt":{"rendered":"<p>SYNOQUIN\u00ae ist ein Nutrazeutikum zur Unterst\u00fctzung der Gelenkgesundheit bei Hunden. Seit seiner Einf\u00fchrung im Jahr 1998 wurde SYNOQUIN\u00ae von mehr Tierhaltern gekauft als jedes andere Gelenkpr\u00e4parat. Heute wird es von Tier\u00e4rzten weltweit empfohlen.<br \/>\nSYNOQUIN\u00ae enth\u00e4lt Glucosamin und Chondroitin in h\u00f6chster Qualit\u00e4t, die wichtige Inhaltsstoffe zur Unterst\u00fctzung der Knorpelstruktur sind. Dar\u00fcber hinaus enth\u00e4lt SYNOQUIN\u00ae Omega-3-Fetts\u00e4uren aus Krill, die im Vergleich zu Fisch eine bessere Aufnahme und Reinheit aufweisen. Omega-3-Fetts\u00e4uren unterst\u00fctzen die nat\u00fcrlichen Systeme, die Entz\u00fcndungen kontrollieren, und sind daher ein wichtiger Bestandteil der Rezeptur.<br \/>\nSYNOQUIN\u00ae ist in rasse- und gr\u00f6\u00dfenangepassten Tabletten f\u00fcr Hunde erh\u00e4ltlich, um die F\u00fctterung zu erleichtern. Das bedeutet, dass f\u00fcr die meisten Hunderassen langfristig nur eine Tablette oder Kapsel pro Tag erforderlich ist.<\/p>\n","protected":false},"featured_media":20161,"template":"","meta":{"_acf_changed":false,"_oasis_is_in_workflow":0,"_oasis_original":0,"_oasis_task_priority":""},"product_brand":[],"product_cat":[1251,1250],"product_tag":[],"class_list":{"0":"post-42338","1":"product","2":"type-product","3":"status-publish","4":"has-post-thumbnail","6":"product_cat-fuer-hunde","7":"product_cat-gelenkunterstuetzung","9":"first","10":"instock","11":"shipping-taxable","12":"product-type-simple"},"acf":[],"yoast_head":"<!-- This site is optimized with the Yoast SEO plugin v27.3 - https:\/\/yoast.com\/product\/yoast-seo-wordpress\/ -->\n<title>SYNOQUIN\u00ae TABLETTEN F\u00dcR KLEINE RASSEN - vetplus<\/title>\n<meta name=\"robots\" content=\"index, follow, max-snippet:-1, max-image-preview:large, max-video-preview:-1\" \/>\n<link rel=\"canonical\" href=\"https:\/\/vetplusglobal.com\/de\/product\/synoquin-small-breed-tablets\/\" \/>\n<meta property=\"og:locale\" content=\"de_DE\" \/>\n<meta property=\"og:type\" content=\"article\" \/>\n<meta property=\"og:title\" content=\"SYNOQUIN\u00ae TABLETTEN F\u00dcR KLEINE RASSEN - vetplus\" \/>\n<meta property=\"og:description\" content=\"SYNOQUIN\u00ae ist ein Nutrazeutikum zur Unterst\u00fctzung der Gelenkgesundheit bei Hunden. Seit seiner Einf\u00fchrung im Jahr 1998 wurde SYNOQUIN\u00ae von mehr Tierhaltern gekauft als jedes andere Gelenkpr\u00e4parat. Heute wird es von Tier\u00e4rzten weltweit empfohlen. SYNOQUIN\u00ae enth\u00e4lt Glucosamin und Chondroitin in h\u00f6chster Qualit\u00e4t, die wichtige Inhaltsstoffe zur Unterst\u00fctzung der Knorpelstruktur sind. Dar\u00fcber hinaus enth\u00e4lt SYNOQUIN\u00ae Omega-3-Fetts\u00e4uren aus Krill, die im Vergleich zu Fisch eine bessere Aufnahme und Reinheit aufweisen. Omega-3-Fetts\u00e4uren unterst\u00fctzen die nat\u00fcrlichen Systeme, die Entz\u00fcndungen kontrollieren, und sind daher ein wichtiger Bestandteil der Rezeptur. SYNOQUIN\u00ae ist in rasse- und gr\u00f6\u00dfenangepassten Tabletten f\u00fcr Hunde erh\u00e4ltlich, um die F\u00fctterung zu erleichtern. Das bedeutet, dass f\u00fcr die meisten Hunderassen langfristig nur eine Tablette oder Kapsel pro Tag erforderlich ist.\" \/>\n<meta property=\"og:url\" content=\"https:\/\/vetplusglobal.com\/de\/product\/synoquin-small-breed-tablets\/\" \/>\n<meta property=\"og:site_name\" content=\"vetplus\" \/>\n<meta property=\"article:publisher\" content=\"https:\/\/www.facebook.com\/vetplusUK\/\" \/>\n<meta property=\"article:modified_time\" content=\"2026-03-12T08:38:40+00:00\" \/>\n<meta property=\"og:image\" content=\"https:\/\/vetplusglobal.com\/wp-content\/uploads\/2025\/08\/SYNOQUIN-SMALL-BREED.png\" \/>\n\t<meta property=\"og:image:width\" content=\"1000\" \/>\n\t<meta property=\"og:image:height\" content=\"1000\" \/>\n\t<meta property=\"og:image:type\" content=\"image\/png\" \/>\n<meta name=\"twitter:card\" content=\"summary_large_image\" \/>\n<meta name=\"twitter:site\" content=\"@vetplusuk\" \/>\n<meta name=\"twitter:label1\" content=\"Est. reading time\" \/>\n\t<meta name=\"twitter:data1\" content=\"1 minute\" \/>\n<script type=\"application\/ld+json\" class=\"yoast-schema-graph\">{\"@context\":\"https:\\\/\\\/schema.org\",\"@graph\":[{\"@type\":\"WebPage\",\"@id\":\"https:\\\/\\\/vetplusglobal.com\\\/de\\\/product\\\/synoquin-small-breed-tablets\\\/\",\"url\":\"https:\\\/\\\/vetplusglobal.com\\\/de\\\/product\\\/synoquin-small-breed-tablets\\\/\",\"name\":\"SYNOQUIN\u00ae TABLETTEN F\u00dcR KLEINE RASSEN - vetplus\",\"isPartOf\":{\"@id\":\"https:\\\/\\\/vetplusglobal.com\\\/de\\\/#website\"},\"primaryImageOfPage\":{\"@id\":\"https:\\\/\\\/vetplusglobal.com\\\/de\\\/product\\\/synoquin-small-breed-tablets\\\/#primaryimage\"},\"image\":{\"@id\":\"https:\\\/\\\/vetplusglobal.com\\\/de\\\/product\\\/synoquin-small-breed-tablets\\\/#primaryimage\"},\"thumbnailUrl\":\"https:\\\/\\\/vetplusglobal.com\\\/wp-content\\\/uploads\\\/2025\\\/08\\\/SYNOQUIN-SMALL-BREED.png\",\"datePublished\":\"2025-03-14T15:16:11+00:00\",\"dateModified\":\"2026-03-12T08:38:40+00:00\",\"breadcrumb\":{\"@id\":\"https:\\\/\\\/vetplusglobal.com\\\/de\\\/product\\\/synoquin-small-breed-tablets\\\/#breadcrumb\"},\"inLanguage\":\"de-DE\",\"potentialAction\":[{\"@type\":\"ReadAction\",\"target\":[\"https:\\\/\\\/vetplusglobal.com\\\/de\\\/product\\\/synoquin-small-breed-tablets\\\/\"]}]},{\"@type\":\"ImageObject\",\"inLanguage\":\"de-DE\",\"@id\":\"https:\\\/\\\/vetplusglobal.com\\\/de\\\/product\\\/synoquin-small-breed-tablets\\\/#primaryimage\",\"url\":\"https:\\\/\\\/vetplusglobal.com\\\/wp-content\\\/uploads\\\/2025\\\/08\\\/SYNOQUIN-SMALL-BREED.png\",\"contentUrl\":\"https:\\\/\\\/vetplusglobal.com\\\/wp-content\\\/uploads\\\/2025\\\/08\\\/SYNOQUIN-SMALL-BREED.png\",\"width\":1000,\"height\":1000},{\"@type\":\"BreadcrumbList\",\"@id\":\"https:\\\/\\\/vetplusglobal.com\\\/de\\\/product\\\/synoquin-small-breed-tablets\\\/#breadcrumb\",\"itemListElement\":[{\"@type\":\"ListItem\",\"position\":1,\"name\":\"Home\",\"item\":\"https:\\\/\\\/vetplusglobal.com\\\/de\\\/\"},{\"@type\":\"ListItem\",\"position\":2,\"name\":\"Shop\",\"item\":\"https:\\\/\\\/vetplusglobal.com\\\/shop\\\/\"},{\"@type\":\"ListItem\",\"position\":3,\"name\":\"SYNOQUIN\u00ae TABLETTEN F\u00dcR KLEINE RASSEN\"}]},{\"@type\":\"WebSite\",\"@id\":\"https:\\\/\\\/vetplusglobal.com\\\/de\\\/#website\",\"url\":\"https:\\\/\\\/vetplusglobal.com\\\/de\\\/\",\"name\":\"vetplus\",\"description\":\"The Global Leader in Veterinary Nutraceuticals\",\"publisher\":{\"@id\":\"https:\\\/\\\/vetplusglobal.com\\\/de\\\/#organization\"},\"potentialAction\":[{\"@type\":\"SearchAction\",\"target\":{\"@type\":\"EntryPoint\",\"urlTemplate\":\"https:\\\/\\\/vetplusglobal.com\\\/de\\\/?s={search_term_string}\"},\"query-input\":{\"@type\":\"PropertyValueSpecification\",\"valueRequired\":true,\"valueName\":\"search_term_string\"}}],\"inLanguage\":\"de-DE\"},{\"@type\":\"Organization\",\"@id\":\"https:\\\/\\\/vetplusglobal.com\\\/de\\\/#organization\",\"name\":\"VetPlus\",\"url\":\"https:\\\/\\\/vetplusglobal.com\\\/de\\\/\",\"logo\":{\"@type\":\"ImageObject\",\"inLanguage\":\"de-DE\",\"@id\":\"https:\\\/\\\/vetplusglobal.com\\\/de\\\/#\\\/schema\\\/logo\\\/image\\\/\",\"url\":\"https:\\\/\\\/vetplusglobal.com\\\/wp-content\\\/uploads\\\/2024\\\/12\\\/Group-955-1.jpg\",\"contentUrl\":\"https:\\\/\\\/vetplusglobal.com\\\/wp-content\\\/uploads\\\/2024\\\/12\\\/Group-955-1.jpg\",\"width\":696,\"height\":696,\"caption\":\"VetPlus\"},\"image\":{\"@id\":\"https:\\\/\\\/vetplusglobal.com\\\/de\\\/#\\\/schema\\\/logo\\\/image\\\/\"},\"sameAs\":[\"https:\\\/\\\/www.facebook.com\\\/vetplusUK\\\/\",\"https:\\\/\\\/x.com\\\/vetplusuk\"]}]}<\/script>\n<!-- \/ Yoast SEO plugin. -->","yoast_head_json":{"title":"SYNOQUIN\u00ae TABLETTEN F\u00dcR KLEINE RASSEN - vetplus","robots":{"index":"index","follow":"follow","max-snippet":"max-snippet:-1","max-image-preview":"max-image-preview:large","max-video-preview":"max-video-preview:-1"},"canonical":"https:\/\/vetplusglobal.com\/de\/product\/synoquin-small-breed-tablets\/","og_locale":"de_DE","og_type":"article","og_title":"SYNOQUIN\u00ae TABLETTEN F\u00dcR KLEINE RASSEN - vetplus","og_description":"SYNOQUIN\u00ae ist ein Nutrazeutikum zur Unterst\u00fctzung der Gelenkgesundheit bei Hunden. Seit seiner Einf\u00fchrung im Jahr 1998 wurde SYNOQUIN\u00ae von mehr Tierhaltern gekauft als jedes andere Gelenkpr\u00e4parat. Heute wird es von Tier\u00e4rzten weltweit empfohlen. SYNOQUIN\u00ae enth\u00e4lt Glucosamin und Chondroitin in h\u00f6chster Qualit\u00e4t, die wichtige Inhaltsstoffe zur Unterst\u00fctzung der Knorpelstruktur sind. Dar\u00fcber hinaus enth\u00e4lt SYNOQUIN\u00ae Omega-3-Fetts\u00e4uren aus Krill, die im Vergleich zu Fisch eine bessere Aufnahme und Reinheit aufweisen. Omega-3-Fetts\u00e4uren unterst\u00fctzen die nat\u00fcrlichen Systeme, die Entz\u00fcndungen kontrollieren, und sind daher ein wichtiger Bestandteil der Rezeptur. SYNOQUIN\u00ae ist in rasse- und gr\u00f6\u00dfenangepassten Tabletten f\u00fcr Hunde erh\u00e4ltlich, um die F\u00fctterung zu erleichtern. Das bedeutet, dass f\u00fcr die meisten Hunderassen langfristig nur eine Tablette oder Kapsel pro Tag erforderlich ist.","og_url":"https:\/\/vetplusglobal.com\/de\/product\/synoquin-small-breed-tablets\/","og_site_name":"vetplus","article_publisher":"https:\/\/www.facebook.com\/vetplusUK\/","article_modified_time":"2026-03-12T08:38:40+00:00","og_image":[{"width":1000,"height":1000,"url":"https:\/\/vetplusglobal.com\/wp-content\/uploads\/2025\/08\/SYNOQUIN-SMALL-BREED.png","type":"image\/png"}],"twitter_card":"summary_large_image","twitter_site":"@vetplusuk","twitter_misc":{"Est. reading time":"1 minute"},"schema":{"@context":"https:\/\/schema.org","@graph":[{"@type":"WebPage","@id":"https:\/\/vetplusglobal.com\/de\/product\/synoquin-small-breed-tablets\/","url":"https:\/\/vetplusglobal.com\/de\/product\/synoquin-small-breed-tablets\/","name":"SYNOQUIN\u00ae TABLETTEN F\u00dcR KLEINE RASSEN - vetplus","isPartOf":{"@id":"https:\/\/vetplusglobal.com\/de\/#website"},"primaryImageOfPage":{"@id":"https:\/\/vetplusglobal.com\/de\/product\/synoquin-small-breed-tablets\/#primaryimage"},"image":{"@id":"https:\/\/vetplusglobal.com\/de\/product\/synoquin-small-breed-tablets\/#primaryimage"},"thumbnailUrl":"https:\/\/vetplusglobal.com\/wp-content\/uploads\/2025\/08\/SYNOQUIN-SMALL-BREED.png","datePublished":"2025-03-14T15:16:11+00:00","dateModified":"2026-03-12T08:38:40+00:00","breadcrumb":{"@id":"https:\/\/vetplusglobal.com\/de\/product\/synoquin-small-breed-tablets\/#breadcrumb"},"inLanguage":"de-DE","potentialAction":[{"@type":"ReadAction","target":["https:\/\/vetplusglobal.com\/de\/product\/synoquin-small-breed-tablets\/"]}]},{"@type":"ImageObject","inLanguage":"de-DE","@id":"https:\/\/vetplusglobal.com\/de\/product\/synoquin-small-breed-tablets\/#primaryimage","url":"https:\/\/vetplusglobal.com\/wp-content\/uploads\/2025\/08\/SYNOQUIN-SMALL-BREED.png","contentUrl":"https:\/\/vetplusglobal.com\/wp-content\/uploads\/2025\/08\/SYNOQUIN-SMALL-BREED.png","width":1000,"height":1000},{"@type":"BreadcrumbList","@id":"https:\/\/vetplusglobal.com\/de\/product\/synoquin-small-breed-tablets\/#breadcrumb","itemListElement":[{"@type":"ListItem","position":1,"name":"Home","item":"https:\/\/vetplusglobal.com\/de\/"},{"@type":"ListItem","position":2,"name":"Shop","item":"https:\/\/vetplusglobal.com\/shop\/"},{"@type":"ListItem","position":3,"name":"SYNOQUIN\u00ae TABLETTEN F\u00dcR KLEINE RASSEN"}]},{"@type":"WebSite","@id":"https:\/\/vetplusglobal.com\/de\/#website","url":"https:\/\/vetplusglobal.com\/de\/","name":"vetplus","description":"The Global Leader in Veterinary Nutraceuticals","publisher":{"@id":"https:\/\/vetplusglobal.com\/de\/#organization"},"potentialAction":[{"@type":"SearchAction","target":{"@type":"EntryPoint","urlTemplate":"https:\/\/vetplusglobal.com\/de\/?s={search_term_string}"},"query-input":{"@type":"PropertyValueSpecification","valueRequired":true,"valueName":"search_term_string"}}],"inLanguage":"de-DE"},{"@type":"Organization","@id":"https:\/\/vetplusglobal.com\/de\/#organization","name":"VetPlus","url":"https:\/\/vetplusglobal.com\/de\/","logo":{"@type":"ImageObject","inLanguage":"de-DE","@id":"https:\/\/vetplusglobal.com\/de\/#\/schema\/logo\/image\/","url":"https:\/\/vetplusglobal.com\/wp-content\/uploads\/2024\/12\/Group-955-1.jpg","contentUrl":"https:\/\/vetplusglobal.com\/wp-content\/uploads\/2024\/12\/Group-955-1.jpg","width":696,"height":696,"caption":"VetPlus"},"image":{"@id":"https:\/\/vetplusglobal.com\/de\/#\/schema\/logo\/image\/"},"sameAs":["https:\/\/www.facebook.com\/vetplusUK\/","https:\/\/x.com\/vetplusuk"]}]}},"_links":{"self":[{"href":"https:\/\/vetplusglobal.com\/de\/wp-json\/wp\/v2\/product\/42338","targetHints":{"allow":["GET"]}}],"collection":[{"href":"https:\/\/vetplusglobal.com\/de\/wp-json\/wp\/v2\/product"}],"about":[{"href":"https:\/\/vetplusglobal.com\/de\/wp-json\/wp\/v2\/types\/product"}],"wp:featuredmedia":[{"embeddable":true,"href":"https:\/\/vetplusglobal.com\/de\/wp-json\/wp\/v2\/media\/20161"}],"wp:attachment":[{"href":"https:\/\/vetplusglobal.com\/de\/wp-json\/wp\/v2\/media?parent=42338"}],"wp:term":[{"taxonomy":"product_brand","embeddable":true,"href":"https:\/\/vetplusglobal.com\/de\/wp-json\/wp\/v2\/product_brand?post=42338"},{"taxonomy":"product_cat","embeddable":true,"href":"https:\/\/vetplusglobal.com\/de\/wp-json\/wp\/v2\/product_cat?post=42338"},{"taxonomy":"product_tag","embeddable":true,"href":"https:\/\/vetplusglobal.com\/de\/wp-json\/wp\/v2\/product_tag?post=42338"}],"curies":[{"name":"wp","href":"https:\/\/api.w.org\/{rel}","templated":true}]}}