{"id":42349,"date":"2025-02-17T12:45:54","date_gmt":"2025-02-17T12:45:54","guid":{"rendered":"https:\/\/vetplusglobal.com\/product\/calmex-diffuser\/"},"modified":"2026-03-12T09:18:01","modified_gmt":"2026-03-12T09:18:01","slug":"calmex-diffuser","status":"publish","type":"product","link":"https:\/\/vetplusglobal.com\/de\/product\/calmex-diffuser\/","title":{"rendered":"CALMEX\u00ae DIFFUSER"},"content":{"rendered":"","protected":false},"excerpt":{"rendered":"<p>CALMEX\u00ae DIFFUSER enth\u00e4lt eine Mischung aus den drei \u00e4therischen \u00d6len Rose, Lavendel und Kamille. Diese einzigartige Mischung aus \u00e4therischen \u00d6len sorgt f\u00fcr einen angenehmen Duft, der Tiere im Haushalt unterst\u00fctzen kann. Das Produkt ist als Starterpaket erh\u00e4ltlich, Nachf\u00fcllungen k\u00f6nnen separat erworben werden.<\/p>\n","protected":false},"featured_media":19954,"template":"","meta":{"_acf_changed":false,"_oasis_is_in_workflow":0,"_oasis_original":0,"_oasis_task_priority":""},"product_brand":[],"product_cat":[1251,1249,1265],"product_tag":[],"class_list":{"0":"post-42349","1":"product","2":"type-product","3":"status-publish","4":"has-post-thumbnail","6":"product_cat-fuer-hunde","7":"product_cat-fuer-katzen","8":"product_cat-zns-verhalten","10":"first","11":"instock","12":"shipping-taxable","13":"product-type-simple"},"acf":[],"yoast_head":"<!-- This site is optimized with the Yoast SEO plugin v27.4 - https:\/\/yoast.com\/product\/yoast-seo-wordpress\/ -->\n<title>CALMEX\u00ae DIFFUSER - vetplus<\/title>\n<meta name=\"robots\" content=\"index, follow, max-snippet:-1, max-image-preview:large, max-video-preview:-1\" \/>\n<link rel=\"canonical\" href=\"https:\/\/vetplusglobal.com\/de\/product\/calmex-diffuser\/\" \/>\n<meta property=\"og:locale\" content=\"de_DE\" \/>\n<meta property=\"og:type\" content=\"article\" \/>\n<meta property=\"og:title\" content=\"CALMEX\u00ae DIFFUSER - vetplus\" \/>\n<meta property=\"og:description\" content=\"CALMEX\u00ae DIFFUSER enth\u00e4lt eine Mischung aus den drei \u00e4therischen \u00d6len Rose, Lavendel und Kamille. Diese einzigartige Mischung aus \u00e4therischen \u00d6len sorgt f\u00fcr einen angenehmen Duft, der Tiere im Haushalt unterst\u00fctzen kann. Das Produkt ist als Starterpaket erh\u00e4ltlich, Nachf\u00fcllungen k\u00f6nnen separat erworben werden.\" \/>\n<meta property=\"og:url\" content=\"https:\/\/vetplusglobal.com\/de\/product\/calmex-diffuser\/\" \/>\n<meta property=\"og:site_name\" content=\"vetplus\" \/>\n<meta property=\"article:publisher\" content=\"https:\/\/www.facebook.com\/vetplusUK\/\" \/>\n<meta property=\"article:modified_time\" content=\"2026-03-12T09:18:01+00:00\" \/>\n<meta property=\"og:image\" content=\"https:\/\/vetplusglobal.com\/wp-content\/uploads\/2025\/08\/CALMEX-DIFFUSOR.png\" \/>\n\t<meta property=\"og:image:width\" content=\"1000\" \/>\n\t<meta property=\"og:image:height\" content=\"1000\" \/>\n\t<meta property=\"og:image:type\" content=\"image\/png\" \/>\n<meta name=\"twitter:card\" content=\"summary_large_image\" \/>\n<meta name=\"twitter:site\" content=\"@vetplusuk\" \/>\n<meta name=\"twitter:label1\" content=\"Est. reading time\" \/>\n\t<meta name=\"twitter:data1\" content=\"1 minute\" \/>\n<script type=\"application\/ld+json\" class=\"yoast-schema-graph\">{\"@context\":\"https:\\\/\\\/schema.org\",\"@graph\":[{\"@type\":\"WebPage\",\"@id\":\"https:\\\/\\\/vetplusglobal.com\\\/de\\\/product\\\/calmex-diffuser\\\/\",\"url\":\"https:\\\/\\\/vetplusglobal.com\\\/de\\\/product\\\/calmex-diffuser\\\/\",\"name\":\"CALMEX\u00ae DIFFUSER - vetplus\",\"isPartOf\":{\"@id\":\"https:\\\/\\\/vetplusglobal.com\\\/de\\\/#website\"},\"primaryImageOfPage\":{\"@id\":\"https:\\\/\\\/vetplusglobal.com\\\/de\\\/product\\\/calmex-diffuser\\\/#primaryimage\"},\"image\":{\"@id\":\"https:\\\/\\\/vetplusglobal.com\\\/de\\\/product\\\/calmex-diffuser\\\/#primaryimage\"},\"thumbnailUrl\":\"https:\\\/\\\/vetplusglobal.com\\\/wp-content\\\/uploads\\\/2025\\\/08\\\/CALMEX-DIFFUSOR.png\",\"datePublished\":\"2025-02-17T12:45:54+00:00\",\"dateModified\":\"2026-03-12T09:18:01+00:00\",\"breadcrumb\":{\"@id\":\"https:\\\/\\\/vetplusglobal.com\\\/de\\\/product\\\/calmex-diffuser\\\/#breadcrumb\"},\"inLanguage\":\"de-DE\",\"potentialAction\":[{\"@type\":\"ReadAction\",\"target\":[\"https:\\\/\\\/vetplusglobal.com\\\/de\\\/product\\\/calmex-diffuser\\\/\"]}]},{\"@type\":\"ImageObject\",\"inLanguage\":\"de-DE\",\"@id\":\"https:\\\/\\\/vetplusglobal.com\\\/de\\\/product\\\/calmex-diffuser\\\/#primaryimage\",\"url\":\"https:\\\/\\\/vetplusglobal.com\\\/wp-content\\\/uploads\\\/2025\\\/08\\\/CALMEX-DIFFUSOR.png\",\"contentUrl\":\"https:\\\/\\\/vetplusglobal.com\\\/wp-content\\\/uploads\\\/2025\\\/08\\\/CALMEX-DIFFUSOR.png\",\"width\":1000,\"height\":1000},{\"@type\":\"BreadcrumbList\",\"@id\":\"https:\\\/\\\/vetplusglobal.com\\\/de\\\/product\\\/calmex-diffuser\\\/#breadcrumb\",\"itemListElement\":[{\"@type\":\"ListItem\",\"position\":1,\"name\":\"Home\",\"item\":\"https:\\\/\\\/vetplusglobal.com\\\/de\\\/\"},{\"@type\":\"ListItem\",\"position\":2,\"name\":\"Shop\",\"item\":\"https:\\\/\\\/vetplusglobal.com\\\/de\\\/shop\\\/\"},{\"@type\":\"ListItem\",\"position\":3,\"name\":\"CALMEX\u00ae DIFFUSER\"}]},{\"@type\":\"WebSite\",\"@id\":\"https:\\\/\\\/vetplusglobal.com\\\/de\\\/#website\",\"url\":\"https:\\\/\\\/vetplusglobal.com\\\/de\\\/\",\"name\":\"vetplus\",\"description\":\"The Global Leader in Veterinary Nutraceuticals\",\"publisher\":{\"@id\":\"https:\\\/\\\/vetplusglobal.com\\\/de\\\/#organization\"},\"potentialAction\":[{\"@type\":\"SearchAction\",\"target\":{\"@type\":\"EntryPoint\",\"urlTemplate\":\"https:\\\/\\\/vetplusglobal.com\\\/de\\\/?s={search_term_string}\"},\"query-input\":{\"@type\":\"PropertyValueSpecification\",\"valueRequired\":true,\"valueName\":\"search_term_string\"}}],\"inLanguage\":\"de-DE\"},{\"@type\":\"Organization\",\"@id\":\"https:\\\/\\\/vetplusglobal.com\\\/de\\\/#organization\",\"name\":\"VetPlus\",\"url\":\"https:\\\/\\\/vetplusglobal.com\\\/de\\\/\",\"logo\":{\"@type\":\"ImageObject\",\"inLanguage\":\"de-DE\",\"@id\":\"https:\\\/\\\/vetplusglobal.com\\\/de\\\/#\\\/schema\\\/logo\\\/image\\\/\",\"url\":\"https:\\\/\\\/vetplusglobal.com\\\/wp-content\\\/uploads\\\/2024\\\/12\\\/Group-955-1.jpg\",\"contentUrl\":\"https:\\\/\\\/vetplusglobal.com\\\/wp-content\\\/uploads\\\/2024\\\/12\\\/Group-955-1.jpg\",\"width\":696,\"height\":696,\"caption\":\"VetPlus\"},\"image\":{\"@id\":\"https:\\\/\\\/vetplusglobal.com\\\/de\\\/#\\\/schema\\\/logo\\\/image\\\/\"},\"sameAs\":[\"https:\\\/\\\/www.facebook.com\\\/vetplusUK\\\/\",\"https:\\\/\\\/x.com\\\/vetplusuk\"]}]}<\/script>\n<!-- \/ Yoast SEO plugin. -->","yoast_head_json":{"title":"CALMEX\u00ae DIFFUSER - vetplus","robots":{"index":"index","follow":"follow","max-snippet":"max-snippet:-1","max-image-preview":"max-image-preview:large","max-video-preview":"max-video-preview:-1"},"canonical":"https:\/\/vetplusglobal.com\/de\/product\/calmex-diffuser\/","og_locale":"de_DE","og_type":"article","og_title":"CALMEX\u00ae DIFFUSER - vetplus","og_description":"CALMEX\u00ae DIFFUSER enth\u00e4lt eine Mischung aus den drei \u00e4therischen \u00d6len Rose, Lavendel und Kamille. Diese einzigartige Mischung aus \u00e4therischen \u00d6len sorgt f\u00fcr einen angenehmen Duft, der Tiere im Haushalt unterst\u00fctzen kann. Das Produkt ist als Starterpaket erh\u00e4ltlich, Nachf\u00fcllungen k\u00f6nnen separat erworben werden.","og_url":"https:\/\/vetplusglobal.com\/de\/product\/calmex-diffuser\/","og_site_name":"vetplus","article_publisher":"https:\/\/www.facebook.com\/vetplusUK\/","article_modified_time":"2026-03-12T09:18:01+00:00","og_image":[{"width":1000,"height":1000,"url":"https:\/\/vetplusglobal.com\/wp-content\/uploads\/2025\/08\/CALMEX-DIFFUSOR.png","type":"image\/png"}],"twitter_card":"summary_large_image","twitter_site":"@vetplusuk","twitter_misc":{"Est. reading time":"1 minute"},"schema":{"@context":"https:\/\/schema.org","@graph":[{"@type":"WebPage","@id":"https:\/\/vetplusglobal.com\/de\/product\/calmex-diffuser\/","url":"https:\/\/vetplusglobal.com\/de\/product\/calmex-diffuser\/","name":"CALMEX\u00ae DIFFUSER - vetplus","isPartOf":{"@id":"https:\/\/vetplusglobal.com\/de\/#website"},"primaryImageOfPage":{"@id":"https:\/\/vetplusglobal.com\/de\/product\/calmex-diffuser\/#primaryimage"},"image":{"@id":"https:\/\/vetplusglobal.com\/de\/product\/calmex-diffuser\/#primaryimage"},"thumbnailUrl":"https:\/\/vetplusglobal.com\/wp-content\/uploads\/2025\/08\/CALMEX-DIFFUSOR.png","datePublished":"2025-02-17T12:45:54+00:00","dateModified":"2026-03-12T09:18:01+00:00","breadcrumb":{"@id":"https:\/\/vetplusglobal.com\/de\/product\/calmex-diffuser\/#breadcrumb"},"inLanguage":"de-DE","potentialAction":[{"@type":"ReadAction","target":["https:\/\/vetplusglobal.com\/de\/product\/calmex-diffuser\/"]}]},{"@type":"ImageObject","inLanguage":"de-DE","@id":"https:\/\/vetplusglobal.com\/de\/product\/calmex-diffuser\/#primaryimage","url":"https:\/\/vetplusglobal.com\/wp-content\/uploads\/2025\/08\/CALMEX-DIFFUSOR.png","contentUrl":"https:\/\/vetplusglobal.com\/wp-content\/uploads\/2025\/08\/CALMEX-DIFFUSOR.png","width":1000,"height":1000},{"@type":"BreadcrumbList","@id":"https:\/\/vetplusglobal.com\/de\/product\/calmex-diffuser\/#breadcrumb","itemListElement":[{"@type":"ListItem","position":1,"name":"Home","item":"https:\/\/vetplusglobal.com\/de\/"},{"@type":"ListItem","position":2,"name":"Shop","item":"https:\/\/vetplusglobal.com\/de\/shop\/"},{"@type":"ListItem","position":3,"name":"CALMEX\u00ae DIFFUSER"}]},{"@type":"WebSite","@id":"https:\/\/vetplusglobal.com\/de\/#website","url":"https:\/\/vetplusglobal.com\/de\/","name":"vetplus","description":"The Global Leader in Veterinary Nutraceuticals","publisher":{"@id":"https:\/\/vetplusglobal.com\/de\/#organization"},"potentialAction":[{"@type":"SearchAction","target":{"@type":"EntryPoint","urlTemplate":"https:\/\/vetplusglobal.com\/de\/?s={search_term_string}"},"query-input":{"@type":"PropertyValueSpecification","valueRequired":true,"valueName":"search_term_string"}}],"inLanguage":"de-DE"},{"@type":"Organization","@id":"https:\/\/vetplusglobal.com\/de\/#organization","name":"VetPlus","url":"https:\/\/vetplusglobal.com\/de\/","logo":{"@type":"ImageObject","inLanguage":"de-DE","@id":"https:\/\/vetplusglobal.com\/de\/#\/schema\/logo\/image\/","url":"https:\/\/vetplusglobal.com\/wp-content\/uploads\/2024\/12\/Group-955-1.jpg","contentUrl":"https:\/\/vetplusglobal.com\/wp-content\/uploads\/2024\/12\/Group-955-1.jpg","width":696,"height":696,"caption":"VetPlus"},"image":{"@id":"https:\/\/vetplusglobal.com\/de\/#\/schema\/logo\/image\/"},"sameAs":["https:\/\/www.facebook.com\/vetplusUK\/","https:\/\/x.com\/vetplusuk"]}]}},"_links":{"self":[{"href":"https:\/\/vetplusglobal.com\/de\/wp-json\/wp\/v2\/product\/42349","targetHints":{"allow":["GET"]}}],"collection":[{"href":"https:\/\/vetplusglobal.com\/de\/wp-json\/wp\/v2\/product"}],"about":[{"href":"https:\/\/vetplusglobal.com\/de\/wp-json\/wp\/v2\/types\/product"}],"wp:featuredmedia":[{"embeddable":true,"href":"https:\/\/vetplusglobal.com\/de\/wp-json\/wp\/v2\/media\/19954"}],"wp:attachment":[{"href":"https:\/\/vetplusglobal.com\/de\/wp-json\/wp\/v2\/media?parent=42349"}],"wp:term":[{"taxonomy":"product_brand","embeddable":true,"href":"https:\/\/vetplusglobal.com\/de\/wp-json\/wp\/v2\/product_brand?post=42349"},{"taxonomy":"product_cat","embeddable":true,"href":"https:\/\/vetplusglobal.com\/de\/wp-json\/wp\/v2\/product_cat?post=42349"},{"taxonomy":"product_tag","embeddable":true,"href":"https:\/\/vetplusglobal.com\/de\/wp-json\/wp\/v2\/product_tag?post=42349"}],"curies":[{"name":"wp","href":"https:\/\/api.w.org\/{rel}","templated":true}]}}