{"id":42358,"date":"2025-02-20T11:29:05","date_gmt":"2025-02-20T11:29:05","guid":{"rendered":"https:\/\/vetplusglobal.com\/product\/kaminox-sachets\/"},"modified":"2026-05-05T12:41:32","modified_gmt":"2026-05-05T12:41:32","slug":"kaminox-sachets","status":"publish","type":"product","link":"https:\/\/vetplusglobal.com\/de\/product\/kaminox-sachets\/","title":{"rendered":"KAMINOX\u00ae SACHETS"},"content":{"rendered":"","protected":false},"excerpt":{"rendered":"<p>KAMINOX\u00ae-Beutel sind ein Nutrazeutikum f\u00fcr Hunde und Katzen zur Unterst\u00fctzung eines normalen Kaliumspiegels. Sie enthalten eine konzentrierte Kaliumquelle sowie eine Mischung aus B-Vitaminen f\u00fcr zus\u00e4tzliche Unterst\u00fctzung. Durch diese hohe Konzentration kann es f\u00fcr Tiere n\u00fctzlich sein, die von einer h\u00f6heren Kaliumerg\u00e4nzung profitieren w\u00fcrden. KAMINOX\u00ae ist auch in fl\u00fcssiger Form erh\u00e4ltlich, die f\u00fcr Katzen und kleinere Tiere besser geeignet sein kann. Die Wahl kann jedoch davon abh\u00e4ngen, welche Form f\u00fcr das einzelne Tier am besten geeignet ist, da KAMINOX\u00ae-Beutel mit einem Messl\u00f6ffel geliefert werden, der die F\u00fctterung kleiner Haustiere erleichtert, wenn diese eine Pulverform bevorzugen. Ihr Tierarzt kann Ihnen helfen, das f\u00fcr Ihr Haustier am besten geeignete Produkt zu finden.<\/p>\n","protected":false},"featured_media":18739,"template":"","meta":{"_acf_changed":false,"_oasis_is_in_workflow":0,"_oasis_original":0,"_oasis_task_priority":""},"product_brand":[],"product_cat":[1251,1249,1290],"product_tag":[],"class_list":{"0":"post-42358","1":"product","2":"type-product","3":"status-publish","4":"has-post-thumbnail","6":"product_cat-fuer-hunde","7":"product_cat-fuer-katzen","8":"product_cat-innere-organe","10":"first","11":"instock","12":"shipping-taxable","13":"product-type-simple"},"acf":[],"yoast_head":"<!-- This site is optimized with the Yoast SEO plugin v27.5 - https:\/\/yoast.com\/product\/yoast-seo-wordpress\/ -->\n<title>KAMINOX\u00ae SACHETS - vetplus<\/title>\n<meta name=\"robots\" content=\"index, follow, max-snippet:-1, max-image-preview:large, max-video-preview:-1\" \/>\n<link rel=\"canonical\" href=\"https:\/\/vetplusglobal.com\/de\/product\/kaminox-sachets\/\" \/>\n<meta property=\"og:locale\" content=\"de_DE\" \/>\n<meta property=\"og:type\" content=\"article\" \/>\n<meta property=\"og:title\" content=\"KAMINOX\u00ae SACHETS - vetplus\" \/>\n<meta property=\"og:description\" content=\"KAMINOX\u00ae-Beutel sind ein Nutrazeutikum f\u00fcr Hunde und Katzen zur Unterst\u00fctzung eines normalen Kaliumspiegels. Sie enthalten eine konzentrierte Kaliumquelle sowie eine Mischung aus B-Vitaminen f\u00fcr zus\u00e4tzliche Unterst\u00fctzung. Durch diese hohe Konzentration kann es f\u00fcr Tiere n\u00fctzlich sein, die von einer h\u00f6heren Kaliumerg\u00e4nzung profitieren w\u00fcrden. KAMINOX\u00ae ist auch in fl\u00fcssiger Form erh\u00e4ltlich, die f\u00fcr Katzen und kleinere Tiere besser geeignet sein kann. Die Wahl kann jedoch davon abh\u00e4ngen, welche Form f\u00fcr das einzelne Tier am besten geeignet ist, da KAMINOX\u00ae-Beutel mit einem Messl\u00f6ffel geliefert werden, der die F\u00fctterung kleiner Haustiere erleichtert, wenn diese eine Pulverform bevorzugen. Ihr Tierarzt kann Ihnen helfen, das f\u00fcr Ihr Haustier am besten geeignete Produkt zu finden.\" \/>\n<meta property=\"og:url\" content=\"https:\/\/vetplusglobal.com\/de\/product\/kaminox-sachets\/\" \/>\n<meta property=\"og:site_name\" content=\"vetplus\" \/>\n<meta property=\"article:publisher\" content=\"https:\/\/www.facebook.com\/vetplusUK\/\" \/>\n<meta property=\"article:modified_time\" content=\"2026-05-05T12:41:32+00:00\" \/>\n<meta property=\"og:image\" content=\"https:\/\/vetplusglobal.com\/wp-content\/uploads\/2025\/08\/KAMINOX-SACHETS.png\" \/>\n\t<meta property=\"og:image:width\" content=\"1000\" \/>\n\t<meta property=\"og:image:height\" content=\"1000\" \/>\n\t<meta property=\"og:image:type\" content=\"image\/png\" \/>\n<meta name=\"twitter:card\" content=\"summary_large_image\" \/>\n<meta name=\"twitter:site\" content=\"@vetplusuk\" \/>\n<meta name=\"twitter:label1\" content=\"Est. reading time\" \/>\n\t<meta name=\"twitter:data1\" content=\"1 minute\" \/>\n<script type=\"application\/ld+json\" class=\"yoast-schema-graph\">{\"@context\":\"https:\\\/\\\/schema.org\",\"@graph\":[{\"@type\":\"WebPage\",\"@id\":\"https:\\\/\\\/vetplusglobal.com\\\/de\\\/product\\\/kaminox-sachets\\\/\",\"url\":\"https:\\\/\\\/vetplusglobal.com\\\/de\\\/product\\\/kaminox-sachets\\\/\",\"name\":\"KAMINOX\u00ae SACHETS - vetplus\",\"isPartOf\":{\"@id\":\"https:\\\/\\\/vetplusglobal.com\\\/de\\\/#website\"},\"primaryImageOfPage\":{\"@id\":\"https:\\\/\\\/vetplusglobal.com\\\/de\\\/product\\\/kaminox-sachets\\\/#primaryimage\"},\"image\":{\"@id\":\"https:\\\/\\\/vetplusglobal.com\\\/de\\\/product\\\/kaminox-sachets\\\/#primaryimage\"},\"thumbnailUrl\":\"https:\\\/\\\/vetplusglobal.com\\\/wp-content\\\/uploads\\\/2025\\\/08\\\/KAMINOX-SACHETS.png\",\"datePublished\":\"2025-02-20T11:29:05+00:00\",\"dateModified\":\"2026-05-05T12:41:32+00:00\",\"breadcrumb\":{\"@id\":\"https:\\\/\\\/vetplusglobal.com\\\/de\\\/product\\\/kaminox-sachets\\\/#breadcrumb\"},\"inLanguage\":\"de-DE\",\"potentialAction\":[{\"@type\":\"ReadAction\",\"target\":[\"https:\\\/\\\/vetplusglobal.com\\\/de\\\/product\\\/kaminox-sachets\\\/\"]}]},{\"@type\":\"ImageObject\",\"inLanguage\":\"de-DE\",\"@id\":\"https:\\\/\\\/vetplusglobal.com\\\/de\\\/product\\\/kaminox-sachets\\\/#primaryimage\",\"url\":\"https:\\\/\\\/vetplusglobal.com\\\/wp-content\\\/uploads\\\/2025\\\/08\\\/KAMINOX-SACHETS.png\",\"contentUrl\":\"https:\\\/\\\/vetplusglobal.com\\\/wp-content\\\/uploads\\\/2025\\\/08\\\/KAMINOX-SACHETS.png\",\"width\":1000,\"height\":1000},{\"@type\":\"BreadcrumbList\",\"@id\":\"https:\\\/\\\/vetplusglobal.com\\\/de\\\/product\\\/kaminox-sachets\\\/#breadcrumb\",\"itemListElement\":[{\"@type\":\"ListItem\",\"position\":1,\"name\":\"Home\",\"item\":\"https:\\\/\\\/vetplusglobal.com\\\/de\\\/\"},{\"@type\":\"ListItem\",\"position\":2,\"name\":\"Shop\",\"item\":\"https:\\\/\\\/vetplusglobal.com\\\/de\\\/shop\\\/\"},{\"@type\":\"ListItem\",\"position\":3,\"name\":\"KAMINOX\u00ae SACHETS\"}]},{\"@type\":\"WebSite\",\"@id\":\"https:\\\/\\\/vetplusglobal.com\\\/de\\\/#website\",\"url\":\"https:\\\/\\\/vetplusglobal.com\\\/de\\\/\",\"name\":\"vetplus\",\"description\":\"The Global Leader in Veterinary Nutraceuticals\",\"publisher\":{\"@id\":\"https:\\\/\\\/vetplusglobal.com\\\/de\\\/#organization\"},\"potentialAction\":[{\"@type\":\"SearchAction\",\"target\":{\"@type\":\"EntryPoint\",\"urlTemplate\":\"https:\\\/\\\/vetplusglobal.com\\\/de\\\/?s={search_term_string}\"},\"query-input\":{\"@type\":\"PropertyValueSpecification\",\"valueRequired\":true,\"valueName\":\"search_term_string\"}}],\"inLanguage\":\"de-DE\"},{\"@type\":\"Organization\",\"@id\":\"https:\\\/\\\/vetplusglobal.com\\\/de\\\/#organization\",\"name\":\"VetPlus\",\"url\":\"https:\\\/\\\/vetplusglobal.com\\\/de\\\/\",\"logo\":{\"@type\":\"ImageObject\",\"inLanguage\":\"de-DE\",\"@id\":\"https:\\\/\\\/vetplusglobal.com\\\/de\\\/#\\\/schema\\\/logo\\\/image\\\/\",\"url\":\"https:\\\/\\\/vetplusglobal.com\\\/wp-content\\\/uploads\\\/2024\\\/12\\\/Group-955-1.jpg\",\"contentUrl\":\"https:\\\/\\\/vetplusglobal.com\\\/wp-content\\\/uploads\\\/2024\\\/12\\\/Group-955-1.jpg\",\"width\":696,\"height\":696,\"caption\":\"VetPlus\"},\"image\":{\"@id\":\"https:\\\/\\\/vetplusglobal.com\\\/de\\\/#\\\/schema\\\/logo\\\/image\\\/\"},\"sameAs\":[\"https:\\\/\\\/www.facebook.com\\\/vetplusUK\\\/\",\"https:\\\/\\\/x.com\\\/vetplusuk\"]}]}<\/script>\n<!-- \/ Yoast SEO plugin. -->","yoast_head_json":{"title":"KAMINOX\u00ae SACHETS - vetplus","robots":{"index":"index","follow":"follow","max-snippet":"max-snippet:-1","max-image-preview":"max-image-preview:large","max-video-preview":"max-video-preview:-1"},"canonical":"https:\/\/vetplusglobal.com\/de\/product\/kaminox-sachets\/","og_locale":"de_DE","og_type":"article","og_title":"KAMINOX\u00ae SACHETS - vetplus","og_description":"KAMINOX\u00ae-Beutel sind ein Nutrazeutikum f\u00fcr Hunde und Katzen zur Unterst\u00fctzung eines normalen Kaliumspiegels. Sie enthalten eine konzentrierte Kaliumquelle sowie eine Mischung aus B-Vitaminen f\u00fcr zus\u00e4tzliche Unterst\u00fctzung. Durch diese hohe Konzentration kann es f\u00fcr Tiere n\u00fctzlich sein, die von einer h\u00f6heren Kaliumerg\u00e4nzung profitieren w\u00fcrden. KAMINOX\u00ae ist auch in fl\u00fcssiger Form erh\u00e4ltlich, die f\u00fcr Katzen und kleinere Tiere besser geeignet sein kann. Die Wahl kann jedoch davon abh\u00e4ngen, welche Form f\u00fcr das einzelne Tier am besten geeignet ist, da KAMINOX\u00ae-Beutel mit einem Messl\u00f6ffel geliefert werden, der die F\u00fctterung kleiner Haustiere erleichtert, wenn diese eine Pulverform bevorzugen. Ihr Tierarzt kann Ihnen helfen, das f\u00fcr Ihr Haustier am besten geeignete Produkt zu finden.","og_url":"https:\/\/vetplusglobal.com\/de\/product\/kaminox-sachets\/","og_site_name":"vetplus","article_publisher":"https:\/\/www.facebook.com\/vetplusUK\/","article_modified_time":"2026-05-05T12:41:32+00:00","og_image":[{"width":1000,"height":1000,"url":"https:\/\/vetplusglobal.com\/wp-content\/uploads\/2025\/08\/KAMINOX-SACHETS.png","type":"image\/png"}],"twitter_card":"summary_large_image","twitter_site":"@vetplusuk","twitter_misc":{"Est. reading time":"1 minute"},"schema":{"@context":"https:\/\/schema.org","@graph":[{"@type":"WebPage","@id":"https:\/\/vetplusglobal.com\/de\/product\/kaminox-sachets\/","url":"https:\/\/vetplusglobal.com\/de\/product\/kaminox-sachets\/","name":"KAMINOX\u00ae SACHETS - vetplus","isPartOf":{"@id":"https:\/\/vetplusglobal.com\/de\/#website"},"primaryImageOfPage":{"@id":"https:\/\/vetplusglobal.com\/de\/product\/kaminox-sachets\/#primaryimage"},"image":{"@id":"https:\/\/vetplusglobal.com\/de\/product\/kaminox-sachets\/#primaryimage"},"thumbnailUrl":"https:\/\/vetplusglobal.com\/wp-content\/uploads\/2025\/08\/KAMINOX-SACHETS.png","datePublished":"2025-02-20T11:29:05+00:00","dateModified":"2026-05-05T12:41:32+00:00","breadcrumb":{"@id":"https:\/\/vetplusglobal.com\/de\/product\/kaminox-sachets\/#breadcrumb"},"inLanguage":"de-DE","potentialAction":[{"@type":"ReadAction","target":["https:\/\/vetplusglobal.com\/de\/product\/kaminox-sachets\/"]}]},{"@type":"ImageObject","inLanguage":"de-DE","@id":"https:\/\/vetplusglobal.com\/de\/product\/kaminox-sachets\/#primaryimage","url":"https:\/\/vetplusglobal.com\/wp-content\/uploads\/2025\/08\/KAMINOX-SACHETS.png","contentUrl":"https:\/\/vetplusglobal.com\/wp-content\/uploads\/2025\/08\/KAMINOX-SACHETS.png","width":1000,"height":1000},{"@type":"BreadcrumbList","@id":"https:\/\/vetplusglobal.com\/de\/product\/kaminox-sachets\/#breadcrumb","itemListElement":[{"@type":"ListItem","position":1,"name":"Home","item":"https:\/\/vetplusglobal.com\/de\/"},{"@type":"ListItem","position":2,"name":"Shop","item":"https:\/\/vetplusglobal.com\/de\/shop\/"},{"@type":"ListItem","position":3,"name":"KAMINOX\u00ae SACHETS"}]},{"@type":"WebSite","@id":"https:\/\/vetplusglobal.com\/de\/#website","url":"https:\/\/vetplusglobal.com\/de\/","name":"vetplus","description":"The Global Leader in Veterinary Nutraceuticals","publisher":{"@id":"https:\/\/vetplusglobal.com\/de\/#organization"},"potentialAction":[{"@type":"SearchAction","target":{"@type":"EntryPoint","urlTemplate":"https:\/\/vetplusglobal.com\/de\/?s={search_term_string}"},"query-input":{"@type":"PropertyValueSpecification","valueRequired":true,"valueName":"search_term_string"}}],"inLanguage":"de-DE"},{"@type":"Organization","@id":"https:\/\/vetplusglobal.com\/de\/#organization","name":"VetPlus","url":"https:\/\/vetplusglobal.com\/de\/","logo":{"@type":"ImageObject","inLanguage":"de-DE","@id":"https:\/\/vetplusglobal.com\/de\/#\/schema\/logo\/image\/","url":"https:\/\/vetplusglobal.com\/wp-content\/uploads\/2024\/12\/Group-955-1.jpg","contentUrl":"https:\/\/vetplusglobal.com\/wp-content\/uploads\/2024\/12\/Group-955-1.jpg","width":696,"height":696,"caption":"VetPlus"},"image":{"@id":"https:\/\/vetplusglobal.com\/de\/#\/schema\/logo\/image\/"},"sameAs":["https:\/\/www.facebook.com\/vetplusUK\/","https:\/\/x.com\/vetplusuk"]}]}},"_links":{"self":[{"href":"https:\/\/vetplusglobal.com\/de\/wp-json\/wp\/v2\/product\/42358","targetHints":{"allow":["GET"]}}],"collection":[{"href":"https:\/\/vetplusglobal.com\/de\/wp-json\/wp\/v2\/product"}],"about":[{"href":"https:\/\/vetplusglobal.com\/de\/wp-json\/wp\/v2\/types\/product"}],"wp:featuredmedia":[{"embeddable":true,"href":"https:\/\/vetplusglobal.com\/de\/wp-json\/wp\/v2\/media\/18739"}],"wp:attachment":[{"href":"https:\/\/vetplusglobal.com\/de\/wp-json\/wp\/v2\/media?parent=42358"}],"wp:term":[{"taxonomy":"product_brand","embeddable":true,"href":"https:\/\/vetplusglobal.com\/de\/wp-json\/wp\/v2\/product_brand?post=42358"},{"taxonomy":"product_cat","embeddable":true,"href":"https:\/\/vetplusglobal.com\/de\/wp-json\/wp\/v2\/product_cat?post=42358"},{"taxonomy":"product_tag","embeddable":true,"href":"https:\/\/vetplusglobal.com\/de\/wp-json\/wp\/v2\/product_tag?post=42358"}],"curies":[{"name":"wp","href":"https:\/\/api.w.org\/{rel}","templated":true}]}}