{"id":42368,"date":"2025-03-14T15:54:12","date_gmt":"2025-03-14T15:54:12","guid":{"rendered":"https:\/\/vetplusglobal.com\/product\/promax-small-breed\/"},"modified":"2026-03-12T14:40:39","modified_gmt":"2026-03-12T14:40:39","slug":"promax-small-breed","status":"publish","type":"product","link":"https:\/\/vetplusglobal.com\/de\/product\/promax-small-breed\/","title":{"rendered":"PROMAX\u00ae KLEINE RASSE"},"content":{"rendered":"","protected":false},"excerpt":{"rendered":"<p>PROMAX\u00ae ist ein Nutrazeutikum f\u00fcr Hunde und Katzen zur kurzfristigen Unterst\u00fctzung der Verdauungsgesundheit. Es enth\u00e4lt hochwertige Montmorillonit-Tonerde mit absorbierenden Eigenschaften, einen lebenden Stamm guter Bakterien, sogenannte Probiotika, sowie Pr\u00e4biotika, die die gesunden Darmbakterien ern\u00e4hren, und Glutamin f\u00fcr die Gesundheit der Darmzellen. Diese Inhaltsstoffe wirken zusammen, um ein gesundes Magen-Darm-System zu unterst\u00fctzen.<br \/>\nPROMAX\u00ae ist als schmackhafte Paste in rassespezifischen Spritzen mit abgemessener Tagesdosis erh\u00e4ltlich. Sie m\u00fcssen es nur einmal t\u00e4glich verabreichen, sodass Sie Ihrem Haustier ganz einfach helfen k\u00f6nnen.<\/p>\n","protected":false},"featured_media":28318,"template":"","meta":{"_acf_changed":false,"_oasis_is_in_workflow":0,"_oasis_original":0,"_oasis_task_priority":""},"product_brand":[],"product_cat":[1251,1249,1301,1311],"product_tag":[],"class_list":{"0":"post-42368","1":"product","2":"type-product","3":"status-publish","4":"has-post-thumbnail","6":"product_cat-fuer-hunde","7":"product_cat-fuer-katzen","8":"product_cat-magen-darm","9":"product_cat-promax-de","11":"first","12":"instock","13":"shipping-taxable","14":"product-type-simple"},"acf":[],"yoast_head":"<!-- This site is optimized with the Yoast SEO plugin v27.3 - https:\/\/yoast.com\/product\/yoast-seo-wordpress\/ -->\n<title>PROMAX\u00ae KLEINE RASSE - vetplus<\/title>\n<meta name=\"robots\" content=\"index, follow, max-snippet:-1, max-image-preview:large, max-video-preview:-1\" \/>\n<link rel=\"canonical\" href=\"https:\/\/vetplusglobal.com\/de\/product\/promax-small-breed\/\" \/>\n<meta property=\"og:locale\" content=\"de_DE\" \/>\n<meta property=\"og:type\" content=\"article\" \/>\n<meta property=\"og:title\" content=\"PROMAX\u00ae KLEINE RASSE - vetplus\" \/>\n<meta property=\"og:description\" content=\"PROMAX\u00ae ist ein Nutrazeutikum f\u00fcr Hunde und Katzen zur kurzfristigen Unterst\u00fctzung der Verdauungsgesundheit. Es enth\u00e4lt hochwertige Montmorillonit-Tonerde mit absorbierenden Eigenschaften, einen lebenden Stamm guter Bakterien, sogenannte Probiotika, sowie Pr\u00e4biotika, die die gesunden Darmbakterien ern\u00e4hren, und Glutamin f\u00fcr die Gesundheit der Darmzellen. Diese Inhaltsstoffe wirken zusammen, um ein gesundes Magen-Darm-System zu unterst\u00fctzen. PROMAX\u00ae ist als schmackhafte Paste in rassespezifischen Spritzen mit abgemessener Tagesdosis erh\u00e4ltlich. Sie m\u00fcssen es nur einmal t\u00e4glich verabreichen, sodass Sie Ihrem Haustier ganz einfach helfen k\u00f6nnen.\" \/>\n<meta property=\"og:url\" content=\"https:\/\/vetplusglobal.com\/de\/product\/promax-small-breed\/\" \/>\n<meta property=\"og:site_name\" content=\"vetplus\" \/>\n<meta property=\"article:publisher\" content=\"https:\/\/www.facebook.com\/vetplusUK\/\" \/>\n<meta property=\"article:modified_time\" content=\"2026-03-12T14:40:39+00:00\" \/>\n<meta property=\"og:image\" content=\"https:\/\/vetplusglobal.com\/wp-content\/uploads\/2025\/03\/SM.jpg\" \/>\n\t<meta property=\"og:image:width\" content=\"1000\" \/>\n\t<meta property=\"og:image:height\" content=\"1000\" \/>\n\t<meta property=\"og:image:type\" content=\"image\/jpeg\" \/>\n<meta name=\"twitter:card\" content=\"summary_large_image\" \/>\n<meta name=\"twitter:site\" content=\"@vetplusuk\" \/>\n<meta name=\"twitter:label1\" content=\"Est. reading time\" \/>\n\t<meta name=\"twitter:data1\" content=\"1 minute\" \/>\n<script type=\"application\/ld+json\" class=\"yoast-schema-graph\">{\"@context\":\"https:\\\/\\\/schema.org\",\"@graph\":[{\"@type\":\"WebPage\",\"@id\":\"https:\\\/\\\/vetplusglobal.com\\\/de\\\/product\\\/promax-small-breed\\\/\",\"url\":\"https:\\\/\\\/vetplusglobal.com\\\/de\\\/product\\\/promax-small-breed\\\/\",\"name\":\"PROMAX\u00ae KLEINE RASSE - vetplus\",\"isPartOf\":{\"@id\":\"https:\\\/\\\/vetplusglobal.com\\\/de\\\/#website\"},\"primaryImageOfPage\":{\"@id\":\"https:\\\/\\\/vetplusglobal.com\\\/de\\\/product\\\/promax-small-breed\\\/#primaryimage\"},\"image\":{\"@id\":\"https:\\\/\\\/vetplusglobal.com\\\/de\\\/product\\\/promax-small-breed\\\/#primaryimage\"},\"thumbnailUrl\":\"https:\\\/\\\/vetplusglobal.com\\\/wp-content\\\/uploads\\\/2025\\\/03\\\/SM.jpg\",\"datePublished\":\"2025-03-14T15:54:12+00:00\",\"dateModified\":\"2026-03-12T14:40:39+00:00\",\"breadcrumb\":{\"@id\":\"https:\\\/\\\/vetplusglobal.com\\\/de\\\/product\\\/promax-small-breed\\\/#breadcrumb\"},\"inLanguage\":\"de-DE\",\"potentialAction\":[{\"@type\":\"ReadAction\",\"target\":[\"https:\\\/\\\/vetplusglobal.com\\\/de\\\/product\\\/promax-small-breed\\\/\"]}]},{\"@type\":\"ImageObject\",\"inLanguage\":\"de-DE\",\"@id\":\"https:\\\/\\\/vetplusglobal.com\\\/de\\\/product\\\/promax-small-breed\\\/#primaryimage\",\"url\":\"https:\\\/\\\/vetplusglobal.com\\\/wp-content\\\/uploads\\\/2025\\\/03\\\/SM.jpg\",\"contentUrl\":\"https:\\\/\\\/vetplusglobal.com\\\/wp-content\\\/uploads\\\/2025\\\/03\\\/SM.jpg\",\"width\":1000,\"height\":1000},{\"@type\":\"BreadcrumbList\",\"@id\":\"https:\\\/\\\/vetplusglobal.com\\\/de\\\/product\\\/promax-small-breed\\\/#breadcrumb\",\"itemListElement\":[{\"@type\":\"ListItem\",\"position\":1,\"name\":\"Home\",\"item\":\"https:\\\/\\\/vetplusglobal.com\\\/de\\\/\"},{\"@type\":\"ListItem\",\"position\":2,\"name\":\"Shop\",\"item\":\"https:\\\/\\\/vetplusglobal.com\\\/shop\\\/\"},{\"@type\":\"ListItem\",\"position\":3,\"name\":\"PROMAX\u00ae KLEINE RASSE\"}]},{\"@type\":\"WebSite\",\"@id\":\"https:\\\/\\\/vetplusglobal.com\\\/de\\\/#website\",\"url\":\"https:\\\/\\\/vetplusglobal.com\\\/de\\\/\",\"name\":\"vetplus\",\"description\":\"The Global Leader in Veterinary Nutraceuticals\",\"publisher\":{\"@id\":\"https:\\\/\\\/vetplusglobal.com\\\/de\\\/#organization\"},\"potentialAction\":[{\"@type\":\"SearchAction\",\"target\":{\"@type\":\"EntryPoint\",\"urlTemplate\":\"https:\\\/\\\/vetplusglobal.com\\\/de\\\/?s={search_term_string}\"},\"query-input\":{\"@type\":\"PropertyValueSpecification\",\"valueRequired\":true,\"valueName\":\"search_term_string\"}}],\"inLanguage\":\"de-DE\"},{\"@type\":\"Organization\",\"@id\":\"https:\\\/\\\/vetplusglobal.com\\\/de\\\/#organization\",\"name\":\"VetPlus\",\"url\":\"https:\\\/\\\/vetplusglobal.com\\\/de\\\/\",\"logo\":{\"@type\":\"ImageObject\",\"inLanguage\":\"de-DE\",\"@id\":\"https:\\\/\\\/vetplusglobal.com\\\/de\\\/#\\\/schema\\\/logo\\\/image\\\/\",\"url\":\"https:\\\/\\\/vetplusglobal.com\\\/wp-content\\\/uploads\\\/2024\\\/12\\\/Group-955-1.jpg\",\"contentUrl\":\"https:\\\/\\\/vetplusglobal.com\\\/wp-content\\\/uploads\\\/2024\\\/12\\\/Group-955-1.jpg\",\"width\":696,\"height\":696,\"caption\":\"VetPlus\"},\"image\":{\"@id\":\"https:\\\/\\\/vetplusglobal.com\\\/de\\\/#\\\/schema\\\/logo\\\/image\\\/\"},\"sameAs\":[\"https:\\\/\\\/www.facebook.com\\\/vetplusUK\\\/\",\"https:\\\/\\\/x.com\\\/vetplusuk\"]}]}<\/script>\n<!-- \/ Yoast SEO plugin. -->","yoast_head_json":{"title":"PROMAX\u00ae KLEINE RASSE - vetplus","robots":{"index":"index","follow":"follow","max-snippet":"max-snippet:-1","max-image-preview":"max-image-preview:large","max-video-preview":"max-video-preview:-1"},"canonical":"https:\/\/vetplusglobal.com\/de\/product\/promax-small-breed\/","og_locale":"de_DE","og_type":"article","og_title":"PROMAX\u00ae KLEINE RASSE - vetplus","og_description":"PROMAX\u00ae ist ein Nutrazeutikum f\u00fcr Hunde und Katzen zur kurzfristigen Unterst\u00fctzung der Verdauungsgesundheit. Es enth\u00e4lt hochwertige Montmorillonit-Tonerde mit absorbierenden Eigenschaften, einen lebenden Stamm guter Bakterien, sogenannte Probiotika, sowie Pr\u00e4biotika, die die gesunden Darmbakterien ern\u00e4hren, und Glutamin f\u00fcr die Gesundheit der Darmzellen. Diese Inhaltsstoffe wirken zusammen, um ein gesundes Magen-Darm-System zu unterst\u00fctzen. PROMAX\u00ae ist als schmackhafte Paste in rassespezifischen Spritzen mit abgemessener Tagesdosis erh\u00e4ltlich. Sie m\u00fcssen es nur einmal t\u00e4glich verabreichen, sodass Sie Ihrem Haustier ganz einfach helfen k\u00f6nnen.","og_url":"https:\/\/vetplusglobal.com\/de\/product\/promax-small-breed\/","og_site_name":"vetplus","article_publisher":"https:\/\/www.facebook.com\/vetplusUK\/","article_modified_time":"2026-03-12T14:40:39+00:00","og_image":[{"width":1000,"height":1000,"url":"https:\/\/vetplusglobal.com\/wp-content\/uploads\/2025\/03\/SM.jpg","type":"image\/jpeg"}],"twitter_card":"summary_large_image","twitter_site":"@vetplusuk","twitter_misc":{"Est. reading time":"1 minute"},"schema":{"@context":"https:\/\/schema.org","@graph":[{"@type":"WebPage","@id":"https:\/\/vetplusglobal.com\/de\/product\/promax-small-breed\/","url":"https:\/\/vetplusglobal.com\/de\/product\/promax-small-breed\/","name":"PROMAX\u00ae KLEINE RASSE - vetplus","isPartOf":{"@id":"https:\/\/vetplusglobal.com\/de\/#website"},"primaryImageOfPage":{"@id":"https:\/\/vetplusglobal.com\/de\/product\/promax-small-breed\/#primaryimage"},"image":{"@id":"https:\/\/vetplusglobal.com\/de\/product\/promax-small-breed\/#primaryimage"},"thumbnailUrl":"https:\/\/vetplusglobal.com\/wp-content\/uploads\/2025\/03\/SM.jpg","datePublished":"2025-03-14T15:54:12+00:00","dateModified":"2026-03-12T14:40:39+00:00","breadcrumb":{"@id":"https:\/\/vetplusglobal.com\/de\/product\/promax-small-breed\/#breadcrumb"},"inLanguage":"de-DE","potentialAction":[{"@type":"ReadAction","target":["https:\/\/vetplusglobal.com\/de\/product\/promax-small-breed\/"]}]},{"@type":"ImageObject","inLanguage":"de-DE","@id":"https:\/\/vetplusglobal.com\/de\/product\/promax-small-breed\/#primaryimage","url":"https:\/\/vetplusglobal.com\/wp-content\/uploads\/2025\/03\/SM.jpg","contentUrl":"https:\/\/vetplusglobal.com\/wp-content\/uploads\/2025\/03\/SM.jpg","width":1000,"height":1000},{"@type":"BreadcrumbList","@id":"https:\/\/vetplusglobal.com\/de\/product\/promax-small-breed\/#breadcrumb","itemListElement":[{"@type":"ListItem","position":1,"name":"Home","item":"https:\/\/vetplusglobal.com\/de\/"},{"@type":"ListItem","position":2,"name":"Shop","item":"https:\/\/vetplusglobal.com\/shop\/"},{"@type":"ListItem","position":3,"name":"PROMAX\u00ae KLEINE RASSE"}]},{"@type":"WebSite","@id":"https:\/\/vetplusglobal.com\/de\/#website","url":"https:\/\/vetplusglobal.com\/de\/","name":"vetplus","description":"The Global Leader in Veterinary Nutraceuticals","publisher":{"@id":"https:\/\/vetplusglobal.com\/de\/#organization"},"potentialAction":[{"@type":"SearchAction","target":{"@type":"EntryPoint","urlTemplate":"https:\/\/vetplusglobal.com\/de\/?s={search_term_string}"},"query-input":{"@type":"PropertyValueSpecification","valueRequired":true,"valueName":"search_term_string"}}],"inLanguage":"de-DE"},{"@type":"Organization","@id":"https:\/\/vetplusglobal.com\/de\/#organization","name":"VetPlus","url":"https:\/\/vetplusglobal.com\/de\/","logo":{"@type":"ImageObject","inLanguage":"de-DE","@id":"https:\/\/vetplusglobal.com\/de\/#\/schema\/logo\/image\/","url":"https:\/\/vetplusglobal.com\/wp-content\/uploads\/2024\/12\/Group-955-1.jpg","contentUrl":"https:\/\/vetplusglobal.com\/wp-content\/uploads\/2024\/12\/Group-955-1.jpg","width":696,"height":696,"caption":"VetPlus"},"image":{"@id":"https:\/\/vetplusglobal.com\/de\/#\/schema\/logo\/image\/"},"sameAs":["https:\/\/www.facebook.com\/vetplusUK\/","https:\/\/x.com\/vetplusuk"]}]}},"_links":{"self":[{"href":"https:\/\/vetplusglobal.com\/de\/wp-json\/wp\/v2\/product\/42368","targetHints":{"allow":["GET"]}}],"collection":[{"href":"https:\/\/vetplusglobal.com\/de\/wp-json\/wp\/v2\/product"}],"about":[{"href":"https:\/\/vetplusglobal.com\/de\/wp-json\/wp\/v2\/types\/product"}],"wp:featuredmedia":[{"embeddable":true,"href":"https:\/\/vetplusglobal.com\/de\/wp-json\/wp\/v2\/media\/28318"}],"wp:attachment":[{"href":"https:\/\/vetplusglobal.com\/de\/wp-json\/wp\/v2\/media?parent=42368"}],"wp:term":[{"taxonomy":"product_brand","embeddable":true,"href":"https:\/\/vetplusglobal.com\/de\/wp-json\/wp\/v2\/product_brand?post=42368"},{"taxonomy":"product_cat","embeddable":true,"href":"https:\/\/vetplusglobal.com\/de\/wp-json\/wp\/v2\/product_cat?post=42368"},{"taxonomy":"product_tag","embeddable":true,"href":"https:\/\/vetplusglobal.com\/de\/wp-json\/wp\/v2\/product_tag?post=42368"}],"curies":[{"name":"wp","href":"https:\/\/api.w.org\/{rel}","templated":true}]}}