{"id":42370,"date":"2025-01-16T09:15:20","date_gmt":"2025-01-16T09:15:20","guid":{"rendered":"https:\/\/vetplusglobal.com\/product\/sustain-for-cats\/"},"modified":"2026-03-12T14:49:06","modified_gmt":"2026-03-12T14:49:06","slug":"sustain-for-cats","status":"publish","type":"product","link":"https:\/\/vetplusglobal.com\/de\/product\/sustain-for-cats\/","title":{"rendered":"SUSTAIN\u00ae F\u00dcR KATZEN"},"content":{"rendered":"","protected":false},"excerpt":{"rendered":"<p>SUSTAIN\u00ae F\u00dcR KATZEN ist ein Nutrazeutikum zur Unterst\u00fctzung der langfristigen Darm- und Immungesundheit. Der Darm Ihrer Katze beherbergt Billionen von guten Bakterien, die als Mikrobiota bezeichnet werden. SUSTAIN\u00ae F\u00dcR KATZEN enth\u00e4lt ein Probiotikum sowie ein Pr\u00e4biotikum, Inulin und ein Postbiotikum, das aus der Hefe Saccharomyces cerevisiae gewonnen wird. Probiotika sind lebende Bakterien und Pr\u00e4biotika sind Nahrung f\u00fcr die guten Bakterien im Darm. Postbiotika sind inaktivierte Mikroorganismen und deren Nebenprodukte. Sie unterst\u00fctzen nachweislich das Immunsystem und tragen zur Erhaltung einer gesunden Darmflora bei. Neben diesen wichtigen Inhaltsstoffen enth\u00e4lt SUSTAIN\u00ae F\u00dcR KATZEN auch Beta-Glucane, die ebenfalls ein gesundes Immunsystem unterst\u00fctzen k\u00f6nnen. Dank dieser einzigartigen Rezeptur kann das Produkt in einer Vielzahl von Situationen von Nutzen sein.<br \/>\nSUSTAIN\u00ae F\u00dcR KATZEN ist als schmackhaftes Pulver in einzelnen Beuteln erh\u00e4ltlich, die sich leicht an Katzen verf\u00fcttern lassen. Es ist zum Mischen mit dem Futter vorgesehen.<\/p>\n","protected":false},"featured_media":19613,"template":"","meta":{"_acf_changed":false,"_oasis_is_in_workflow":0,"_oasis_original":0,"_oasis_task_priority":""},"product_brand":[],"product_cat":[1249,1301],"product_tag":[],"class_list":{"0":"post-42370","1":"product","2":"type-product","3":"status-publish","4":"has-post-thumbnail","6":"product_cat-fuer-katzen","7":"product_cat-magen-darm","9":"first","10":"instock","11":"shipping-taxable","12":"product-type-simple"},"acf":[],"yoast_head":"<!-- This site is optimized with the Yoast SEO plugin v27.3 - https:\/\/yoast.com\/product\/yoast-seo-wordpress\/ -->\n<title>SUSTAIN\u00ae F\u00dcR KATZEN - vetplus<\/title>\n<meta name=\"robots\" content=\"index, follow, max-snippet:-1, max-image-preview:large, max-video-preview:-1\" \/>\n<link rel=\"canonical\" href=\"https:\/\/vetplusglobal.com\/de\/product\/sustain-for-cats\/\" \/>\n<meta property=\"og:locale\" content=\"de_DE\" \/>\n<meta property=\"og:type\" content=\"article\" \/>\n<meta property=\"og:title\" content=\"SUSTAIN\u00ae F\u00dcR KATZEN - vetplus\" \/>\n<meta property=\"og:description\" content=\"SUSTAIN\u00ae F\u00dcR KATZEN ist ein Nutrazeutikum zur Unterst\u00fctzung der langfristigen Darm- und Immungesundheit. Der Darm Ihrer Katze beherbergt Billionen von guten Bakterien, die als Mikrobiota bezeichnet werden. SUSTAIN\u00ae F\u00dcR KATZEN enth\u00e4lt ein Probiotikum sowie ein Pr\u00e4biotikum, Inulin und ein Postbiotikum, das aus der Hefe Saccharomyces cerevisiae gewonnen wird. Probiotika sind lebende Bakterien und Pr\u00e4biotika sind Nahrung f\u00fcr die guten Bakterien im Darm. Postbiotika sind inaktivierte Mikroorganismen und deren Nebenprodukte. Sie unterst\u00fctzen nachweislich das Immunsystem und tragen zur Erhaltung einer gesunden Darmflora bei. Neben diesen wichtigen Inhaltsstoffen enth\u00e4lt SUSTAIN\u00ae F\u00dcR KATZEN auch Beta-Glucane, die ebenfalls ein gesundes Immunsystem unterst\u00fctzen k\u00f6nnen. Dank dieser einzigartigen Rezeptur kann das Produkt in einer Vielzahl von Situationen von Nutzen sein. SUSTAIN\u00ae F\u00dcR KATZEN ist als schmackhaftes Pulver in einzelnen Beuteln erh\u00e4ltlich, die sich leicht an Katzen verf\u00fcttern lassen. Es ist zum Mischen mit dem Futter vorgesehen.\" \/>\n<meta property=\"og:url\" content=\"https:\/\/vetplusglobal.com\/de\/product\/sustain-for-cats\/\" \/>\n<meta property=\"og:site_name\" content=\"vetplus\" \/>\n<meta property=\"article:publisher\" content=\"https:\/\/www.facebook.com\/vetplusUK\/\" \/>\n<meta property=\"article:modified_time\" content=\"2026-03-12T14:49:06+00:00\" \/>\n<meta property=\"og:image\" content=\"https:\/\/vetplusglobal.com\/wp-content\/uploads\/2025\/08\/SUSTAIN-FOR-CATS.png\" \/>\n\t<meta property=\"og:image:width\" content=\"1000\" \/>\n\t<meta property=\"og:image:height\" content=\"1000\" \/>\n\t<meta property=\"og:image:type\" content=\"image\/png\" \/>\n<meta name=\"twitter:card\" content=\"summary_large_image\" \/>\n<meta name=\"twitter:site\" content=\"@vetplusuk\" \/>\n<meta name=\"twitter:label1\" content=\"Est. reading time\" \/>\n\t<meta name=\"twitter:data1\" content=\"1 minute\" \/>\n<script type=\"application\/ld+json\" class=\"yoast-schema-graph\">{\"@context\":\"https:\\\/\\\/schema.org\",\"@graph\":[{\"@type\":\"WebPage\",\"@id\":\"https:\\\/\\\/vetplusglobal.com\\\/de\\\/product\\\/sustain-for-cats\\\/\",\"url\":\"https:\\\/\\\/vetplusglobal.com\\\/de\\\/product\\\/sustain-for-cats\\\/\",\"name\":\"SUSTAIN\u00ae F\u00dcR KATZEN - vetplus\",\"isPartOf\":{\"@id\":\"https:\\\/\\\/vetplusglobal.com\\\/de\\\/#website\"},\"primaryImageOfPage\":{\"@id\":\"https:\\\/\\\/vetplusglobal.com\\\/de\\\/product\\\/sustain-for-cats\\\/#primaryimage\"},\"image\":{\"@id\":\"https:\\\/\\\/vetplusglobal.com\\\/de\\\/product\\\/sustain-for-cats\\\/#primaryimage\"},\"thumbnailUrl\":\"https:\\\/\\\/vetplusglobal.com\\\/wp-content\\\/uploads\\\/2025\\\/08\\\/SUSTAIN-FOR-CATS.png\",\"datePublished\":\"2025-01-16T09:15:20+00:00\",\"dateModified\":\"2026-03-12T14:49:06+00:00\",\"breadcrumb\":{\"@id\":\"https:\\\/\\\/vetplusglobal.com\\\/de\\\/product\\\/sustain-for-cats\\\/#breadcrumb\"},\"inLanguage\":\"de-DE\",\"potentialAction\":[{\"@type\":\"ReadAction\",\"target\":[\"https:\\\/\\\/vetplusglobal.com\\\/de\\\/product\\\/sustain-for-cats\\\/\"]}]},{\"@type\":\"ImageObject\",\"inLanguage\":\"de-DE\",\"@id\":\"https:\\\/\\\/vetplusglobal.com\\\/de\\\/product\\\/sustain-for-cats\\\/#primaryimage\",\"url\":\"https:\\\/\\\/vetplusglobal.com\\\/wp-content\\\/uploads\\\/2025\\\/08\\\/SUSTAIN-FOR-CATS.png\",\"contentUrl\":\"https:\\\/\\\/vetplusglobal.com\\\/wp-content\\\/uploads\\\/2025\\\/08\\\/SUSTAIN-FOR-CATS.png\",\"width\":1000,\"height\":1000},{\"@type\":\"BreadcrumbList\",\"@id\":\"https:\\\/\\\/vetplusglobal.com\\\/de\\\/product\\\/sustain-for-cats\\\/#breadcrumb\",\"itemListElement\":[{\"@type\":\"ListItem\",\"position\":1,\"name\":\"Home\",\"item\":\"https:\\\/\\\/vetplusglobal.com\\\/de\\\/\"},{\"@type\":\"ListItem\",\"position\":2,\"name\":\"Shop\",\"item\":\"https:\\\/\\\/vetplusglobal.com\\\/shop\\\/\"},{\"@type\":\"ListItem\",\"position\":3,\"name\":\"SUSTAIN\u00ae F\u00dcR KATZEN\"}]},{\"@type\":\"WebSite\",\"@id\":\"https:\\\/\\\/vetplusglobal.com\\\/de\\\/#website\",\"url\":\"https:\\\/\\\/vetplusglobal.com\\\/de\\\/\",\"name\":\"vetplus\",\"description\":\"The Global Leader in Veterinary Nutraceuticals\",\"publisher\":{\"@id\":\"https:\\\/\\\/vetplusglobal.com\\\/de\\\/#organization\"},\"potentialAction\":[{\"@type\":\"SearchAction\",\"target\":{\"@type\":\"EntryPoint\",\"urlTemplate\":\"https:\\\/\\\/vetplusglobal.com\\\/de\\\/?s={search_term_string}\"},\"query-input\":{\"@type\":\"PropertyValueSpecification\",\"valueRequired\":true,\"valueName\":\"search_term_string\"}}],\"inLanguage\":\"de-DE\"},{\"@type\":\"Organization\",\"@id\":\"https:\\\/\\\/vetplusglobal.com\\\/de\\\/#organization\",\"name\":\"VetPlus\",\"url\":\"https:\\\/\\\/vetplusglobal.com\\\/de\\\/\",\"logo\":{\"@type\":\"ImageObject\",\"inLanguage\":\"de-DE\",\"@id\":\"https:\\\/\\\/vetplusglobal.com\\\/de\\\/#\\\/schema\\\/logo\\\/image\\\/\",\"url\":\"https:\\\/\\\/vetplusglobal.com\\\/wp-content\\\/uploads\\\/2024\\\/12\\\/Group-955-1.jpg\",\"contentUrl\":\"https:\\\/\\\/vetplusglobal.com\\\/wp-content\\\/uploads\\\/2024\\\/12\\\/Group-955-1.jpg\",\"width\":696,\"height\":696,\"caption\":\"VetPlus\"},\"image\":{\"@id\":\"https:\\\/\\\/vetplusglobal.com\\\/de\\\/#\\\/schema\\\/logo\\\/image\\\/\"},\"sameAs\":[\"https:\\\/\\\/www.facebook.com\\\/vetplusUK\\\/\",\"https:\\\/\\\/x.com\\\/vetplusuk\"]}]}<\/script>\n<!-- \/ Yoast SEO plugin. -->","yoast_head_json":{"title":"SUSTAIN\u00ae F\u00dcR KATZEN - vetplus","robots":{"index":"index","follow":"follow","max-snippet":"max-snippet:-1","max-image-preview":"max-image-preview:large","max-video-preview":"max-video-preview:-1"},"canonical":"https:\/\/vetplusglobal.com\/de\/product\/sustain-for-cats\/","og_locale":"de_DE","og_type":"article","og_title":"SUSTAIN\u00ae F\u00dcR KATZEN - vetplus","og_description":"SUSTAIN\u00ae F\u00dcR KATZEN ist ein Nutrazeutikum zur Unterst\u00fctzung der langfristigen Darm- und Immungesundheit. Der Darm Ihrer Katze beherbergt Billionen von guten Bakterien, die als Mikrobiota bezeichnet werden. SUSTAIN\u00ae F\u00dcR KATZEN enth\u00e4lt ein Probiotikum sowie ein Pr\u00e4biotikum, Inulin und ein Postbiotikum, das aus der Hefe Saccharomyces cerevisiae gewonnen wird. Probiotika sind lebende Bakterien und Pr\u00e4biotika sind Nahrung f\u00fcr die guten Bakterien im Darm. Postbiotika sind inaktivierte Mikroorganismen und deren Nebenprodukte. Sie unterst\u00fctzen nachweislich das Immunsystem und tragen zur Erhaltung einer gesunden Darmflora bei. Neben diesen wichtigen Inhaltsstoffen enth\u00e4lt SUSTAIN\u00ae F\u00dcR KATZEN auch Beta-Glucane, die ebenfalls ein gesundes Immunsystem unterst\u00fctzen k\u00f6nnen. Dank dieser einzigartigen Rezeptur kann das Produkt in einer Vielzahl von Situationen von Nutzen sein. SUSTAIN\u00ae F\u00dcR KATZEN ist als schmackhaftes Pulver in einzelnen Beuteln erh\u00e4ltlich, die sich leicht an Katzen verf\u00fcttern lassen. Es ist zum Mischen mit dem Futter vorgesehen.","og_url":"https:\/\/vetplusglobal.com\/de\/product\/sustain-for-cats\/","og_site_name":"vetplus","article_publisher":"https:\/\/www.facebook.com\/vetplusUK\/","article_modified_time":"2026-03-12T14:49:06+00:00","og_image":[{"width":1000,"height":1000,"url":"https:\/\/vetplusglobal.com\/wp-content\/uploads\/2025\/08\/SUSTAIN-FOR-CATS.png","type":"image\/png"}],"twitter_card":"summary_large_image","twitter_site":"@vetplusuk","twitter_misc":{"Est. reading time":"1 minute"},"schema":{"@context":"https:\/\/schema.org","@graph":[{"@type":"WebPage","@id":"https:\/\/vetplusglobal.com\/de\/product\/sustain-for-cats\/","url":"https:\/\/vetplusglobal.com\/de\/product\/sustain-for-cats\/","name":"SUSTAIN\u00ae F\u00dcR KATZEN - vetplus","isPartOf":{"@id":"https:\/\/vetplusglobal.com\/de\/#website"},"primaryImageOfPage":{"@id":"https:\/\/vetplusglobal.com\/de\/product\/sustain-for-cats\/#primaryimage"},"image":{"@id":"https:\/\/vetplusglobal.com\/de\/product\/sustain-for-cats\/#primaryimage"},"thumbnailUrl":"https:\/\/vetplusglobal.com\/wp-content\/uploads\/2025\/08\/SUSTAIN-FOR-CATS.png","datePublished":"2025-01-16T09:15:20+00:00","dateModified":"2026-03-12T14:49:06+00:00","breadcrumb":{"@id":"https:\/\/vetplusglobal.com\/de\/product\/sustain-for-cats\/#breadcrumb"},"inLanguage":"de-DE","potentialAction":[{"@type":"ReadAction","target":["https:\/\/vetplusglobal.com\/de\/product\/sustain-for-cats\/"]}]},{"@type":"ImageObject","inLanguage":"de-DE","@id":"https:\/\/vetplusglobal.com\/de\/product\/sustain-for-cats\/#primaryimage","url":"https:\/\/vetplusglobal.com\/wp-content\/uploads\/2025\/08\/SUSTAIN-FOR-CATS.png","contentUrl":"https:\/\/vetplusglobal.com\/wp-content\/uploads\/2025\/08\/SUSTAIN-FOR-CATS.png","width":1000,"height":1000},{"@type":"BreadcrumbList","@id":"https:\/\/vetplusglobal.com\/de\/product\/sustain-for-cats\/#breadcrumb","itemListElement":[{"@type":"ListItem","position":1,"name":"Home","item":"https:\/\/vetplusglobal.com\/de\/"},{"@type":"ListItem","position":2,"name":"Shop","item":"https:\/\/vetplusglobal.com\/shop\/"},{"@type":"ListItem","position":3,"name":"SUSTAIN\u00ae F\u00dcR KATZEN"}]},{"@type":"WebSite","@id":"https:\/\/vetplusglobal.com\/de\/#website","url":"https:\/\/vetplusglobal.com\/de\/","name":"vetplus","description":"The Global Leader in Veterinary Nutraceuticals","publisher":{"@id":"https:\/\/vetplusglobal.com\/de\/#organization"},"potentialAction":[{"@type":"SearchAction","target":{"@type":"EntryPoint","urlTemplate":"https:\/\/vetplusglobal.com\/de\/?s={search_term_string}"},"query-input":{"@type":"PropertyValueSpecification","valueRequired":true,"valueName":"search_term_string"}}],"inLanguage":"de-DE"},{"@type":"Organization","@id":"https:\/\/vetplusglobal.com\/de\/#organization","name":"VetPlus","url":"https:\/\/vetplusglobal.com\/de\/","logo":{"@type":"ImageObject","inLanguage":"de-DE","@id":"https:\/\/vetplusglobal.com\/de\/#\/schema\/logo\/image\/","url":"https:\/\/vetplusglobal.com\/wp-content\/uploads\/2024\/12\/Group-955-1.jpg","contentUrl":"https:\/\/vetplusglobal.com\/wp-content\/uploads\/2024\/12\/Group-955-1.jpg","width":696,"height":696,"caption":"VetPlus"},"image":{"@id":"https:\/\/vetplusglobal.com\/de\/#\/schema\/logo\/image\/"},"sameAs":["https:\/\/www.facebook.com\/vetplusUK\/","https:\/\/x.com\/vetplusuk"]}]}},"_links":{"self":[{"href":"https:\/\/vetplusglobal.com\/de\/wp-json\/wp\/v2\/product\/42370","targetHints":{"allow":["GET"]}}],"collection":[{"href":"https:\/\/vetplusglobal.com\/de\/wp-json\/wp\/v2\/product"}],"about":[{"href":"https:\/\/vetplusglobal.com\/de\/wp-json\/wp\/v2\/types\/product"}],"wp:featuredmedia":[{"embeddable":true,"href":"https:\/\/vetplusglobal.com\/de\/wp-json\/wp\/v2\/media\/19613"}],"wp:attachment":[{"href":"https:\/\/vetplusglobal.com\/de\/wp-json\/wp\/v2\/media?parent=42370"}],"wp:term":[{"taxonomy":"product_brand","embeddable":true,"href":"https:\/\/vetplusglobal.com\/de\/wp-json\/wp\/v2\/product_brand?post=42370"},{"taxonomy":"product_cat","embeddable":true,"href":"https:\/\/vetplusglobal.com\/de\/wp-json\/wp\/v2\/product_cat?post=42370"},{"taxonomy":"product_tag","embeddable":true,"href":"https:\/\/vetplusglobal.com\/de\/wp-json\/wp\/v2\/product_tag?post=42370"}],"curies":[{"name":"wp","href":"https:\/\/api.w.org\/{rel}","templated":true}]}}