{"id":42377,"date":"2025-04-22T16:32:14","date_gmt":"2025-04-22T16:32:14","guid":{"rendered":"https:\/\/vetplusglobal.com\/product\/coatex-pump\/"},"modified":"2026-03-13T08:30:50","modified_gmt":"2026-03-13T08:30:50","slug":"coatex-pump","status":"publish","type":"product","link":"https:\/\/vetplusglobal.com\/de\/product\/coatex-pump\/","title":{"rendered":"COATEX\u00ae \u2013 Pumpspray"},"content":{"rendered":"","protected":false},"excerpt":{"rendered":"<p>COATEX\u00ae ist ein Nutrazeutikum, das eine spezielle Mischung aus essentiellen Fetts\u00e4uren (EFAs) Omega 3 und 6 sowie die Vitamine A, D und E enth\u00e4lt. Die Omega-6-Fetts\u00e4ure Linols\u00e4ure (LA) unterst\u00fctzt die Gesundheit der Haut, w\u00e4hrend die Omega-3-EFAs DHA und EPA zusammen mit der Omega-6-Fetts\u00e4ure Gamma-Linolens\u00e4ure (GLA) die nat\u00fcrlichen Systeme zur Bek\u00e4mpfung von Entz\u00fcndungen unterst\u00fctzen.<br \/>\nCOATEX\u00ae ist ein \u00d6lprodukt, das in einer Airless-Pumpe oder in Blisterkapseln erh\u00e4ltlich ist, um die Frische zu gew\u00e4hrleisten. Die Wahl zwischen einer Pumpe oder Kapseln macht die F\u00fctterung sowohl f\u00fcr Hunde als auch f\u00fcr Katzen so einfach wie m\u00f6glich.<\/p>\n","protected":false},"featured_media":46203,"template":"","meta":{"_acf_changed":false,"_oasis_is_in_workflow":0,"_oasis_original":0,"_oasis_task_priority":""},"product_brand":[],"product_cat":[1251,1249,1329],"product_tag":[],"class_list":{"0":"post-42377","1":"product","2":"type-product","3":"status-publish","4":"has-post-thumbnail","6":"product_cat-fuer-hunde","7":"product_cat-fuer-katzen","8":"product_cat-haut-fell","10":"first","11":"instock","12":"shipping-taxable","13":"product-type-simple"},"acf":[],"yoast_head":"<!-- This site is optimized with the Yoast SEO plugin v27.4 - https:\/\/yoast.com\/product\/yoast-seo-wordpress\/ -->\n<title>COATEX\u00ae \u2013 Pumpspray - vetplus<\/title>\n<meta name=\"robots\" content=\"index, follow, max-snippet:-1, max-image-preview:large, max-video-preview:-1\" \/>\n<link rel=\"canonical\" href=\"https:\/\/vetplusglobal.com\/de\/product\/coatex-pump\/\" \/>\n<meta property=\"og:locale\" content=\"de_DE\" \/>\n<meta property=\"og:type\" content=\"article\" \/>\n<meta property=\"og:title\" content=\"COATEX\u00ae \u2013 Pumpspray - vetplus\" \/>\n<meta property=\"og:description\" content=\"COATEX\u00ae ist ein Nutrazeutikum, das eine spezielle Mischung aus essentiellen Fetts\u00e4uren (EFAs) Omega 3 und 6 sowie die Vitamine A, D und E enth\u00e4lt. Die Omega-6-Fetts\u00e4ure Linols\u00e4ure (LA) unterst\u00fctzt die Gesundheit der Haut, w\u00e4hrend die Omega-3-EFAs DHA und EPA zusammen mit der Omega-6-Fetts\u00e4ure Gamma-Linolens\u00e4ure (GLA) die nat\u00fcrlichen Systeme zur Bek\u00e4mpfung von Entz\u00fcndungen unterst\u00fctzen. COATEX\u00ae ist ein \u00d6lprodukt, das in einer Airless-Pumpe oder in Blisterkapseln erh\u00e4ltlich ist, um die Frische zu gew\u00e4hrleisten. Die Wahl zwischen einer Pumpe oder Kapseln macht die F\u00fctterung sowohl f\u00fcr Hunde als auch f\u00fcr Katzen so einfach wie m\u00f6glich.\" \/>\n<meta property=\"og:url\" content=\"https:\/\/vetplusglobal.com\/de\/product\/coatex-pump\/\" \/>\n<meta property=\"og:site_name\" content=\"vetplus\" \/>\n<meta property=\"article:publisher\" content=\"https:\/\/www.facebook.com\/vetplusUK\/\" \/>\n<meta property=\"article:modified_time\" content=\"2026-03-13T08:30:50+00:00\" \/>\n<meta property=\"og:image\" content=\"https:\/\/vetplusglobal.com\/wp-content\/uploads\/2025\/04\/Coatex-pump-1.png\" \/>\n\t<meta property=\"og:image:width\" content=\"1000\" \/>\n\t<meta property=\"og:image:height\" content=\"1000\" \/>\n\t<meta property=\"og:image:type\" content=\"image\/png\" \/>\n<meta name=\"twitter:card\" content=\"summary_large_image\" \/>\n<meta name=\"twitter:site\" content=\"@vetplusuk\" \/>\n<meta name=\"twitter:label1\" content=\"Est. reading time\" \/>\n\t<meta name=\"twitter:data1\" content=\"1 minute\" \/>\n<script type=\"application\/ld+json\" class=\"yoast-schema-graph\">{\"@context\":\"https:\\\/\\\/schema.org\",\"@graph\":[{\"@type\":\"WebPage\",\"@id\":\"https:\\\/\\\/vetplusglobal.com\\\/de\\\/product\\\/coatex-pump\\\/\",\"url\":\"https:\\\/\\\/vetplusglobal.com\\\/de\\\/product\\\/coatex-pump\\\/\",\"name\":\"COATEX\u00ae \u2013 Pumpspray - vetplus\",\"isPartOf\":{\"@id\":\"https:\\\/\\\/vetplusglobal.com\\\/de\\\/#website\"},\"primaryImageOfPage\":{\"@id\":\"https:\\\/\\\/vetplusglobal.com\\\/de\\\/product\\\/coatex-pump\\\/#primaryimage\"},\"image\":{\"@id\":\"https:\\\/\\\/vetplusglobal.com\\\/de\\\/product\\\/coatex-pump\\\/#primaryimage\"},\"thumbnailUrl\":\"https:\\\/\\\/vetplusglobal.com\\\/wp-content\\\/uploads\\\/2025\\\/04\\\/Coatex-pump-1.png\",\"datePublished\":\"2025-04-22T16:32:14+00:00\",\"dateModified\":\"2026-03-13T08:30:50+00:00\",\"breadcrumb\":{\"@id\":\"https:\\\/\\\/vetplusglobal.com\\\/de\\\/product\\\/coatex-pump\\\/#breadcrumb\"},\"inLanguage\":\"de-DE\",\"potentialAction\":[{\"@type\":\"ReadAction\",\"target\":[\"https:\\\/\\\/vetplusglobal.com\\\/de\\\/product\\\/coatex-pump\\\/\"]}]},{\"@type\":\"ImageObject\",\"inLanguage\":\"de-DE\",\"@id\":\"https:\\\/\\\/vetplusglobal.com\\\/de\\\/product\\\/coatex-pump\\\/#primaryimage\",\"url\":\"https:\\\/\\\/vetplusglobal.com\\\/wp-content\\\/uploads\\\/2025\\\/04\\\/Coatex-pump-1.png\",\"contentUrl\":\"https:\\\/\\\/vetplusglobal.com\\\/wp-content\\\/uploads\\\/2025\\\/04\\\/Coatex-pump-1.png\",\"width\":1000,\"height\":1000},{\"@type\":\"BreadcrumbList\",\"@id\":\"https:\\\/\\\/vetplusglobal.com\\\/de\\\/product\\\/coatex-pump\\\/#breadcrumb\",\"itemListElement\":[{\"@type\":\"ListItem\",\"position\":1,\"name\":\"Home\",\"item\":\"https:\\\/\\\/vetplusglobal.com\\\/de\\\/\"},{\"@type\":\"ListItem\",\"position\":2,\"name\":\"Shop\",\"item\":\"https:\\\/\\\/vetplusglobal.com\\\/de\\\/shop\\\/\"},{\"@type\":\"ListItem\",\"position\":3,\"name\":\"COATEX\u00ae \u2013 Pumpspray\"}]},{\"@type\":\"WebSite\",\"@id\":\"https:\\\/\\\/vetplusglobal.com\\\/de\\\/#website\",\"url\":\"https:\\\/\\\/vetplusglobal.com\\\/de\\\/\",\"name\":\"vetplus\",\"description\":\"The Global Leader in Veterinary Nutraceuticals\",\"publisher\":{\"@id\":\"https:\\\/\\\/vetplusglobal.com\\\/de\\\/#organization\"},\"potentialAction\":[{\"@type\":\"SearchAction\",\"target\":{\"@type\":\"EntryPoint\",\"urlTemplate\":\"https:\\\/\\\/vetplusglobal.com\\\/de\\\/?s={search_term_string}\"},\"query-input\":{\"@type\":\"PropertyValueSpecification\",\"valueRequired\":true,\"valueName\":\"search_term_string\"}}],\"inLanguage\":\"de-DE\"},{\"@type\":\"Organization\",\"@id\":\"https:\\\/\\\/vetplusglobal.com\\\/de\\\/#organization\",\"name\":\"VetPlus\",\"url\":\"https:\\\/\\\/vetplusglobal.com\\\/de\\\/\",\"logo\":{\"@type\":\"ImageObject\",\"inLanguage\":\"de-DE\",\"@id\":\"https:\\\/\\\/vetplusglobal.com\\\/de\\\/#\\\/schema\\\/logo\\\/image\\\/\",\"url\":\"https:\\\/\\\/vetplusglobal.com\\\/wp-content\\\/uploads\\\/2024\\\/12\\\/Group-955-1.jpg\",\"contentUrl\":\"https:\\\/\\\/vetplusglobal.com\\\/wp-content\\\/uploads\\\/2024\\\/12\\\/Group-955-1.jpg\",\"width\":696,\"height\":696,\"caption\":\"VetPlus\"},\"image\":{\"@id\":\"https:\\\/\\\/vetplusglobal.com\\\/de\\\/#\\\/schema\\\/logo\\\/image\\\/\"},\"sameAs\":[\"https:\\\/\\\/www.facebook.com\\\/vetplusUK\\\/\",\"https:\\\/\\\/x.com\\\/vetplusuk\"]}]}<\/script>\n<!-- \/ Yoast SEO plugin. -->","yoast_head_json":{"title":"COATEX\u00ae \u2013 Pumpspray - vetplus","robots":{"index":"index","follow":"follow","max-snippet":"max-snippet:-1","max-image-preview":"max-image-preview:large","max-video-preview":"max-video-preview:-1"},"canonical":"https:\/\/vetplusglobal.com\/de\/product\/coatex-pump\/","og_locale":"de_DE","og_type":"article","og_title":"COATEX\u00ae \u2013 Pumpspray - vetplus","og_description":"COATEX\u00ae ist ein Nutrazeutikum, das eine spezielle Mischung aus essentiellen Fetts\u00e4uren (EFAs) Omega 3 und 6 sowie die Vitamine A, D und E enth\u00e4lt. Die Omega-6-Fetts\u00e4ure Linols\u00e4ure (LA) unterst\u00fctzt die Gesundheit der Haut, w\u00e4hrend die Omega-3-EFAs DHA und EPA zusammen mit der Omega-6-Fetts\u00e4ure Gamma-Linolens\u00e4ure (GLA) die nat\u00fcrlichen Systeme zur Bek\u00e4mpfung von Entz\u00fcndungen unterst\u00fctzen. COATEX\u00ae ist ein \u00d6lprodukt, das in einer Airless-Pumpe oder in Blisterkapseln erh\u00e4ltlich ist, um die Frische zu gew\u00e4hrleisten. Die Wahl zwischen einer Pumpe oder Kapseln macht die F\u00fctterung sowohl f\u00fcr Hunde als auch f\u00fcr Katzen so einfach wie m\u00f6glich.","og_url":"https:\/\/vetplusglobal.com\/de\/product\/coatex-pump\/","og_site_name":"vetplus","article_publisher":"https:\/\/www.facebook.com\/vetplusUK\/","article_modified_time":"2026-03-13T08:30:50+00:00","og_image":[{"width":1000,"height":1000,"url":"https:\/\/vetplusglobal.com\/wp-content\/uploads\/2025\/04\/Coatex-pump-1.png","type":"image\/png"}],"twitter_card":"summary_large_image","twitter_site":"@vetplusuk","twitter_misc":{"Est. reading time":"1 minute"},"schema":{"@context":"https:\/\/schema.org","@graph":[{"@type":"WebPage","@id":"https:\/\/vetplusglobal.com\/de\/product\/coatex-pump\/","url":"https:\/\/vetplusglobal.com\/de\/product\/coatex-pump\/","name":"COATEX\u00ae \u2013 Pumpspray - vetplus","isPartOf":{"@id":"https:\/\/vetplusglobal.com\/de\/#website"},"primaryImageOfPage":{"@id":"https:\/\/vetplusglobal.com\/de\/product\/coatex-pump\/#primaryimage"},"image":{"@id":"https:\/\/vetplusglobal.com\/de\/product\/coatex-pump\/#primaryimage"},"thumbnailUrl":"https:\/\/vetplusglobal.com\/wp-content\/uploads\/2025\/04\/Coatex-pump-1.png","datePublished":"2025-04-22T16:32:14+00:00","dateModified":"2026-03-13T08:30:50+00:00","breadcrumb":{"@id":"https:\/\/vetplusglobal.com\/de\/product\/coatex-pump\/#breadcrumb"},"inLanguage":"de-DE","potentialAction":[{"@type":"ReadAction","target":["https:\/\/vetplusglobal.com\/de\/product\/coatex-pump\/"]}]},{"@type":"ImageObject","inLanguage":"de-DE","@id":"https:\/\/vetplusglobal.com\/de\/product\/coatex-pump\/#primaryimage","url":"https:\/\/vetplusglobal.com\/wp-content\/uploads\/2025\/04\/Coatex-pump-1.png","contentUrl":"https:\/\/vetplusglobal.com\/wp-content\/uploads\/2025\/04\/Coatex-pump-1.png","width":1000,"height":1000},{"@type":"BreadcrumbList","@id":"https:\/\/vetplusglobal.com\/de\/product\/coatex-pump\/#breadcrumb","itemListElement":[{"@type":"ListItem","position":1,"name":"Home","item":"https:\/\/vetplusglobal.com\/de\/"},{"@type":"ListItem","position":2,"name":"Shop","item":"https:\/\/vetplusglobal.com\/de\/shop\/"},{"@type":"ListItem","position":3,"name":"COATEX\u00ae \u2013 Pumpspray"}]},{"@type":"WebSite","@id":"https:\/\/vetplusglobal.com\/de\/#website","url":"https:\/\/vetplusglobal.com\/de\/","name":"vetplus","description":"The Global Leader in Veterinary Nutraceuticals","publisher":{"@id":"https:\/\/vetplusglobal.com\/de\/#organization"},"potentialAction":[{"@type":"SearchAction","target":{"@type":"EntryPoint","urlTemplate":"https:\/\/vetplusglobal.com\/de\/?s={search_term_string}"},"query-input":{"@type":"PropertyValueSpecification","valueRequired":true,"valueName":"search_term_string"}}],"inLanguage":"de-DE"},{"@type":"Organization","@id":"https:\/\/vetplusglobal.com\/de\/#organization","name":"VetPlus","url":"https:\/\/vetplusglobal.com\/de\/","logo":{"@type":"ImageObject","inLanguage":"de-DE","@id":"https:\/\/vetplusglobal.com\/de\/#\/schema\/logo\/image\/","url":"https:\/\/vetplusglobal.com\/wp-content\/uploads\/2024\/12\/Group-955-1.jpg","contentUrl":"https:\/\/vetplusglobal.com\/wp-content\/uploads\/2024\/12\/Group-955-1.jpg","width":696,"height":696,"caption":"VetPlus"},"image":{"@id":"https:\/\/vetplusglobal.com\/de\/#\/schema\/logo\/image\/"},"sameAs":["https:\/\/www.facebook.com\/vetplusUK\/","https:\/\/x.com\/vetplusuk"]}]}},"_links":{"self":[{"href":"https:\/\/vetplusglobal.com\/de\/wp-json\/wp\/v2\/product\/42377","targetHints":{"allow":["GET"]}}],"collection":[{"href":"https:\/\/vetplusglobal.com\/de\/wp-json\/wp\/v2\/product"}],"about":[{"href":"https:\/\/vetplusglobal.com\/de\/wp-json\/wp\/v2\/types\/product"}],"wp:featuredmedia":[{"embeddable":true,"href":"https:\/\/vetplusglobal.com\/de\/wp-json\/wp\/v2\/media\/46203"}],"wp:attachment":[{"href":"https:\/\/vetplusglobal.com\/de\/wp-json\/wp\/v2\/media?parent=42377"}],"wp:term":[{"taxonomy":"product_brand","embeddable":true,"href":"https:\/\/vetplusglobal.com\/de\/wp-json\/wp\/v2\/product_brand?post=42377"},{"taxonomy":"product_cat","embeddable":true,"href":"https:\/\/vetplusglobal.com\/de\/wp-json\/wp\/v2\/product_cat?post=42377"},{"taxonomy":"product_tag","embeddable":true,"href":"https:\/\/vetplusglobal.com\/de\/wp-json\/wp\/v2\/product_tag?post=42377"}],"curies":[{"name":"wp","href":"https:\/\/api.w.org\/{rel}","templated":true}]}}