{"id":42379,"date":"2025-04-22T16:40:05","date_gmt":"2025-04-22T16:40:05","guid":{"rendered":"https:\/\/vetplusglobal.com\/product\/coatex-medicated-shampoo\/"},"modified":"2026-03-13T08:48:22","modified_gmt":"2026-03-13T08:48:22","slug":"coatex-medicated-shampoo","status":"publish","type":"product","link":"https:\/\/vetplusglobal.com\/de\/product\/coatex-medicated-shampoo\/","title":{"rendered":"COATEX\u00ae MEDIZINISCHES SHAMPOO"},"content":{"rendered":"","protected":false},"excerpt":{"rendered":"<p>COATEX\u00ae MEDICATED SHAMPOO wurde als zus\u00e4tzliche Unterst\u00fctzung f\u00fcr die Hautgesundheit von Hunden entwickelt. Es enth\u00e4lt die Inhaltsstoffe Chloroxylenol, Natriumthiosulfat und Salicyls\u00e4ure, die die Hautgesundheit unterst\u00fctzen und die Hautoberfl\u00e4che reinigen. Es ist pH-neutral und trocknet das Fell nicht aus, sodass es regelm\u00e4\u00dfig angewendet werden kann. Das Shampoo sch\u00e4umt gut, sodass nur eine kleine Menge ben\u00f6tigt wird und leicht zu erkennen ist, wo es auf das Fell aufgetragen wurde. Nach dem Auftragen auf das Fell muss es nur 5-10 Minuten einwirken, bevor es vollst\u00e4ndig ausgesp\u00fclt wird.<br \/>\nCOATEX\u00ae MEDICATED SHAMPOO ist in 500-ml-Flaschen f\u00fcr Hunde erh\u00e4ltlich. Das Produkt wird nicht f\u00fcr Katzen empfohlen.<\/p>\n","protected":false},"featured_media":31632,"template":"","meta":{"_acf_changed":false,"_oasis_is_in_workflow":0,"_oasis_original":0,"_oasis_task_priority":""},"product_brand":[],"product_cat":[1251,1329],"product_tag":[],"class_list":{"0":"post-42379","1":"product","2":"type-product","3":"status-publish","4":"has-post-thumbnail","6":"product_cat-fuer-hunde","7":"product_cat-haut-fell","9":"first","10":"instock","11":"shipping-taxable","12":"product-type-simple"},"acf":[],"yoast_head":"<!-- This site is optimized with the Yoast SEO plugin v27.3 - https:\/\/yoast.com\/product\/yoast-seo-wordpress\/ -->\n<title>COATEX\u00ae MEDIZINISCHES SHAMPOO - vetplus<\/title>\n<meta name=\"robots\" content=\"index, follow, max-snippet:-1, max-image-preview:large, max-video-preview:-1\" \/>\n<link rel=\"canonical\" href=\"https:\/\/vetplusglobal.com\/de\/product\/coatex-medicated-shampoo\/\" \/>\n<meta property=\"og:locale\" content=\"de_DE\" \/>\n<meta property=\"og:type\" content=\"article\" \/>\n<meta property=\"og:title\" content=\"COATEX\u00ae MEDIZINISCHES SHAMPOO - vetplus\" \/>\n<meta property=\"og:description\" content=\"COATEX\u00ae MEDICATED SHAMPOO wurde als zus\u00e4tzliche Unterst\u00fctzung f\u00fcr die Hautgesundheit von Hunden entwickelt. Es enth\u00e4lt die Inhaltsstoffe Chloroxylenol, Natriumthiosulfat und Salicyls\u00e4ure, die die Hautgesundheit unterst\u00fctzen und die Hautoberfl\u00e4che reinigen. Es ist pH-neutral und trocknet das Fell nicht aus, sodass es regelm\u00e4\u00dfig angewendet werden kann. Das Shampoo sch\u00e4umt gut, sodass nur eine kleine Menge ben\u00f6tigt wird und leicht zu erkennen ist, wo es auf das Fell aufgetragen wurde. Nach dem Auftragen auf das Fell muss es nur 5-10 Minuten einwirken, bevor es vollst\u00e4ndig ausgesp\u00fclt wird. COATEX\u00ae MEDICATED SHAMPOO ist in 500-ml-Flaschen f\u00fcr Hunde erh\u00e4ltlich. Das Produkt wird nicht f\u00fcr Katzen empfohlen.\" \/>\n<meta property=\"og:url\" content=\"https:\/\/vetplusglobal.com\/de\/product\/coatex-medicated-shampoo\/\" \/>\n<meta property=\"og:site_name\" content=\"vetplus\" \/>\n<meta property=\"article:publisher\" content=\"https:\/\/www.facebook.com\/vetplusUK\/\" \/>\n<meta property=\"article:modified_time\" content=\"2026-03-13T08:48:22+00:00\" \/>\n<meta property=\"og:image\" content=\"https:\/\/vetplusglobal.com\/wp-content\/uploads\/2025\/08\/COATEX-MEDICATED-SHAMPOO.png\" \/>\n\t<meta property=\"og:image:width\" content=\"1000\" \/>\n\t<meta property=\"og:image:height\" content=\"1000\" \/>\n\t<meta property=\"og:image:type\" content=\"image\/png\" \/>\n<meta name=\"twitter:card\" content=\"summary_large_image\" \/>\n<meta name=\"twitter:site\" content=\"@vetplusuk\" \/>\n<meta name=\"twitter:label1\" content=\"Est. reading time\" \/>\n\t<meta name=\"twitter:data1\" content=\"1 minute\" \/>\n<script type=\"application\/ld+json\" class=\"yoast-schema-graph\">{\"@context\":\"https:\\\/\\\/schema.org\",\"@graph\":[{\"@type\":\"WebPage\",\"@id\":\"https:\\\/\\\/vetplusglobal.com\\\/de\\\/product\\\/coatex-medicated-shampoo\\\/\",\"url\":\"https:\\\/\\\/vetplusglobal.com\\\/de\\\/product\\\/coatex-medicated-shampoo\\\/\",\"name\":\"COATEX\u00ae MEDIZINISCHES SHAMPOO - vetplus\",\"isPartOf\":{\"@id\":\"https:\\\/\\\/vetplusglobal.com\\\/de\\\/#website\"},\"primaryImageOfPage\":{\"@id\":\"https:\\\/\\\/vetplusglobal.com\\\/de\\\/product\\\/coatex-medicated-shampoo\\\/#primaryimage\"},\"image\":{\"@id\":\"https:\\\/\\\/vetplusglobal.com\\\/de\\\/product\\\/coatex-medicated-shampoo\\\/#primaryimage\"},\"thumbnailUrl\":\"https:\\\/\\\/vetplusglobal.com\\\/wp-content\\\/uploads\\\/2025\\\/08\\\/COATEX-MEDICATED-SHAMPOO.png\",\"datePublished\":\"2025-04-22T16:40:05+00:00\",\"dateModified\":\"2026-03-13T08:48:22+00:00\",\"breadcrumb\":{\"@id\":\"https:\\\/\\\/vetplusglobal.com\\\/de\\\/product\\\/coatex-medicated-shampoo\\\/#breadcrumb\"},\"inLanguage\":\"de-DE\",\"potentialAction\":[{\"@type\":\"ReadAction\",\"target\":[\"https:\\\/\\\/vetplusglobal.com\\\/de\\\/product\\\/coatex-medicated-shampoo\\\/\"]}]},{\"@type\":\"ImageObject\",\"inLanguage\":\"de-DE\",\"@id\":\"https:\\\/\\\/vetplusglobal.com\\\/de\\\/product\\\/coatex-medicated-shampoo\\\/#primaryimage\",\"url\":\"https:\\\/\\\/vetplusglobal.com\\\/wp-content\\\/uploads\\\/2025\\\/08\\\/COATEX-MEDICATED-SHAMPOO.png\",\"contentUrl\":\"https:\\\/\\\/vetplusglobal.com\\\/wp-content\\\/uploads\\\/2025\\\/08\\\/COATEX-MEDICATED-SHAMPOO.png\",\"width\":1000,\"height\":1000},{\"@type\":\"BreadcrumbList\",\"@id\":\"https:\\\/\\\/vetplusglobal.com\\\/de\\\/product\\\/coatex-medicated-shampoo\\\/#breadcrumb\",\"itemListElement\":[{\"@type\":\"ListItem\",\"position\":1,\"name\":\"Home\",\"item\":\"https:\\\/\\\/vetplusglobal.com\\\/de\\\/\"},{\"@type\":\"ListItem\",\"position\":2,\"name\":\"Shop\",\"item\":\"https:\\\/\\\/vetplusglobal.com\\\/shop\\\/\"},{\"@type\":\"ListItem\",\"position\":3,\"name\":\"COATEX\u00ae MEDIZINISCHES SHAMPOO\"}]},{\"@type\":\"WebSite\",\"@id\":\"https:\\\/\\\/vetplusglobal.com\\\/de\\\/#website\",\"url\":\"https:\\\/\\\/vetplusglobal.com\\\/de\\\/\",\"name\":\"vetplus\",\"description\":\"The Global Leader in Veterinary Nutraceuticals\",\"publisher\":{\"@id\":\"https:\\\/\\\/vetplusglobal.com\\\/de\\\/#organization\"},\"potentialAction\":[{\"@type\":\"SearchAction\",\"target\":{\"@type\":\"EntryPoint\",\"urlTemplate\":\"https:\\\/\\\/vetplusglobal.com\\\/de\\\/?s={search_term_string}\"},\"query-input\":{\"@type\":\"PropertyValueSpecification\",\"valueRequired\":true,\"valueName\":\"search_term_string\"}}],\"inLanguage\":\"de-DE\"},{\"@type\":\"Organization\",\"@id\":\"https:\\\/\\\/vetplusglobal.com\\\/de\\\/#organization\",\"name\":\"VetPlus\",\"url\":\"https:\\\/\\\/vetplusglobal.com\\\/de\\\/\",\"logo\":{\"@type\":\"ImageObject\",\"inLanguage\":\"de-DE\",\"@id\":\"https:\\\/\\\/vetplusglobal.com\\\/de\\\/#\\\/schema\\\/logo\\\/image\\\/\",\"url\":\"https:\\\/\\\/vetplusglobal.com\\\/wp-content\\\/uploads\\\/2024\\\/12\\\/Group-955-1.jpg\",\"contentUrl\":\"https:\\\/\\\/vetplusglobal.com\\\/wp-content\\\/uploads\\\/2024\\\/12\\\/Group-955-1.jpg\",\"width\":696,\"height\":696,\"caption\":\"VetPlus\"},\"image\":{\"@id\":\"https:\\\/\\\/vetplusglobal.com\\\/de\\\/#\\\/schema\\\/logo\\\/image\\\/\"},\"sameAs\":[\"https:\\\/\\\/www.facebook.com\\\/vetplusUK\\\/\",\"https:\\\/\\\/x.com\\\/vetplusuk\"]}]}<\/script>\n<!-- \/ Yoast SEO plugin. -->","yoast_head_json":{"title":"COATEX\u00ae MEDIZINISCHES SHAMPOO - vetplus","robots":{"index":"index","follow":"follow","max-snippet":"max-snippet:-1","max-image-preview":"max-image-preview:large","max-video-preview":"max-video-preview:-1"},"canonical":"https:\/\/vetplusglobal.com\/de\/product\/coatex-medicated-shampoo\/","og_locale":"de_DE","og_type":"article","og_title":"COATEX\u00ae MEDIZINISCHES SHAMPOO - vetplus","og_description":"COATEX\u00ae MEDICATED SHAMPOO wurde als zus\u00e4tzliche Unterst\u00fctzung f\u00fcr die Hautgesundheit von Hunden entwickelt. Es enth\u00e4lt die Inhaltsstoffe Chloroxylenol, Natriumthiosulfat und Salicyls\u00e4ure, die die Hautgesundheit unterst\u00fctzen und die Hautoberfl\u00e4che reinigen. Es ist pH-neutral und trocknet das Fell nicht aus, sodass es regelm\u00e4\u00dfig angewendet werden kann. Das Shampoo sch\u00e4umt gut, sodass nur eine kleine Menge ben\u00f6tigt wird und leicht zu erkennen ist, wo es auf das Fell aufgetragen wurde. Nach dem Auftragen auf das Fell muss es nur 5-10 Minuten einwirken, bevor es vollst\u00e4ndig ausgesp\u00fclt wird. COATEX\u00ae MEDICATED SHAMPOO ist in 500-ml-Flaschen f\u00fcr Hunde erh\u00e4ltlich. Das Produkt wird nicht f\u00fcr Katzen empfohlen.","og_url":"https:\/\/vetplusglobal.com\/de\/product\/coatex-medicated-shampoo\/","og_site_name":"vetplus","article_publisher":"https:\/\/www.facebook.com\/vetplusUK\/","article_modified_time":"2026-03-13T08:48:22+00:00","og_image":[{"width":1000,"height":1000,"url":"https:\/\/vetplusglobal.com\/wp-content\/uploads\/2025\/08\/COATEX-MEDICATED-SHAMPOO.png","type":"image\/png"}],"twitter_card":"summary_large_image","twitter_site":"@vetplusuk","twitter_misc":{"Est. reading time":"1 minute"},"schema":{"@context":"https:\/\/schema.org","@graph":[{"@type":"WebPage","@id":"https:\/\/vetplusglobal.com\/de\/product\/coatex-medicated-shampoo\/","url":"https:\/\/vetplusglobal.com\/de\/product\/coatex-medicated-shampoo\/","name":"COATEX\u00ae MEDIZINISCHES SHAMPOO - vetplus","isPartOf":{"@id":"https:\/\/vetplusglobal.com\/de\/#website"},"primaryImageOfPage":{"@id":"https:\/\/vetplusglobal.com\/de\/product\/coatex-medicated-shampoo\/#primaryimage"},"image":{"@id":"https:\/\/vetplusglobal.com\/de\/product\/coatex-medicated-shampoo\/#primaryimage"},"thumbnailUrl":"https:\/\/vetplusglobal.com\/wp-content\/uploads\/2025\/08\/COATEX-MEDICATED-SHAMPOO.png","datePublished":"2025-04-22T16:40:05+00:00","dateModified":"2026-03-13T08:48:22+00:00","breadcrumb":{"@id":"https:\/\/vetplusglobal.com\/de\/product\/coatex-medicated-shampoo\/#breadcrumb"},"inLanguage":"de-DE","potentialAction":[{"@type":"ReadAction","target":["https:\/\/vetplusglobal.com\/de\/product\/coatex-medicated-shampoo\/"]}]},{"@type":"ImageObject","inLanguage":"de-DE","@id":"https:\/\/vetplusglobal.com\/de\/product\/coatex-medicated-shampoo\/#primaryimage","url":"https:\/\/vetplusglobal.com\/wp-content\/uploads\/2025\/08\/COATEX-MEDICATED-SHAMPOO.png","contentUrl":"https:\/\/vetplusglobal.com\/wp-content\/uploads\/2025\/08\/COATEX-MEDICATED-SHAMPOO.png","width":1000,"height":1000},{"@type":"BreadcrumbList","@id":"https:\/\/vetplusglobal.com\/de\/product\/coatex-medicated-shampoo\/#breadcrumb","itemListElement":[{"@type":"ListItem","position":1,"name":"Home","item":"https:\/\/vetplusglobal.com\/de\/"},{"@type":"ListItem","position":2,"name":"Shop","item":"https:\/\/vetplusglobal.com\/shop\/"},{"@type":"ListItem","position":3,"name":"COATEX\u00ae MEDIZINISCHES SHAMPOO"}]},{"@type":"WebSite","@id":"https:\/\/vetplusglobal.com\/de\/#website","url":"https:\/\/vetplusglobal.com\/de\/","name":"vetplus","description":"The Global Leader in Veterinary Nutraceuticals","publisher":{"@id":"https:\/\/vetplusglobal.com\/de\/#organization"},"potentialAction":[{"@type":"SearchAction","target":{"@type":"EntryPoint","urlTemplate":"https:\/\/vetplusglobal.com\/de\/?s={search_term_string}"},"query-input":{"@type":"PropertyValueSpecification","valueRequired":true,"valueName":"search_term_string"}}],"inLanguage":"de-DE"},{"@type":"Organization","@id":"https:\/\/vetplusglobal.com\/de\/#organization","name":"VetPlus","url":"https:\/\/vetplusglobal.com\/de\/","logo":{"@type":"ImageObject","inLanguage":"de-DE","@id":"https:\/\/vetplusglobal.com\/de\/#\/schema\/logo\/image\/","url":"https:\/\/vetplusglobal.com\/wp-content\/uploads\/2024\/12\/Group-955-1.jpg","contentUrl":"https:\/\/vetplusglobal.com\/wp-content\/uploads\/2024\/12\/Group-955-1.jpg","width":696,"height":696,"caption":"VetPlus"},"image":{"@id":"https:\/\/vetplusglobal.com\/de\/#\/schema\/logo\/image\/"},"sameAs":["https:\/\/www.facebook.com\/vetplusUK\/","https:\/\/x.com\/vetplusuk"]}]}},"_links":{"self":[{"href":"https:\/\/vetplusglobal.com\/de\/wp-json\/wp\/v2\/product\/42379","targetHints":{"allow":["GET"]}}],"collection":[{"href":"https:\/\/vetplusglobal.com\/de\/wp-json\/wp\/v2\/product"}],"about":[{"href":"https:\/\/vetplusglobal.com\/de\/wp-json\/wp\/v2\/types\/product"}],"wp:featuredmedia":[{"embeddable":true,"href":"https:\/\/vetplusglobal.com\/de\/wp-json\/wp\/v2\/media\/31632"}],"wp:attachment":[{"href":"https:\/\/vetplusglobal.com\/de\/wp-json\/wp\/v2\/media?parent=42379"}],"wp:term":[{"taxonomy":"product_brand","embeddable":true,"href":"https:\/\/vetplusglobal.com\/de\/wp-json\/wp\/v2\/product_brand?post=42379"},{"taxonomy":"product_cat","embeddable":true,"href":"https:\/\/vetplusglobal.com\/de\/wp-json\/wp\/v2\/product_cat?post=42379"},{"taxonomy":"product_tag","embeddable":true,"href":"https:\/\/vetplusglobal.com\/de\/wp-json\/wp\/v2\/product_tag?post=42379"}],"curies":[{"name":"wp","href":"https:\/\/api.w.org\/{rel}","templated":true}]}}