{"id":42974,"date":"2025-03-14T15:18:09","date_gmt":"2025-03-14T15:18:09","guid":{"rendered":"https:\/\/vetplusglobal.com\/product\/synoquin-medium-breed-tablets\/"},"modified":"2026-03-19T10:08:03","modified_gmt":"2026-03-19T10:08:03","slug":"synoquin-medium-breed-tablets","status":"publish","type":"product","link":"https:\/\/vetplusglobal.com\/es\/product\/synoquin-medium-breed-tablets\/","title":{"rendered":"SYNOQUIN\u00ae RAZAS MEDIANAS - COMPRIMIDOS"},"content":{"rendered":"","protected":false},"excerpt":{"rendered":"<p>SYNOQUIN\u00ae es un nutrac\u00e9utico que ayuda a mantener la salud de las articulaciones en perros. Desde su lanzamiento en 1998, SYNOQUIN\u00ae ha sido adquirido por m\u00e1s propietarios de mascotas que cualquier otro suplemento para las articulaciones y ahora es recomendado por veterinarios de todo el mundo.<br \/>\nSYNOQUIN\u00ae contiene glucosamina y condroit\u00edn de la m\u00e1s alta calidad, ingredientes clave para ayudar a mantener la estructura del cart\u00edlago. Adem\u00e1s, SYNOQUIN\u00ae contiene AGEs omega 3 procedentes del krill, que ofrecen una absorci\u00f3n y pureza superiores en comparaci\u00f3n con el pescado. Los AGEs omega 3 ayudan a mantener los sistemas naturales que controlan la inflamaci\u00f3n, por lo que son una parte importante de la f\u00f3rmula.<br \/>\nSYNOQUIN\u00ae est\u00e1 disponible en comprimidos y c\u00e1psulas espec\u00edficos para cada raza de perro, para facilitar su administraci\u00f3n. Esto significa que, para la mayor\u00eda de los perros, solo se necesita un comprimido o una c\u00e1psula al d\u00eda, a largo plazo.<\/p>\n","protected":false},"featured_media":20245,"template":"","meta":{"_acf_changed":false,"_oasis_is_in_workflow":0,"_oasis_original":0,"_oasis_task_priority":""},"product_brand":[],"product_cat":[1800,1798,1799],"product_tag":[],"class_list":{"0":"post-42974","1":"product","2":"type-product","3":"status-publish","4":"has-post-thumbnail","6":"product_cat-paraperros","7":"product_cat-soportearticular","8":"product_cat-synoquin-es","10":"first","11":"instock","12":"shipping-taxable","13":"product-type-simple"},"acf":[],"yoast_head":"<!-- This site is optimized with the Yoast SEO plugin v27.3 - https:\/\/yoast.com\/product\/yoast-seo-wordpress\/ -->\n<title>SYNOQUIN\u00ae RAZAS MEDIANAS - COMPRIMIDOS - vetplus<\/title>\n<meta name=\"robots\" content=\"index, follow, max-snippet:-1, max-image-preview:large, max-video-preview:-1\" \/>\n<link rel=\"canonical\" href=\"https:\/\/vetplusglobal.com\/es\/product\/synoquin-medium-breed-tablets\/\" \/>\n<meta property=\"og:locale\" content=\"es_ES\" \/>\n<meta property=\"og:type\" content=\"article\" \/>\n<meta property=\"og:title\" content=\"SYNOQUIN\u00ae RAZAS MEDIANAS - COMPRIMIDOS - vetplus\" \/>\n<meta property=\"og:description\" content=\"SYNOQUIN\u00ae es un nutrac\u00e9utico que ayuda a mantener la salud de las articulaciones en perros. Desde su lanzamiento en 1998, SYNOQUIN\u00ae ha sido adquirido por m\u00e1s propietarios de mascotas que cualquier otro suplemento para las articulaciones y ahora es recomendado por veterinarios de todo el mundo. SYNOQUIN\u00ae contiene glucosamina y condroit\u00edn de la m\u00e1s alta calidad, ingredientes clave para ayudar a mantener la estructura del cart\u00edlago. Adem\u00e1s, SYNOQUIN\u00ae contiene AGEs omega 3 procedentes del krill, que ofrecen una absorci\u00f3n y pureza superiores en comparaci\u00f3n con el pescado. Los AGEs omega 3 ayudan a mantener los sistemas naturales que controlan la inflamaci\u00f3n, por lo que son una parte importante de la f\u00f3rmula. SYNOQUIN\u00ae est\u00e1 disponible en comprimidos y c\u00e1psulas espec\u00edficos para cada raza de perro, para facilitar su administraci\u00f3n. Esto significa que, para la mayor\u00eda de los perros, solo se necesita un comprimido o una c\u00e1psula al d\u00eda, a largo plazo.\" \/>\n<meta property=\"og:url\" content=\"https:\/\/vetplusglobal.com\/es\/product\/synoquin-medium-breed-tablets\/\" \/>\n<meta property=\"og:site_name\" content=\"vetplus\" \/>\n<meta property=\"article:publisher\" content=\"https:\/\/www.facebook.com\/vetplusUK\/\" \/>\n<meta property=\"article:modified_time\" content=\"2026-03-19T10:08:03+00:00\" \/>\n<meta property=\"og:image\" content=\"https:\/\/vetplusglobal.com\/wp-content\/uploads\/2025\/10\/Synoquin-medium-breed.png\" \/>\n\t<meta property=\"og:image:width\" content=\"1000\" \/>\n\t<meta property=\"og:image:height\" content=\"1000\" \/>\n\t<meta property=\"og:image:type\" content=\"image\/png\" \/>\n<meta name=\"twitter:card\" content=\"summary_large_image\" \/>\n<meta name=\"twitter:site\" content=\"@vetplusuk\" \/>\n<meta name=\"twitter:label1\" content=\"Est. reading time\" \/>\n\t<meta name=\"twitter:data1\" content=\"1 minute\" \/>\n<script type=\"application\/ld+json\" class=\"yoast-schema-graph\">{\"@context\":\"https:\\\/\\\/schema.org\",\"@graph\":[{\"@type\":\"WebPage\",\"@id\":\"https:\\\/\\\/vetplusglobal.com\\\/es\\\/product\\\/synoquin-medium-breed-tablets\\\/\",\"url\":\"https:\\\/\\\/vetplusglobal.com\\\/es\\\/product\\\/synoquin-medium-breed-tablets\\\/\",\"name\":\"SYNOQUIN\u00ae RAZAS MEDIANAS - COMPRIMIDOS - vetplus\",\"isPartOf\":{\"@id\":\"https:\\\/\\\/vetplusglobal.com\\\/es\\\/#website\"},\"primaryImageOfPage\":{\"@id\":\"https:\\\/\\\/vetplusglobal.com\\\/es\\\/product\\\/synoquin-medium-breed-tablets\\\/#primaryimage\"},\"image\":{\"@id\":\"https:\\\/\\\/vetplusglobal.com\\\/es\\\/product\\\/synoquin-medium-breed-tablets\\\/#primaryimage\"},\"thumbnailUrl\":\"https:\\\/\\\/vetplusglobal.com\\\/wp-content\\\/uploads\\\/2025\\\/10\\\/Synoquin-medium-breed.png\",\"datePublished\":\"2025-03-14T15:18:09+00:00\",\"dateModified\":\"2026-03-19T10:08:03+00:00\",\"breadcrumb\":{\"@id\":\"https:\\\/\\\/vetplusglobal.com\\\/es\\\/product\\\/synoquin-medium-breed-tablets\\\/#breadcrumb\"},\"inLanguage\":\"es-ES\",\"potentialAction\":[{\"@type\":\"ReadAction\",\"target\":[\"https:\\\/\\\/vetplusglobal.com\\\/es\\\/product\\\/synoquin-medium-breed-tablets\\\/\"]}]},{\"@type\":\"ImageObject\",\"inLanguage\":\"es-ES\",\"@id\":\"https:\\\/\\\/vetplusglobal.com\\\/es\\\/product\\\/synoquin-medium-breed-tablets\\\/#primaryimage\",\"url\":\"https:\\\/\\\/vetplusglobal.com\\\/wp-content\\\/uploads\\\/2025\\\/10\\\/Synoquin-medium-breed.png\",\"contentUrl\":\"https:\\\/\\\/vetplusglobal.com\\\/wp-content\\\/uploads\\\/2025\\\/10\\\/Synoquin-medium-breed.png\",\"width\":1000,\"height\":1000},{\"@type\":\"BreadcrumbList\",\"@id\":\"https:\\\/\\\/vetplusglobal.com\\\/es\\\/product\\\/synoquin-medium-breed-tablets\\\/#breadcrumb\",\"itemListElement\":[{\"@type\":\"ListItem\",\"position\":1,\"name\":\"Home\",\"item\":\"https:\\\/\\\/vetplusglobal.com\\\/es\\\/\"},{\"@type\":\"ListItem\",\"position\":2,\"name\":\"Tienda\",\"item\":\"https:\\\/\\\/vetplusglobal.com\\\/shop\\\/\"},{\"@type\":\"ListItem\",\"position\":3,\"name\":\"SYNOQUIN\u00ae RAZAS MEDIANAS - COMPRIMIDOS\"}]},{\"@type\":\"WebSite\",\"@id\":\"https:\\\/\\\/vetplusglobal.com\\\/es\\\/#website\",\"url\":\"https:\\\/\\\/vetplusglobal.com\\\/es\\\/\",\"name\":\"vetplus\",\"description\":\"The Global Leader in Veterinary Nutraceuticals\",\"publisher\":{\"@id\":\"https:\\\/\\\/vetplusglobal.com\\\/es\\\/#organization\"},\"potentialAction\":[{\"@type\":\"SearchAction\",\"target\":{\"@type\":\"EntryPoint\",\"urlTemplate\":\"https:\\\/\\\/vetplusglobal.com\\\/es\\\/?s={search_term_string}\"},\"query-input\":{\"@type\":\"PropertyValueSpecification\",\"valueRequired\":true,\"valueName\":\"search_term_string\"}}],\"inLanguage\":\"es-ES\"},{\"@type\":\"Organization\",\"@id\":\"https:\\\/\\\/vetplusglobal.com\\\/es\\\/#organization\",\"name\":\"VetPlus\",\"url\":\"https:\\\/\\\/vetplusglobal.com\\\/es\\\/\",\"logo\":{\"@type\":\"ImageObject\",\"inLanguage\":\"es-ES\",\"@id\":\"https:\\\/\\\/vetplusglobal.com\\\/es\\\/#\\\/schema\\\/logo\\\/image\\\/\",\"url\":\"https:\\\/\\\/vetplusglobal.com\\\/wp-content\\\/uploads\\\/2024\\\/12\\\/Group-955-1.jpg\",\"contentUrl\":\"https:\\\/\\\/vetplusglobal.com\\\/wp-content\\\/uploads\\\/2024\\\/12\\\/Group-955-1.jpg\",\"width\":696,\"height\":696,\"caption\":\"VetPlus\"},\"image\":{\"@id\":\"https:\\\/\\\/vetplusglobal.com\\\/es\\\/#\\\/schema\\\/logo\\\/image\\\/\"},\"sameAs\":[\"https:\\\/\\\/www.facebook.com\\\/vetplusUK\\\/\",\"https:\\\/\\\/x.com\\\/vetplusuk\"]}]}<\/script>\n<!-- \/ Yoast SEO plugin. -->","yoast_head_json":{"title":"SYNOQUIN\u00ae RAZAS MEDIANAS - COMPRIMIDOS - vetplus","robots":{"index":"index","follow":"follow","max-snippet":"max-snippet:-1","max-image-preview":"max-image-preview:large","max-video-preview":"max-video-preview:-1"},"canonical":"https:\/\/vetplusglobal.com\/es\/product\/synoquin-medium-breed-tablets\/","og_locale":"es_ES","og_type":"article","og_title":"SYNOQUIN\u00ae RAZAS MEDIANAS - COMPRIMIDOS - vetplus","og_description":"SYNOQUIN\u00ae es un nutrac\u00e9utico que ayuda a mantener la salud de las articulaciones en perros. Desde su lanzamiento en 1998, SYNOQUIN\u00ae ha sido adquirido por m\u00e1s propietarios de mascotas que cualquier otro suplemento para las articulaciones y ahora es recomendado por veterinarios de todo el mundo. SYNOQUIN\u00ae contiene glucosamina y condroit\u00edn de la m\u00e1s alta calidad, ingredientes clave para ayudar a mantener la estructura del cart\u00edlago. Adem\u00e1s, SYNOQUIN\u00ae contiene AGEs omega 3 procedentes del krill, que ofrecen una absorci\u00f3n y pureza superiores en comparaci\u00f3n con el pescado. Los AGEs omega 3 ayudan a mantener los sistemas naturales que controlan la inflamaci\u00f3n, por lo que son una parte importante de la f\u00f3rmula. SYNOQUIN\u00ae est\u00e1 disponible en comprimidos y c\u00e1psulas espec\u00edficos para cada raza de perro, para facilitar su administraci\u00f3n. Esto significa que, para la mayor\u00eda de los perros, solo se necesita un comprimido o una c\u00e1psula al d\u00eda, a largo plazo.","og_url":"https:\/\/vetplusglobal.com\/es\/product\/synoquin-medium-breed-tablets\/","og_site_name":"vetplus","article_publisher":"https:\/\/www.facebook.com\/vetplusUK\/","article_modified_time":"2026-03-19T10:08:03+00:00","og_image":[{"width":1000,"height":1000,"url":"https:\/\/vetplusglobal.com\/wp-content\/uploads\/2025\/10\/Synoquin-medium-breed.png","type":"image\/png"}],"twitter_card":"summary_large_image","twitter_site":"@vetplusuk","twitter_misc":{"Est. reading time":"1 minute"},"schema":{"@context":"https:\/\/schema.org","@graph":[{"@type":"WebPage","@id":"https:\/\/vetplusglobal.com\/es\/product\/synoquin-medium-breed-tablets\/","url":"https:\/\/vetplusglobal.com\/es\/product\/synoquin-medium-breed-tablets\/","name":"SYNOQUIN\u00ae RAZAS MEDIANAS - COMPRIMIDOS - vetplus","isPartOf":{"@id":"https:\/\/vetplusglobal.com\/es\/#website"},"primaryImageOfPage":{"@id":"https:\/\/vetplusglobal.com\/es\/product\/synoquin-medium-breed-tablets\/#primaryimage"},"image":{"@id":"https:\/\/vetplusglobal.com\/es\/product\/synoquin-medium-breed-tablets\/#primaryimage"},"thumbnailUrl":"https:\/\/vetplusglobal.com\/wp-content\/uploads\/2025\/10\/Synoquin-medium-breed.png","datePublished":"2025-03-14T15:18:09+00:00","dateModified":"2026-03-19T10:08:03+00:00","breadcrumb":{"@id":"https:\/\/vetplusglobal.com\/es\/product\/synoquin-medium-breed-tablets\/#breadcrumb"},"inLanguage":"es-ES","potentialAction":[{"@type":"ReadAction","target":["https:\/\/vetplusglobal.com\/es\/product\/synoquin-medium-breed-tablets\/"]}]},{"@type":"ImageObject","inLanguage":"es-ES","@id":"https:\/\/vetplusglobal.com\/es\/product\/synoquin-medium-breed-tablets\/#primaryimage","url":"https:\/\/vetplusglobal.com\/wp-content\/uploads\/2025\/10\/Synoquin-medium-breed.png","contentUrl":"https:\/\/vetplusglobal.com\/wp-content\/uploads\/2025\/10\/Synoquin-medium-breed.png","width":1000,"height":1000},{"@type":"BreadcrumbList","@id":"https:\/\/vetplusglobal.com\/es\/product\/synoquin-medium-breed-tablets\/#breadcrumb","itemListElement":[{"@type":"ListItem","position":1,"name":"Home","item":"https:\/\/vetplusglobal.com\/es\/"},{"@type":"ListItem","position":2,"name":"Tienda","item":"https:\/\/vetplusglobal.com\/shop\/"},{"@type":"ListItem","position":3,"name":"SYNOQUIN\u00ae RAZAS MEDIANAS - COMPRIMIDOS"}]},{"@type":"WebSite","@id":"https:\/\/vetplusglobal.com\/es\/#website","url":"https:\/\/vetplusglobal.com\/es\/","name":"vetplus","description":"The Global Leader in Veterinary Nutraceuticals","publisher":{"@id":"https:\/\/vetplusglobal.com\/es\/#organization"},"potentialAction":[{"@type":"SearchAction","target":{"@type":"EntryPoint","urlTemplate":"https:\/\/vetplusglobal.com\/es\/?s={search_term_string}"},"query-input":{"@type":"PropertyValueSpecification","valueRequired":true,"valueName":"search_term_string"}}],"inLanguage":"es-ES"},{"@type":"Organization","@id":"https:\/\/vetplusglobal.com\/es\/#organization","name":"VetPlus","url":"https:\/\/vetplusglobal.com\/es\/","logo":{"@type":"ImageObject","inLanguage":"es-ES","@id":"https:\/\/vetplusglobal.com\/es\/#\/schema\/logo\/image\/","url":"https:\/\/vetplusglobal.com\/wp-content\/uploads\/2024\/12\/Group-955-1.jpg","contentUrl":"https:\/\/vetplusglobal.com\/wp-content\/uploads\/2024\/12\/Group-955-1.jpg","width":696,"height":696,"caption":"VetPlus"},"image":{"@id":"https:\/\/vetplusglobal.com\/es\/#\/schema\/logo\/image\/"},"sameAs":["https:\/\/www.facebook.com\/vetplusUK\/","https:\/\/x.com\/vetplusuk"]}]}},"_links":{"self":[{"href":"https:\/\/vetplusglobal.com\/es\/wp-json\/wp\/v2\/product\/42974","targetHints":{"allow":["GET"]}}],"collection":[{"href":"https:\/\/vetplusglobal.com\/es\/wp-json\/wp\/v2\/product"}],"about":[{"href":"https:\/\/vetplusglobal.com\/es\/wp-json\/wp\/v2\/types\/product"}],"wp:featuredmedia":[{"embeddable":true,"href":"https:\/\/vetplusglobal.com\/es\/wp-json\/wp\/v2\/media\/20245"}],"wp:attachment":[{"href":"https:\/\/vetplusglobal.com\/es\/wp-json\/wp\/v2\/media?parent=42974"}],"wp:term":[{"taxonomy":"product_brand","embeddable":true,"href":"https:\/\/vetplusglobal.com\/es\/wp-json\/wp\/v2\/product_brand?post=42974"},{"taxonomy":"product_cat","embeddable":true,"href":"https:\/\/vetplusglobal.com\/es\/wp-json\/wp\/v2\/product_cat?post=42974"},{"taxonomy":"product_tag","embeddable":true,"href":"https:\/\/vetplusglobal.com\/es\/wp-json\/wp\/v2\/product_tag?post=42974"}],"curies":[{"name":"wp","href":"https:\/\/api.w.org\/{rel}","templated":true}]}}