{"id":42981,"date":"2025-02-18T16:59:33","date_gmt":"2025-02-18T16:59:33","guid":{"rendered":"https:\/\/vetplusglobal.com\/product\/aktivait-medium-large-breed\/"},"modified":"2026-03-19T11:32:05","modified_gmt":"2026-03-19T11:32:05","slug":"aktivait-medium-large-breed","status":"publish","type":"product","link":"https:\/\/vetplusglobal.com\/es\/product\/aktivait-medium-large-breed\/","title":{"rendered":"AKTIVAIT\u00ae RAZAS MEDIANAS\/GRANDES"},"content":{"rendered":"","protected":false},"excerpt":{"rendered":"<p>AKTIVAIT\u00ae es un nutrac\u00e9utico \u00fanico, dise\u00f1ado para favorecer la salud neurol\u00f3gica de los perros mayores. AKTIVAIT\u00ae puede aportar nutrientes clave para favorecer el funcionamiento normal de las c\u00e9lulas nerviosas. Los palatables comprimidos est\u00e1n dise\u00f1ados para facilitar su uso y proporcionar un apoyo a largo plazo.<\/p>\n<p>Para mantener la salud neurol\u00f3gica de su perro es necesario un entorno estable en casa, suplementos nutricionales y su amor y cuidados.<\/p>\n","protected":false},"featured_media":18218,"template":"","meta":{"_acf_changed":false,"_oasis_is_in_workflow":0,"_oasis_original":0,"_oasis_task_priority":""},"product_brand":[],"product_cat":[1813,1814,1800],"product_tag":[],"class_list":{"0":"post-42981","1":"product","2":"type-product","3":"status-publish","4":"has-post-thumbnail","6":"product_cat-aktivait-es","7":"product_cat-neurologia-comportamiento","8":"product_cat-paraperros","10":"first","11":"instock","12":"shipping-taxable","13":"product-type-simple"},"acf":[],"yoast_head":"<!-- This site is optimized with the Yoast SEO plugin v27.5 - https:\/\/yoast.com\/product\/yoast-seo-wordpress\/ -->\n<title>AKTIVAIT\u00ae RAZAS MEDIANAS\/GRANDES - vetplus<\/title>\n<meta name=\"robots\" content=\"index, follow, max-snippet:-1, max-image-preview:large, max-video-preview:-1\" \/>\n<link rel=\"canonical\" href=\"https:\/\/vetplusglobal.com\/es\/product\/aktivait-medium-large-breed\/\" \/>\n<meta property=\"og:locale\" content=\"es_ES\" \/>\n<meta property=\"og:type\" content=\"article\" \/>\n<meta property=\"og:title\" content=\"AKTIVAIT\u00ae RAZAS MEDIANAS\/GRANDES - vetplus\" \/>\n<meta property=\"og:description\" content=\"AKTIVAIT\u00ae es un nutrac\u00e9utico \u00fanico, dise\u00f1ado para favorecer la salud neurol\u00f3gica de los perros mayores. AKTIVAIT\u00ae puede aportar nutrientes clave para favorecer el funcionamiento normal de las c\u00e9lulas nerviosas. Los palatables comprimidos est\u00e1n dise\u00f1ados para facilitar su uso y proporcionar un apoyo a largo plazo.  Para mantener la salud neurol\u00f3gica de su perro es necesario un entorno estable en casa, suplementos nutricionales y su amor y cuidados.\" \/>\n<meta property=\"og:url\" content=\"https:\/\/vetplusglobal.com\/es\/product\/aktivait-medium-large-breed\/\" \/>\n<meta property=\"og:site_name\" content=\"vetplus\" \/>\n<meta property=\"article:publisher\" content=\"https:\/\/www.facebook.com\/vetplusUK\/\" \/>\n<meta property=\"article:modified_time\" content=\"2026-03-19T11:32:05+00:00\" \/>\n<meta property=\"og:image\" content=\"https:\/\/vetplusglobal.com\/wp-content\/uploads\/2025\/10\/aktivait-large-and-medium-breed.png\" \/>\n\t<meta property=\"og:image:width\" content=\"1000\" \/>\n\t<meta property=\"og:image:height\" content=\"1000\" \/>\n\t<meta property=\"og:image:type\" content=\"image\/png\" \/>\n<meta name=\"twitter:card\" content=\"summary_large_image\" \/>\n<meta name=\"twitter:site\" content=\"@vetplusuk\" \/>\n<meta name=\"twitter:label1\" content=\"Est. reading time\" \/>\n\t<meta name=\"twitter:data1\" content=\"1 minute\" \/>\n<script type=\"application\/ld+json\" class=\"yoast-schema-graph\">{\"@context\":\"https:\\\/\\\/schema.org\",\"@graph\":[{\"@type\":\"WebPage\",\"@id\":\"https:\\\/\\\/vetplusglobal.com\\\/es\\\/product\\\/aktivait-medium-large-breed\\\/\",\"url\":\"https:\\\/\\\/vetplusglobal.com\\\/es\\\/product\\\/aktivait-medium-large-breed\\\/\",\"name\":\"AKTIVAIT\u00ae RAZAS MEDIANAS\\\/GRANDES - vetplus\",\"isPartOf\":{\"@id\":\"https:\\\/\\\/vetplusglobal.com\\\/es\\\/#website\"},\"primaryImageOfPage\":{\"@id\":\"https:\\\/\\\/vetplusglobal.com\\\/es\\\/product\\\/aktivait-medium-large-breed\\\/#primaryimage\"},\"image\":{\"@id\":\"https:\\\/\\\/vetplusglobal.com\\\/es\\\/product\\\/aktivait-medium-large-breed\\\/#primaryimage\"},\"thumbnailUrl\":\"https:\\\/\\\/vetplusglobal.com\\\/wp-content\\\/uploads\\\/2025\\\/10\\\/aktivait-large-and-medium-breed.png\",\"datePublished\":\"2025-02-18T16:59:33+00:00\",\"dateModified\":\"2026-03-19T11:32:05+00:00\",\"breadcrumb\":{\"@id\":\"https:\\\/\\\/vetplusglobal.com\\\/es\\\/product\\\/aktivait-medium-large-breed\\\/#breadcrumb\"},\"inLanguage\":\"es-ES\",\"potentialAction\":[{\"@type\":\"ReadAction\",\"target\":[\"https:\\\/\\\/vetplusglobal.com\\\/es\\\/product\\\/aktivait-medium-large-breed\\\/\"]}]},{\"@type\":\"ImageObject\",\"inLanguage\":\"es-ES\",\"@id\":\"https:\\\/\\\/vetplusglobal.com\\\/es\\\/product\\\/aktivait-medium-large-breed\\\/#primaryimage\",\"url\":\"https:\\\/\\\/vetplusglobal.com\\\/wp-content\\\/uploads\\\/2025\\\/10\\\/aktivait-large-and-medium-breed.png\",\"contentUrl\":\"https:\\\/\\\/vetplusglobal.com\\\/wp-content\\\/uploads\\\/2025\\\/10\\\/aktivait-large-and-medium-breed.png\",\"width\":1000,\"height\":1000},{\"@type\":\"BreadcrumbList\",\"@id\":\"https:\\\/\\\/vetplusglobal.com\\\/es\\\/product\\\/aktivait-medium-large-breed\\\/#breadcrumb\",\"itemListElement\":[{\"@type\":\"ListItem\",\"position\":1,\"name\":\"Home\",\"item\":\"https:\\\/\\\/vetplusglobal.com\\\/es\\\/\"},{\"@type\":\"ListItem\",\"position\":2,\"name\":\"Tienda\",\"item\":\"https:\\\/\\\/vetplusglobal.com\\\/es\\\/tienda\\\/\"},{\"@type\":\"ListItem\",\"position\":3,\"name\":\"AKTIVAIT\u00ae RAZAS MEDIANAS\\\/GRANDES\"}]},{\"@type\":\"WebSite\",\"@id\":\"https:\\\/\\\/vetplusglobal.com\\\/es\\\/#website\",\"url\":\"https:\\\/\\\/vetplusglobal.com\\\/es\\\/\",\"name\":\"vetplus\",\"description\":\"The Global Leader in Veterinary Nutraceuticals\",\"publisher\":{\"@id\":\"https:\\\/\\\/vetplusglobal.com\\\/es\\\/#organization\"},\"potentialAction\":[{\"@type\":\"SearchAction\",\"target\":{\"@type\":\"EntryPoint\",\"urlTemplate\":\"https:\\\/\\\/vetplusglobal.com\\\/es\\\/?s={search_term_string}\"},\"query-input\":{\"@type\":\"PropertyValueSpecification\",\"valueRequired\":true,\"valueName\":\"search_term_string\"}}],\"inLanguage\":\"es-ES\"},{\"@type\":\"Organization\",\"@id\":\"https:\\\/\\\/vetplusglobal.com\\\/es\\\/#organization\",\"name\":\"VetPlus\",\"url\":\"https:\\\/\\\/vetplusglobal.com\\\/es\\\/\",\"logo\":{\"@type\":\"ImageObject\",\"inLanguage\":\"es-ES\",\"@id\":\"https:\\\/\\\/vetplusglobal.com\\\/es\\\/#\\\/schema\\\/logo\\\/image\\\/\",\"url\":\"https:\\\/\\\/vetplusglobal.com\\\/wp-content\\\/uploads\\\/2024\\\/12\\\/Group-955-1.jpg\",\"contentUrl\":\"https:\\\/\\\/vetplusglobal.com\\\/wp-content\\\/uploads\\\/2024\\\/12\\\/Group-955-1.jpg\",\"width\":696,\"height\":696,\"caption\":\"VetPlus\"},\"image\":{\"@id\":\"https:\\\/\\\/vetplusglobal.com\\\/es\\\/#\\\/schema\\\/logo\\\/image\\\/\"},\"sameAs\":[\"https:\\\/\\\/www.facebook.com\\\/vetplusUK\\\/\",\"https:\\\/\\\/x.com\\\/vetplusuk\"]}]}<\/script>\n<!-- \/ Yoast SEO plugin. -->","yoast_head_json":{"title":"AKTIVAIT\u00ae RAZAS MEDIANAS\/GRANDES - vetplus","robots":{"index":"index","follow":"follow","max-snippet":"max-snippet:-1","max-image-preview":"max-image-preview:large","max-video-preview":"max-video-preview:-1"},"canonical":"https:\/\/vetplusglobal.com\/es\/product\/aktivait-medium-large-breed\/","og_locale":"es_ES","og_type":"article","og_title":"AKTIVAIT\u00ae RAZAS MEDIANAS\/GRANDES - vetplus","og_description":"AKTIVAIT\u00ae es un nutrac\u00e9utico \u00fanico, dise\u00f1ado para favorecer la salud neurol\u00f3gica de los perros mayores. AKTIVAIT\u00ae puede aportar nutrientes clave para favorecer el funcionamiento normal de las c\u00e9lulas nerviosas. Los palatables comprimidos est\u00e1n dise\u00f1ados para facilitar su uso y proporcionar un apoyo a largo plazo.  Para mantener la salud neurol\u00f3gica de su perro es necesario un entorno estable en casa, suplementos nutricionales y su amor y cuidados.","og_url":"https:\/\/vetplusglobal.com\/es\/product\/aktivait-medium-large-breed\/","og_site_name":"vetplus","article_publisher":"https:\/\/www.facebook.com\/vetplusUK\/","article_modified_time":"2026-03-19T11:32:05+00:00","og_image":[{"width":1000,"height":1000,"url":"https:\/\/vetplusglobal.com\/wp-content\/uploads\/2025\/10\/aktivait-large-and-medium-breed.png","type":"image\/png"}],"twitter_card":"summary_large_image","twitter_site":"@vetplusuk","twitter_misc":{"Est. reading time":"1 minute"},"schema":{"@context":"https:\/\/schema.org","@graph":[{"@type":"WebPage","@id":"https:\/\/vetplusglobal.com\/es\/product\/aktivait-medium-large-breed\/","url":"https:\/\/vetplusglobal.com\/es\/product\/aktivait-medium-large-breed\/","name":"AKTIVAIT\u00ae RAZAS MEDIANAS\/GRANDES - vetplus","isPartOf":{"@id":"https:\/\/vetplusglobal.com\/es\/#website"},"primaryImageOfPage":{"@id":"https:\/\/vetplusglobal.com\/es\/product\/aktivait-medium-large-breed\/#primaryimage"},"image":{"@id":"https:\/\/vetplusglobal.com\/es\/product\/aktivait-medium-large-breed\/#primaryimage"},"thumbnailUrl":"https:\/\/vetplusglobal.com\/wp-content\/uploads\/2025\/10\/aktivait-large-and-medium-breed.png","datePublished":"2025-02-18T16:59:33+00:00","dateModified":"2026-03-19T11:32:05+00:00","breadcrumb":{"@id":"https:\/\/vetplusglobal.com\/es\/product\/aktivait-medium-large-breed\/#breadcrumb"},"inLanguage":"es-ES","potentialAction":[{"@type":"ReadAction","target":["https:\/\/vetplusglobal.com\/es\/product\/aktivait-medium-large-breed\/"]}]},{"@type":"ImageObject","inLanguage":"es-ES","@id":"https:\/\/vetplusglobal.com\/es\/product\/aktivait-medium-large-breed\/#primaryimage","url":"https:\/\/vetplusglobal.com\/wp-content\/uploads\/2025\/10\/aktivait-large-and-medium-breed.png","contentUrl":"https:\/\/vetplusglobal.com\/wp-content\/uploads\/2025\/10\/aktivait-large-and-medium-breed.png","width":1000,"height":1000},{"@type":"BreadcrumbList","@id":"https:\/\/vetplusglobal.com\/es\/product\/aktivait-medium-large-breed\/#breadcrumb","itemListElement":[{"@type":"ListItem","position":1,"name":"Home","item":"https:\/\/vetplusglobal.com\/es\/"},{"@type":"ListItem","position":2,"name":"Tienda","item":"https:\/\/vetplusglobal.com\/es\/tienda\/"},{"@type":"ListItem","position":3,"name":"AKTIVAIT\u00ae RAZAS MEDIANAS\/GRANDES"}]},{"@type":"WebSite","@id":"https:\/\/vetplusglobal.com\/es\/#website","url":"https:\/\/vetplusglobal.com\/es\/","name":"vetplus","description":"The Global Leader in Veterinary Nutraceuticals","publisher":{"@id":"https:\/\/vetplusglobal.com\/es\/#organization"},"potentialAction":[{"@type":"SearchAction","target":{"@type":"EntryPoint","urlTemplate":"https:\/\/vetplusglobal.com\/es\/?s={search_term_string}"},"query-input":{"@type":"PropertyValueSpecification","valueRequired":true,"valueName":"search_term_string"}}],"inLanguage":"es-ES"},{"@type":"Organization","@id":"https:\/\/vetplusglobal.com\/es\/#organization","name":"VetPlus","url":"https:\/\/vetplusglobal.com\/es\/","logo":{"@type":"ImageObject","inLanguage":"es-ES","@id":"https:\/\/vetplusglobal.com\/es\/#\/schema\/logo\/image\/","url":"https:\/\/vetplusglobal.com\/wp-content\/uploads\/2024\/12\/Group-955-1.jpg","contentUrl":"https:\/\/vetplusglobal.com\/wp-content\/uploads\/2024\/12\/Group-955-1.jpg","width":696,"height":696,"caption":"VetPlus"},"image":{"@id":"https:\/\/vetplusglobal.com\/es\/#\/schema\/logo\/image\/"},"sameAs":["https:\/\/www.facebook.com\/vetplusUK\/","https:\/\/x.com\/vetplusuk"]}]}},"_links":{"self":[{"href":"https:\/\/vetplusglobal.com\/es\/wp-json\/wp\/v2\/product\/42981","targetHints":{"allow":["GET"]}}],"collection":[{"href":"https:\/\/vetplusglobal.com\/es\/wp-json\/wp\/v2\/product"}],"about":[{"href":"https:\/\/vetplusglobal.com\/es\/wp-json\/wp\/v2\/types\/product"}],"wp:featuredmedia":[{"embeddable":true,"href":"https:\/\/vetplusglobal.com\/es\/wp-json\/wp\/v2\/media\/18218"}],"wp:attachment":[{"href":"https:\/\/vetplusglobal.com\/es\/wp-json\/wp\/v2\/media?parent=42981"}],"wp:term":[{"taxonomy":"product_brand","embeddable":true,"href":"https:\/\/vetplusglobal.com\/es\/wp-json\/wp\/v2\/product_brand?post=42981"},{"taxonomy":"product_cat","embeddable":true,"href":"https:\/\/vetplusglobal.com\/es\/wp-json\/wp\/v2\/product_cat?post=42981"},{"taxonomy":"product_tag","embeddable":true,"href":"https:\/\/vetplusglobal.com\/es\/wp-json\/wp\/v2\/product_tag?post=42981"}],"curies":[{"name":"wp","href":"https:\/\/api.w.org\/{rel}","templated":true}]}}