{"id":43000,"date":"2025-02-20T10:03:43","date_gmt":"2025-02-20T10:03:43","guid":{"rendered":"https:\/\/vetplusglobal.com\/product\/gomega-for-cats\/"},"modified":"2026-03-19T13:43:54","modified_gmt":"2026-03-19T13:43:54","slug":"gomega-for-cats","status":"publish","type":"product","link":"https:\/\/vetplusglobal.com\/es\/product\/gomega-for-cats\/","title":{"rendered":"GOMEGA\u00ae PARA GATOS"},"content":{"rendered":"","protected":false},"excerpt":{"rendered":"<p>GOMEGA\u00ae PARA GATOS es un nutrac\u00e9utico que proporciona altas concentraciones de AGEs Omega 3, en la dosis recomendada para gatos. Contiene las concentraciones de EPA y DHA que han demostrado ayudar a mantener la salud card\u00edaca y renal en animales. La fuente de omega 3 en GOMEGA\u00ae PARA GATOS es el aceite de pescado, que ha pasado por m\u00faltiples etapas de purificaci\u00f3n y concentraci\u00f3n para garantizar un producto de la m\u00e1s alta calidad.<br \/>\nGOMEGA\u00ae PARA GATOS es un producto oleoso, disponible en un envase con dispensador al vac\u00edo, para garantizar su frescura. Se puede a\u00f1adir a la comida, para facilitar su administraci\u00f3n a los perros.<\/p>\n","protected":false},"featured_media":31983,"template":"","meta":{"_acf_changed":false,"_oasis_is_in_workflow":0,"_oasis_original":0,"_oasis_task_priority":""},"product_brand":[],"product_cat":[1848,1837,1797],"product_tag":[],"class_list":{"0":"post-43000","1":"product","2":"type-product","3":"status-publish","4":"has-post-thumbnail","6":"product_cat-gomega-es","7":"product_cat-medicina-interna","8":"product_cat-paragatos","10":"first","11":"instock","12":"shipping-taxable","13":"product-type-simple"},"acf":[],"yoast_head":"<!-- This site is optimized with the Yoast SEO plugin v27.3 - https:\/\/yoast.com\/product\/yoast-seo-wordpress\/ -->\n<title>GOMEGA\u00ae PARA GATOS - vetplus<\/title>\n<meta name=\"robots\" content=\"index, follow, max-snippet:-1, max-image-preview:large, max-video-preview:-1\" \/>\n<link rel=\"canonical\" href=\"https:\/\/vetplusglobal.com\/es\/product\/gomega-for-cats\/\" \/>\n<meta property=\"og:locale\" content=\"es_ES\" \/>\n<meta property=\"og:type\" content=\"article\" \/>\n<meta property=\"og:title\" content=\"GOMEGA\u00ae PARA GATOS - vetplus\" \/>\n<meta property=\"og:description\" content=\"GOMEGA\u00ae PARA GATOS es un nutrac\u00e9utico que proporciona altas concentraciones de AGEs Omega 3, en la dosis recomendada para gatos. Contiene las concentraciones de EPA y DHA que han demostrado ayudar a mantener la salud card\u00edaca y renal en animales. La fuente de omega 3 en GOMEGA\u00ae PARA GATOS es el aceite de pescado, que ha pasado por m\u00faltiples etapas de purificaci\u00f3n y concentraci\u00f3n para garantizar un producto de la m\u00e1s alta calidad. GOMEGA\u00ae PARA GATOS es un producto oleoso, disponible en un envase con dispensador al vac\u00edo, para garantizar su frescura. Se puede a\u00f1adir a la comida, para facilitar su administraci\u00f3n a los perros.\" \/>\n<meta property=\"og:url\" content=\"https:\/\/vetplusglobal.com\/es\/product\/gomega-for-cats\/\" \/>\n<meta property=\"og:site_name\" content=\"vetplus\" \/>\n<meta property=\"article:publisher\" content=\"https:\/\/www.facebook.com\/vetplusUK\/\" \/>\n<meta property=\"article:modified_time\" content=\"2026-03-19T13:43:54+00:00\" \/>\n<meta property=\"og:image\" content=\"https:\/\/vetplusglobal.com\/wp-content\/uploads\/2025\/10\/Gomega-cats.png\" \/>\n\t<meta property=\"og:image:width\" content=\"1000\" \/>\n\t<meta property=\"og:image:height\" content=\"1000\" \/>\n\t<meta property=\"og:image:type\" content=\"image\/png\" \/>\n<meta name=\"twitter:card\" content=\"summary_large_image\" \/>\n<meta name=\"twitter:site\" content=\"@vetplusuk\" \/>\n<meta name=\"twitter:label1\" content=\"Est. reading time\" \/>\n\t<meta name=\"twitter:data1\" content=\"1 minute\" \/>\n<script type=\"application\/ld+json\" class=\"yoast-schema-graph\">{\"@context\":\"https:\\\/\\\/schema.org\",\"@graph\":[{\"@type\":\"WebPage\",\"@id\":\"https:\\\/\\\/vetplusglobal.com\\\/es\\\/product\\\/gomega-for-cats\\\/\",\"url\":\"https:\\\/\\\/vetplusglobal.com\\\/es\\\/product\\\/gomega-for-cats\\\/\",\"name\":\"GOMEGA\u00ae PARA GATOS - vetplus\",\"isPartOf\":{\"@id\":\"https:\\\/\\\/vetplusglobal.com\\\/es\\\/#website\"},\"primaryImageOfPage\":{\"@id\":\"https:\\\/\\\/vetplusglobal.com\\\/es\\\/product\\\/gomega-for-cats\\\/#primaryimage\"},\"image\":{\"@id\":\"https:\\\/\\\/vetplusglobal.com\\\/es\\\/product\\\/gomega-for-cats\\\/#primaryimage\"},\"thumbnailUrl\":\"https:\\\/\\\/vetplusglobal.com\\\/wp-content\\\/uploads\\\/2025\\\/10\\\/Gomega-cats.png\",\"datePublished\":\"2025-02-20T10:03:43+00:00\",\"dateModified\":\"2026-03-19T13:43:54+00:00\",\"breadcrumb\":{\"@id\":\"https:\\\/\\\/vetplusglobal.com\\\/es\\\/product\\\/gomega-for-cats\\\/#breadcrumb\"},\"inLanguage\":\"es-ES\",\"potentialAction\":[{\"@type\":\"ReadAction\",\"target\":[\"https:\\\/\\\/vetplusglobal.com\\\/es\\\/product\\\/gomega-for-cats\\\/\"]}]},{\"@type\":\"ImageObject\",\"inLanguage\":\"es-ES\",\"@id\":\"https:\\\/\\\/vetplusglobal.com\\\/es\\\/product\\\/gomega-for-cats\\\/#primaryimage\",\"url\":\"https:\\\/\\\/vetplusglobal.com\\\/wp-content\\\/uploads\\\/2025\\\/10\\\/Gomega-cats.png\",\"contentUrl\":\"https:\\\/\\\/vetplusglobal.com\\\/wp-content\\\/uploads\\\/2025\\\/10\\\/Gomega-cats.png\",\"width\":1000,\"height\":1000},{\"@type\":\"BreadcrumbList\",\"@id\":\"https:\\\/\\\/vetplusglobal.com\\\/es\\\/product\\\/gomega-for-cats\\\/#breadcrumb\",\"itemListElement\":[{\"@type\":\"ListItem\",\"position\":1,\"name\":\"Home\",\"item\":\"https:\\\/\\\/vetplusglobal.com\\\/es\\\/\"},{\"@type\":\"ListItem\",\"position\":2,\"name\":\"Tienda\",\"item\":\"https:\\\/\\\/vetplusglobal.com\\\/shop\\\/\"},{\"@type\":\"ListItem\",\"position\":3,\"name\":\"GOMEGA\u00ae PARA GATOS\"}]},{\"@type\":\"WebSite\",\"@id\":\"https:\\\/\\\/vetplusglobal.com\\\/es\\\/#website\",\"url\":\"https:\\\/\\\/vetplusglobal.com\\\/es\\\/\",\"name\":\"vetplus\",\"description\":\"The Global Leader in Veterinary Nutraceuticals\",\"publisher\":{\"@id\":\"https:\\\/\\\/vetplusglobal.com\\\/es\\\/#organization\"},\"potentialAction\":[{\"@type\":\"SearchAction\",\"target\":{\"@type\":\"EntryPoint\",\"urlTemplate\":\"https:\\\/\\\/vetplusglobal.com\\\/es\\\/?s={search_term_string}\"},\"query-input\":{\"@type\":\"PropertyValueSpecification\",\"valueRequired\":true,\"valueName\":\"search_term_string\"}}],\"inLanguage\":\"es-ES\"},{\"@type\":\"Organization\",\"@id\":\"https:\\\/\\\/vetplusglobal.com\\\/es\\\/#organization\",\"name\":\"VetPlus\",\"url\":\"https:\\\/\\\/vetplusglobal.com\\\/es\\\/\",\"logo\":{\"@type\":\"ImageObject\",\"inLanguage\":\"es-ES\",\"@id\":\"https:\\\/\\\/vetplusglobal.com\\\/es\\\/#\\\/schema\\\/logo\\\/image\\\/\",\"url\":\"https:\\\/\\\/vetplusglobal.com\\\/wp-content\\\/uploads\\\/2024\\\/12\\\/Group-955-1.jpg\",\"contentUrl\":\"https:\\\/\\\/vetplusglobal.com\\\/wp-content\\\/uploads\\\/2024\\\/12\\\/Group-955-1.jpg\",\"width\":696,\"height\":696,\"caption\":\"VetPlus\"},\"image\":{\"@id\":\"https:\\\/\\\/vetplusglobal.com\\\/es\\\/#\\\/schema\\\/logo\\\/image\\\/\"},\"sameAs\":[\"https:\\\/\\\/www.facebook.com\\\/vetplusUK\\\/\",\"https:\\\/\\\/x.com\\\/vetplusuk\"]}]}<\/script>\n<!-- \/ Yoast SEO plugin. -->","yoast_head_json":{"title":"GOMEGA\u00ae PARA GATOS - vetplus","robots":{"index":"index","follow":"follow","max-snippet":"max-snippet:-1","max-image-preview":"max-image-preview:large","max-video-preview":"max-video-preview:-1"},"canonical":"https:\/\/vetplusglobal.com\/es\/product\/gomega-for-cats\/","og_locale":"es_ES","og_type":"article","og_title":"GOMEGA\u00ae PARA GATOS - vetplus","og_description":"GOMEGA\u00ae PARA GATOS es un nutrac\u00e9utico que proporciona altas concentraciones de AGEs Omega 3, en la dosis recomendada para gatos. Contiene las concentraciones de EPA y DHA que han demostrado ayudar a mantener la salud card\u00edaca y renal en animales. La fuente de omega 3 en GOMEGA\u00ae PARA GATOS es el aceite de pescado, que ha pasado por m\u00faltiples etapas de purificaci\u00f3n y concentraci\u00f3n para garantizar un producto de la m\u00e1s alta calidad. GOMEGA\u00ae PARA GATOS es un producto oleoso, disponible en un envase con dispensador al vac\u00edo, para garantizar su frescura. Se puede a\u00f1adir a la comida, para facilitar su administraci\u00f3n a los perros.","og_url":"https:\/\/vetplusglobal.com\/es\/product\/gomega-for-cats\/","og_site_name":"vetplus","article_publisher":"https:\/\/www.facebook.com\/vetplusUK\/","article_modified_time":"2026-03-19T13:43:54+00:00","og_image":[{"width":1000,"height":1000,"url":"https:\/\/vetplusglobal.com\/wp-content\/uploads\/2025\/10\/Gomega-cats.png","type":"image\/png"}],"twitter_card":"summary_large_image","twitter_site":"@vetplusuk","twitter_misc":{"Est. reading time":"1 minute"},"schema":{"@context":"https:\/\/schema.org","@graph":[{"@type":"WebPage","@id":"https:\/\/vetplusglobal.com\/es\/product\/gomega-for-cats\/","url":"https:\/\/vetplusglobal.com\/es\/product\/gomega-for-cats\/","name":"GOMEGA\u00ae PARA GATOS - vetplus","isPartOf":{"@id":"https:\/\/vetplusglobal.com\/es\/#website"},"primaryImageOfPage":{"@id":"https:\/\/vetplusglobal.com\/es\/product\/gomega-for-cats\/#primaryimage"},"image":{"@id":"https:\/\/vetplusglobal.com\/es\/product\/gomega-for-cats\/#primaryimage"},"thumbnailUrl":"https:\/\/vetplusglobal.com\/wp-content\/uploads\/2025\/10\/Gomega-cats.png","datePublished":"2025-02-20T10:03:43+00:00","dateModified":"2026-03-19T13:43:54+00:00","breadcrumb":{"@id":"https:\/\/vetplusglobal.com\/es\/product\/gomega-for-cats\/#breadcrumb"},"inLanguage":"es-ES","potentialAction":[{"@type":"ReadAction","target":["https:\/\/vetplusglobal.com\/es\/product\/gomega-for-cats\/"]}]},{"@type":"ImageObject","inLanguage":"es-ES","@id":"https:\/\/vetplusglobal.com\/es\/product\/gomega-for-cats\/#primaryimage","url":"https:\/\/vetplusglobal.com\/wp-content\/uploads\/2025\/10\/Gomega-cats.png","contentUrl":"https:\/\/vetplusglobal.com\/wp-content\/uploads\/2025\/10\/Gomega-cats.png","width":1000,"height":1000},{"@type":"BreadcrumbList","@id":"https:\/\/vetplusglobal.com\/es\/product\/gomega-for-cats\/#breadcrumb","itemListElement":[{"@type":"ListItem","position":1,"name":"Home","item":"https:\/\/vetplusglobal.com\/es\/"},{"@type":"ListItem","position":2,"name":"Tienda","item":"https:\/\/vetplusglobal.com\/shop\/"},{"@type":"ListItem","position":3,"name":"GOMEGA\u00ae PARA GATOS"}]},{"@type":"WebSite","@id":"https:\/\/vetplusglobal.com\/es\/#website","url":"https:\/\/vetplusglobal.com\/es\/","name":"vetplus","description":"The Global Leader in Veterinary Nutraceuticals","publisher":{"@id":"https:\/\/vetplusglobal.com\/es\/#organization"},"potentialAction":[{"@type":"SearchAction","target":{"@type":"EntryPoint","urlTemplate":"https:\/\/vetplusglobal.com\/es\/?s={search_term_string}"},"query-input":{"@type":"PropertyValueSpecification","valueRequired":true,"valueName":"search_term_string"}}],"inLanguage":"es-ES"},{"@type":"Organization","@id":"https:\/\/vetplusglobal.com\/es\/#organization","name":"VetPlus","url":"https:\/\/vetplusglobal.com\/es\/","logo":{"@type":"ImageObject","inLanguage":"es-ES","@id":"https:\/\/vetplusglobal.com\/es\/#\/schema\/logo\/image\/","url":"https:\/\/vetplusglobal.com\/wp-content\/uploads\/2024\/12\/Group-955-1.jpg","contentUrl":"https:\/\/vetplusglobal.com\/wp-content\/uploads\/2024\/12\/Group-955-1.jpg","width":696,"height":696,"caption":"VetPlus"},"image":{"@id":"https:\/\/vetplusglobal.com\/es\/#\/schema\/logo\/image\/"},"sameAs":["https:\/\/www.facebook.com\/vetplusUK\/","https:\/\/x.com\/vetplusuk"]}]}},"_links":{"self":[{"href":"https:\/\/vetplusglobal.com\/es\/wp-json\/wp\/v2\/product\/43000","targetHints":{"allow":["GET"]}}],"collection":[{"href":"https:\/\/vetplusglobal.com\/es\/wp-json\/wp\/v2\/product"}],"about":[{"href":"https:\/\/vetplusglobal.com\/es\/wp-json\/wp\/v2\/types\/product"}],"wp:featuredmedia":[{"embeddable":true,"href":"https:\/\/vetplusglobal.com\/es\/wp-json\/wp\/v2\/media\/31983"}],"wp:attachment":[{"href":"https:\/\/vetplusglobal.com\/es\/wp-json\/wp\/v2\/media?parent=43000"}],"wp:term":[{"taxonomy":"product_brand","embeddable":true,"href":"https:\/\/vetplusglobal.com\/es\/wp-json\/wp\/v2\/product_brand?post=43000"},{"taxonomy":"product_cat","embeddable":true,"href":"https:\/\/vetplusglobal.com\/es\/wp-json\/wp\/v2\/product_cat?post=43000"},{"taxonomy":"product_tag","embeddable":true,"href":"https:\/\/vetplusglobal.com\/es\/wp-json\/wp\/v2\/product_tag?post=43000"}],"curies":[{"name":"wp","href":"https:\/\/api.w.org\/{rel}","templated":true}]}}