{"id":43005,"date":"2025-02-20T11:29:05","date_gmt":"2025-02-20T11:29:05","guid":{"rendered":"https:\/\/vetplusglobal.com\/product\/kaminox-sachets\/"},"modified":"2026-03-19T14:08:29","modified_gmt":"2026-03-19T14:08:29","slug":"kaminox-sachets","status":"publish","type":"product","link":"https:\/\/vetplusglobal.com\/es\/product\/kaminox-sachets\/","title":{"rendered":"KAMINOX\u00ae SOBRES"},"content":{"rendered":"","protected":false},"excerpt":{"rendered":"<p>KAMINOX\u00ae SOBRES es un nutrac\u00e9utico para perros y gatos que ayuda a mantener los niveles normales de potasio. Contiene una fuente concentrada de potasio, as\u00ed como una mezcla de vitaminas del grupo B, para un apoyo adicional. Esta alta concentraci\u00f3n significa que puede ser \u00fatil para aquellos animales que se beneficiar\u00edan de niveles m\u00e1s altos de suplementaci\u00f3n de potasio. KAMINOX\u00ae tambi\u00e9n est\u00e1 disponible en forma l\u00edquida, que puede ser m\u00e1s adecuada para gatos y animales m\u00e1s peque\u00f1os. Sin embargo, la elecci\u00f3n puede depender de la forma que sea m\u00e1s adecuada para cada individuo, ya que los sobres de KAMINOX\u00ae vienen con una cuchara medidora, lo que permite alimentar f\u00e1cilmente a las mascotas peque\u00f1as si prefieren la versi\u00f3n en polvo. Su veterinario podr\u00e1 ayudarle a elegir el producto m\u00e1s adecuado para su mascota.<\/p>\n","protected":false},"featured_media":18755,"template":"","meta":{"_acf_changed":false,"_oasis_is_in_workflow":0,"_oasis_original":0,"_oasis_task_priority":""},"product_brand":[],"product_cat":[1837,1797,1800],"product_tag":[],"class_list":{"0":"post-43005","1":"product","2":"type-product","3":"status-publish","4":"has-post-thumbnail","6":"product_cat-medicina-interna","7":"product_cat-paragatos","8":"product_cat-paraperros","10":"first","11":"instock","12":"shipping-taxable","13":"product-type-simple"},"acf":[],"yoast_head":"<!-- This site is optimized with the Yoast SEO plugin v27.3 - https:\/\/yoast.com\/product\/yoast-seo-wordpress\/ -->\n<title>KAMINOX\u00ae SOBRES - vetplus<\/title>\n<meta name=\"robots\" content=\"index, follow, max-snippet:-1, max-image-preview:large, max-video-preview:-1\" \/>\n<link rel=\"canonical\" href=\"https:\/\/vetplusglobal.com\/es\/product\/kaminox-sachets\/\" \/>\n<meta property=\"og:locale\" content=\"es_ES\" \/>\n<meta property=\"og:type\" content=\"article\" \/>\n<meta property=\"og:title\" content=\"KAMINOX\u00ae SOBRES - vetplus\" \/>\n<meta property=\"og:description\" content=\"KAMINOX\u00ae SOBRES es un nutrac\u00e9utico para perros y gatos que ayuda a mantener los niveles normales de potasio. Contiene una fuente concentrada de potasio, as\u00ed como una mezcla de vitaminas del grupo B, para un apoyo adicional. Esta alta concentraci\u00f3n significa que puede ser \u00fatil para aquellos animales que se beneficiar\u00edan de niveles m\u00e1s altos de suplementaci\u00f3n de potasio. KAMINOX\u00ae tambi\u00e9n est\u00e1 disponible en forma l\u00edquida, que puede ser m\u00e1s adecuada para gatos y animales m\u00e1s peque\u00f1os. Sin embargo, la elecci\u00f3n puede depender de la forma que sea m\u00e1s adecuada para cada individuo, ya que los sobres de KAMINOX\u00ae vienen con una cuchara medidora, lo que permite alimentar f\u00e1cilmente a las mascotas peque\u00f1as si prefieren la versi\u00f3n en polvo. Su veterinario podr\u00e1 ayudarle a elegir el producto m\u00e1s adecuado para su mascota.\" \/>\n<meta property=\"og:url\" content=\"https:\/\/vetplusglobal.com\/es\/product\/kaminox-sachets\/\" \/>\n<meta property=\"og:site_name\" content=\"vetplus\" \/>\n<meta property=\"article:publisher\" content=\"https:\/\/www.facebook.com\/vetplusUK\/\" \/>\n<meta property=\"article:modified_time\" content=\"2026-03-19T14:08:29+00:00\" \/>\n<meta property=\"og:image\" content=\"https:\/\/vetplusglobal.com\/wp-content\/uploads\/2025\/10\/kaminox-sachets.png\" \/>\n\t<meta property=\"og:image:width\" content=\"1000\" \/>\n\t<meta property=\"og:image:height\" content=\"1000\" \/>\n\t<meta property=\"og:image:type\" content=\"image\/png\" \/>\n<meta name=\"twitter:card\" content=\"summary_large_image\" \/>\n<meta name=\"twitter:site\" content=\"@vetplusuk\" \/>\n<meta name=\"twitter:label1\" content=\"Est. reading time\" \/>\n\t<meta name=\"twitter:data1\" content=\"1 minute\" \/>\n<script type=\"application\/ld+json\" class=\"yoast-schema-graph\">{\"@context\":\"https:\\\/\\\/schema.org\",\"@graph\":[{\"@type\":\"WebPage\",\"@id\":\"https:\\\/\\\/vetplusglobal.com\\\/es\\\/product\\\/kaminox-sachets\\\/\",\"url\":\"https:\\\/\\\/vetplusglobal.com\\\/es\\\/product\\\/kaminox-sachets\\\/\",\"name\":\"KAMINOX\u00ae SOBRES - vetplus\",\"isPartOf\":{\"@id\":\"https:\\\/\\\/vetplusglobal.com\\\/es\\\/#website\"},\"primaryImageOfPage\":{\"@id\":\"https:\\\/\\\/vetplusglobal.com\\\/es\\\/product\\\/kaminox-sachets\\\/#primaryimage\"},\"image\":{\"@id\":\"https:\\\/\\\/vetplusglobal.com\\\/es\\\/product\\\/kaminox-sachets\\\/#primaryimage\"},\"thumbnailUrl\":\"https:\\\/\\\/vetplusglobal.com\\\/wp-content\\\/uploads\\\/2025\\\/10\\\/kaminox-sachets.png\",\"datePublished\":\"2025-02-20T11:29:05+00:00\",\"dateModified\":\"2026-03-19T14:08:29+00:00\",\"breadcrumb\":{\"@id\":\"https:\\\/\\\/vetplusglobal.com\\\/es\\\/product\\\/kaminox-sachets\\\/#breadcrumb\"},\"inLanguage\":\"es-ES\",\"potentialAction\":[{\"@type\":\"ReadAction\",\"target\":[\"https:\\\/\\\/vetplusglobal.com\\\/es\\\/product\\\/kaminox-sachets\\\/\"]}]},{\"@type\":\"ImageObject\",\"inLanguage\":\"es-ES\",\"@id\":\"https:\\\/\\\/vetplusglobal.com\\\/es\\\/product\\\/kaminox-sachets\\\/#primaryimage\",\"url\":\"https:\\\/\\\/vetplusglobal.com\\\/wp-content\\\/uploads\\\/2025\\\/10\\\/kaminox-sachets.png\",\"contentUrl\":\"https:\\\/\\\/vetplusglobal.com\\\/wp-content\\\/uploads\\\/2025\\\/10\\\/kaminox-sachets.png\",\"width\":1000,\"height\":1000},{\"@type\":\"BreadcrumbList\",\"@id\":\"https:\\\/\\\/vetplusglobal.com\\\/es\\\/product\\\/kaminox-sachets\\\/#breadcrumb\",\"itemListElement\":[{\"@type\":\"ListItem\",\"position\":1,\"name\":\"Home\",\"item\":\"https:\\\/\\\/vetplusglobal.com\\\/es\\\/\"},{\"@type\":\"ListItem\",\"position\":2,\"name\":\"Tienda\",\"item\":\"https:\\\/\\\/vetplusglobal.com\\\/shop\\\/\"},{\"@type\":\"ListItem\",\"position\":3,\"name\":\"KAMINOX\u00ae SOBRES\"}]},{\"@type\":\"WebSite\",\"@id\":\"https:\\\/\\\/vetplusglobal.com\\\/es\\\/#website\",\"url\":\"https:\\\/\\\/vetplusglobal.com\\\/es\\\/\",\"name\":\"vetplus\",\"description\":\"The Global Leader in Veterinary Nutraceuticals\",\"publisher\":{\"@id\":\"https:\\\/\\\/vetplusglobal.com\\\/es\\\/#organization\"},\"potentialAction\":[{\"@type\":\"SearchAction\",\"target\":{\"@type\":\"EntryPoint\",\"urlTemplate\":\"https:\\\/\\\/vetplusglobal.com\\\/es\\\/?s={search_term_string}\"},\"query-input\":{\"@type\":\"PropertyValueSpecification\",\"valueRequired\":true,\"valueName\":\"search_term_string\"}}],\"inLanguage\":\"es-ES\"},{\"@type\":\"Organization\",\"@id\":\"https:\\\/\\\/vetplusglobal.com\\\/es\\\/#organization\",\"name\":\"VetPlus\",\"url\":\"https:\\\/\\\/vetplusglobal.com\\\/es\\\/\",\"logo\":{\"@type\":\"ImageObject\",\"inLanguage\":\"es-ES\",\"@id\":\"https:\\\/\\\/vetplusglobal.com\\\/es\\\/#\\\/schema\\\/logo\\\/image\\\/\",\"url\":\"https:\\\/\\\/vetplusglobal.com\\\/wp-content\\\/uploads\\\/2024\\\/12\\\/Group-955-1.jpg\",\"contentUrl\":\"https:\\\/\\\/vetplusglobal.com\\\/wp-content\\\/uploads\\\/2024\\\/12\\\/Group-955-1.jpg\",\"width\":696,\"height\":696,\"caption\":\"VetPlus\"},\"image\":{\"@id\":\"https:\\\/\\\/vetplusglobal.com\\\/es\\\/#\\\/schema\\\/logo\\\/image\\\/\"},\"sameAs\":[\"https:\\\/\\\/www.facebook.com\\\/vetplusUK\\\/\",\"https:\\\/\\\/x.com\\\/vetplusuk\"]}]}<\/script>\n<!-- \/ Yoast SEO plugin. -->","yoast_head_json":{"title":"KAMINOX\u00ae SOBRES - vetplus","robots":{"index":"index","follow":"follow","max-snippet":"max-snippet:-1","max-image-preview":"max-image-preview:large","max-video-preview":"max-video-preview:-1"},"canonical":"https:\/\/vetplusglobal.com\/es\/product\/kaminox-sachets\/","og_locale":"es_ES","og_type":"article","og_title":"KAMINOX\u00ae SOBRES - vetplus","og_description":"KAMINOX\u00ae SOBRES es un nutrac\u00e9utico para perros y gatos que ayuda a mantener los niveles normales de potasio. Contiene una fuente concentrada de potasio, as\u00ed como una mezcla de vitaminas del grupo B, para un apoyo adicional. Esta alta concentraci\u00f3n significa que puede ser \u00fatil para aquellos animales que se beneficiar\u00edan de niveles m\u00e1s altos de suplementaci\u00f3n de potasio. KAMINOX\u00ae tambi\u00e9n est\u00e1 disponible en forma l\u00edquida, que puede ser m\u00e1s adecuada para gatos y animales m\u00e1s peque\u00f1os. Sin embargo, la elecci\u00f3n puede depender de la forma que sea m\u00e1s adecuada para cada individuo, ya que los sobres de KAMINOX\u00ae vienen con una cuchara medidora, lo que permite alimentar f\u00e1cilmente a las mascotas peque\u00f1as si prefieren la versi\u00f3n en polvo. Su veterinario podr\u00e1 ayudarle a elegir el producto m\u00e1s adecuado para su mascota.","og_url":"https:\/\/vetplusglobal.com\/es\/product\/kaminox-sachets\/","og_site_name":"vetplus","article_publisher":"https:\/\/www.facebook.com\/vetplusUK\/","article_modified_time":"2026-03-19T14:08:29+00:00","og_image":[{"width":1000,"height":1000,"url":"https:\/\/vetplusglobal.com\/wp-content\/uploads\/2025\/10\/kaminox-sachets.png","type":"image\/png"}],"twitter_card":"summary_large_image","twitter_site":"@vetplusuk","twitter_misc":{"Est. reading time":"1 minute"},"schema":{"@context":"https:\/\/schema.org","@graph":[{"@type":"WebPage","@id":"https:\/\/vetplusglobal.com\/es\/product\/kaminox-sachets\/","url":"https:\/\/vetplusglobal.com\/es\/product\/kaminox-sachets\/","name":"KAMINOX\u00ae SOBRES - vetplus","isPartOf":{"@id":"https:\/\/vetplusglobal.com\/es\/#website"},"primaryImageOfPage":{"@id":"https:\/\/vetplusglobal.com\/es\/product\/kaminox-sachets\/#primaryimage"},"image":{"@id":"https:\/\/vetplusglobal.com\/es\/product\/kaminox-sachets\/#primaryimage"},"thumbnailUrl":"https:\/\/vetplusglobal.com\/wp-content\/uploads\/2025\/10\/kaminox-sachets.png","datePublished":"2025-02-20T11:29:05+00:00","dateModified":"2026-03-19T14:08:29+00:00","breadcrumb":{"@id":"https:\/\/vetplusglobal.com\/es\/product\/kaminox-sachets\/#breadcrumb"},"inLanguage":"es-ES","potentialAction":[{"@type":"ReadAction","target":["https:\/\/vetplusglobal.com\/es\/product\/kaminox-sachets\/"]}]},{"@type":"ImageObject","inLanguage":"es-ES","@id":"https:\/\/vetplusglobal.com\/es\/product\/kaminox-sachets\/#primaryimage","url":"https:\/\/vetplusglobal.com\/wp-content\/uploads\/2025\/10\/kaminox-sachets.png","contentUrl":"https:\/\/vetplusglobal.com\/wp-content\/uploads\/2025\/10\/kaminox-sachets.png","width":1000,"height":1000},{"@type":"BreadcrumbList","@id":"https:\/\/vetplusglobal.com\/es\/product\/kaminox-sachets\/#breadcrumb","itemListElement":[{"@type":"ListItem","position":1,"name":"Home","item":"https:\/\/vetplusglobal.com\/es\/"},{"@type":"ListItem","position":2,"name":"Tienda","item":"https:\/\/vetplusglobal.com\/shop\/"},{"@type":"ListItem","position":3,"name":"KAMINOX\u00ae SOBRES"}]},{"@type":"WebSite","@id":"https:\/\/vetplusglobal.com\/es\/#website","url":"https:\/\/vetplusglobal.com\/es\/","name":"vetplus","description":"The Global Leader in Veterinary Nutraceuticals","publisher":{"@id":"https:\/\/vetplusglobal.com\/es\/#organization"},"potentialAction":[{"@type":"SearchAction","target":{"@type":"EntryPoint","urlTemplate":"https:\/\/vetplusglobal.com\/es\/?s={search_term_string}"},"query-input":{"@type":"PropertyValueSpecification","valueRequired":true,"valueName":"search_term_string"}}],"inLanguage":"es-ES"},{"@type":"Organization","@id":"https:\/\/vetplusglobal.com\/es\/#organization","name":"VetPlus","url":"https:\/\/vetplusglobal.com\/es\/","logo":{"@type":"ImageObject","inLanguage":"es-ES","@id":"https:\/\/vetplusglobal.com\/es\/#\/schema\/logo\/image\/","url":"https:\/\/vetplusglobal.com\/wp-content\/uploads\/2024\/12\/Group-955-1.jpg","contentUrl":"https:\/\/vetplusglobal.com\/wp-content\/uploads\/2024\/12\/Group-955-1.jpg","width":696,"height":696,"caption":"VetPlus"},"image":{"@id":"https:\/\/vetplusglobal.com\/es\/#\/schema\/logo\/image\/"},"sameAs":["https:\/\/www.facebook.com\/vetplusUK\/","https:\/\/x.com\/vetplusuk"]}]}},"_links":{"self":[{"href":"https:\/\/vetplusglobal.com\/es\/wp-json\/wp\/v2\/product\/43005","targetHints":{"allow":["GET"]}}],"collection":[{"href":"https:\/\/vetplusglobal.com\/es\/wp-json\/wp\/v2\/product"}],"about":[{"href":"https:\/\/vetplusglobal.com\/es\/wp-json\/wp\/v2\/types\/product"}],"wp:featuredmedia":[{"embeddable":true,"href":"https:\/\/vetplusglobal.com\/es\/wp-json\/wp\/v2\/media\/18755"}],"wp:attachment":[{"href":"https:\/\/vetplusglobal.com\/es\/wp-json\/wp\/v2\/media?parent=43005"}],"wp:term":[{"taxonomy":"product_brand","embeddable":true,"href":"https:\/\/vetplusglobal.com\/es\/wp-json\/wp\/v2\/product_brand?post=43005"},{"taxonomy":"product_cat","embeddable":true,"href":"https:\/\/vetplusglobal.com\/es\/wp-json\/wp\/v2\/product_cat?post=43005"},{"taxonomy":"product_tag","embeddable":true,"href":"https:\/\/vetplusglobal.com\/es\/wp-json\/wp\/v2\/product_tag?post=43005"}],"curies":[{"name":"wp","href":"https:\/\/api.w.org\/{rel}","templated":true}]}}