{"id":43020,"date":"2025-03-14T16:02:40","date_gmt":"2025-03-14T16:02:40","guid":{"rendered":"https:\/\/vetplusglobal.com\/product\/sustain-large-breed\/"},"modified":"2026-03-19T16:05:04","modified_gmt":"2026-03-19T16:05:04","slug":"sustain-large-breed","status":"publish","type":"product","link":"https:\/\/vetplusglobal.com\/es\/product\/sustain-large-breed\/","title":{"rendered":"SUSTAIN\u00ae RAZAS GRANDES"},"content":{"rendered":"","protected":false},"excerpt":{"rendered":"<p>SUSTAIN\u00ae es un nutrac\u00e9utico para perros que favorece la salud intestinal e inmune a largo plazo. El intestino de su perro alberga billones de bacterias beneficiosas, llamadas microbiota. SUSTAIN\u00ae contiene dos tipos de bacterias vivas, llamadas probi\u00f3ticos, as\u00ed como alimento para las bacterias beneficiosas, conocido como prebi\u00f3tico. Tambi\u00e9n contiene betaglucanos, que pueden ayudar a mantener el sistema inmune de su perro, manteni\u00e9ndolo en \u00f3ptimas condiciones. Esta f\u00f3rmula \u00fanica hace que el producto sea beneficioso en una gran variedad de situaciones diferentes.<br \/>\nSUSTAIN\u00ae est\u00e1 disponible en forma de polvo palatable, en sobres individuales, para facilitar su administraci\u00f3n a los perros. Est\u00e1 dise\u00f1ado para mezclarse con la comida.<\/p>\n","protected":false},"featured_media":20653,"template":"","meta":{"_acf_changed":false,"_oasis_is_in_workflow":0,"_oasis_original":0,"_oasis_task_priority":""},"product_brand":[],"product_cat":[1865,1800,1889],"product_tag":[],"class_list":{"0":"post-43020","1":"product","2":"type-product","3":"status-publish","4":"has-post-thumbnail","6":"product_cat-gastrointestinal-es","7":"product_cat-paraperros","8":"product_cat-sustain-es","10":"first","11":"instock","12":"shipping-taxable","13":"product-type-simple"},"acf":[],"yoast_head":"<!-- This site is optimized with the Yoast SEO plugin v27.3 - https:\/\/yoast.com\/product\/yoast-seo-wordpress\/ -->\n<title>SUSTAIN\u00ae RAZAS GRANDES - vetplus<\/title>\n<meta name=\"robots\" content=\"index, follow, max-snippet:-1, max-image-preview:large, max-video-preview:-1\" \/>\n<link rel=\"canonical\" href=\"https:\/\/vetplusglobal.com\/es\/product\/sustain-large-breed\/\" \/>\n<meta property=\"og:locale\" content=\"es_ES\" \/>\n<meta property=\"og:type\" content=\"article\" \/>\n<meta property=\"og:title\" content=\"SUSTAIN\u00ae RAZAS GRANDES - vetplus\" \/>\n<meta property=\"og:description\" content=\"SUSTAIN\u00ae es un nutrac\u00e9utico para perros que favorece la salud intestinal e inmune a largo plazo. El intestino de su perro alberga billones de bacterias beneficiosas, llamadas microbiota. SUSTAIN\u00ae contiene dos tipos de bacterias vivas, llamadas probi\u00f3ticos, as\u00ed como alimento para las bacterias beneficiosas, conocido como prebi\u00f3tico. Tambi\u00e9n contiene betaglucanos, que pueden ayudar a mantener el sistema inmune de su perro, manteni\u00e9ndolo en \u00f3ptimas condiciones. Esta f\u00f3rmula \u00fanica hace que el producto sea beneficioso en una gran variedad de situaciones diferentes. SUSTAIN\u00ae est\u00e1 disponible en forma de polvo palatable, en sobres individuales, para facilitar su administraci\u00f3n a los perros. Est\u00e1 dise\u00f1ado para mezclarse con la comida.\" \/>\n<meta property=\"og:url\" content=\"https:\/\/vetplusglobal.com\/es\/product\/sustain-large-breed\/\" \/>\n<meta property=\"og:site_name\" content=\"vetplus\" \/>\n<meta property=\"article:publisher\" content=\"https:\/\/www.facebook.com\/vetplusUK\/\" \/>\n<meta property=\"article:modified_time\" content=\"2026-03-19T16:05:04+00:00\" \/>\n<meta property=\"og:image\" content=\"https:\/\/vetplusglobal.com\/wp-content\/uploads\/2025\/10\/sustain-large-breed.png\" \/>\n\t<meta property=\"og:image:width\" content=\"1000\" \/>\n\t<meta property=\"og:image:height\" content=\"1000\" \/>\n\t<meta property=\"og:image:type\" content=\"image\/png\" \/>\n<meta name=\"twitter:card\" content=\"summary_large_image\" \/>\n<meta name=\"twitter:site\" content=\"@vetplusuk\" \/>\n<meta name=\"twitter:label1\" content=\"Est. reading time\" \/>\n\t<meta name=\"twitter:data1\" content=\"1 minute\" \/>\n<script type=\"application\/ld+json\" class=\"yoast-schema-graph\">{\"@context\":\"https:\\\/\\\/schema.org\",\"@graph\":[{\"@type\":\"WebPage\",\"@id\":\"https:\\\/\\\/vetplusglobal.com\\\/es\\\/product\\\/sustain-large-breed\\\/\",\"url\":\"https:\\\/\\\/vetplusglobal.com\\\/es\\\/product\\\/sustain-large-breed\\\/\",\"name\":\"SUSTAIN\u00ae RAZAS GRANDES - vetplus\",\"isPartOf\":{\"@id\":\"https:\\\/\\\/vetplusglobal.com\\\/es\\\/#website\"},\"primaryImageOfPage\":{\"@id\":\"https:\\\/\\\/vetplusglobal.com\\\/es\\\/product\\\/sustain-large-breed\\\/#primaryimage\"},\"image\":{\"@id\":\"https:\\\/\\\/vetplusglobal.com\\\/es\\\/product\\\/sustain-large-breed\\\/#primaryimage\"},\"thumbnailUrl\":\"https:\\\/\\\/vetplusglobal.com\\\/wp-content\\\/uploads\\\/2025\\\/10\\\/sustain-large-breed.png\",\"datePublished\":\"2025-03-14T16:02:40+00:00\",\"dateModified\":\"2026-03-19T16:05:04+00:00\",\"breadcrumb\":{\"@id\":\"https:\\\/\\\/vetplusglobal.com\\\/es\\\/product\\\/sustain-large-breed\\\/#breadcrumb\"},\"inLanguage\":\"es-ES\",\"potentialAction\":[{\"@type\":\"ReadAction\",\"target\":[\"https:\\\/\\\/vetplusglobal.com\\\/es\\\/product\\\/sustain-large-breed\\\/\"]}]},{\"@type\":\"ImageObject\",\"inLanguage\":\"es-ES\",\"@id\":\"https:\\\/\\\/vetplusglobal.com\\\/es\\\/product\\\/sustain-large-breed\\\/#primaryimage\",\"url\":\"https:\\\/\\\/vetplusglobal.com\\\/wp-content\\\/uploads\\\/2025\\\/10\\\/sustain-large-breed.png\",\"contentUrl\":\"https:\\\/\\\/vetplusglobal.com\\\/wp-content\\\/uploads\\\/2025\\\/10\\\/sustain-large-breed.png\",\"width\":1000,\"height\":1000},{\"@type\":\"BreadcrumbList\",\"@id\":\"https:\\\/\\\/vetplusglobal.com\\\/es\\\/product\\\/sustain-large-breed\\\/#breadcrumb\",\"itemListElement\":[{\"@type\":\"ListItem\",\"position\":1,\"name\":\"Home\",\"item\":\"https:\\\/\\\/vetplusglobal.com\\\/es\\\/\"},{\"@type\":\"ListItem\",\"position\":2,\"name\":\"Tienda\",\"item\":\"https:\\\/\\\/vetplusglobal.com\\\/shop\\\/\"},{\"@type\":\"ListItem\",\"position\":3,\"name\":\"SUSTAIN\u00ae RAZAS GRANDES\"}]},{\"@type\":\"WebSite\",\"@id\":\"https:\\\/\\\/vetplusglobal.com\\\/es\\\/#website\",\"url\":\"https:\\\/\\\/vetplusglobal.com\\\/es\\\/\",\"name\":\"vetplus\",\"description\":\"The Global Leader in Veterinary Nutraceuticals\",\"publisher\":{\"@id\":\"https:\\\/\\\/vetplusglobal.com\\\/es\\\/#organization\"},\"potentialAction\":[{\"@type\":\"SearchAction\",\"target\":{\"@type\":\"EntryPoint\",\"urlTemplate\":\"https:\\\/\\\/vetplusglobal.com\\\/es\\\/?s={search_term_string}\"},\"query-input\":{\"@type\":\"PropertyValueSpecification\",\"valueRequired\":true,\"valueName\":\"search_term_string\"}}],\"inLanguage\":\"es-ES\"},{\"@type\":\"Organization\",\"@id\":\"https:\\\/\\\/vetplusglobal.com\\\/es\\\/#organization\",\"name\":\"VetPlus\",\"url\":\"https:\\\/\\\/vetplusglobal.com\\\/es\\\/\",\"logo\":{\"@type\":\"ImageObject\",\"inLanguage\":\"es-ES\",\"@id\":\"https:\\\/\\\/vetplusglobal.com\\\/es\\\/#\\\/schema\\\/logo\\\/image\\\/\",\"url\":\"https:\\\/\\\/vetplusglobal.com\\\/wp-content\\\/uploads\\\/2024\\\/12\\\/Group-955-1.jpg\",\"contentUrl\":\"https:\\\/\\\/vetplusglobal.com\\\/wp-content\\\/uploads\\\/2024\\\/12\\\/Group-955-1.jpg\",\"width\":696,\"height\":696,\"caption\":\"VetPlus\"},\"image\":{\"@id\":\"https:\\\/\\\/vetplusglobal.com\\\/es\\\/#\\\/schema\\\/logo\\\/image\\\/\"},\"sameAs\":[\"https:\\\/\\\/www.facebook.com\\\/vetplusUK\\\/\",\"https:\\\/\\\/x.com\\\/vetplusuk\"]}]}<\/script>\n<!-- \/ Yoast SEO plugin. -->","yoast_head_json":{"title":"SUSTAIN\u00ae RAZAS GRANDES - vetplus","robots":{"index":"index","follow":"follow","max-snippet":"max-snippet:-1","max-image-preview":"max-image-preview:large","max-video-preview":"max-video-preview:-1"},"canonical":"https:\/\/vetplusglobal.com\/es\/product\/sustain-large-breed\/","og_locale":"es_ES","og_type":"article","og_title":"SUSTAIN\u00ae RAZAS GRANDES - vetplus","og_description":"SUSTAIN\u00ae es un nutrac\u00e9utico para perros que favorece la salud intestinal e inmune a largo plazo. El intestino de su perro alberga billones de bacterias beneficiosas, llamadas microbiota. SUSTAIN\u00ae contiene dos tipos de bacterias vivas, llamadas probi\u00f3ticos, as\u00ed como alimento para las bacterias beneficiosas, conocido como prebi\u00f3tico. Tambi\u00e9n contiene betaglucanos, que pueden ayudar a mantener el sistema inmune de su perro, manteni\u00e9ndolo en \u00f3ptimas condiciones. Esta f\u00f3rmula \u00fanica hace que el producto sea beneficioso en una gran variedad de situaciones diferentes. SUSTAIN\u00ae est\u00e1 disponible en forma de polvo palatable, en sobres individuales, para facilitar su administraci\u00f3n a los perros. Est\u00e1 dise\u00f1ado para mezclarse con la comida.","og_url":"https:\/\/vetplusglobal.com\/es\/product\/sustain-large-breed\/","og_site_name":"vetplus","article_publisher":"https:\/\/www.facebook.com\/vetplusUK\/","article_modified_time":"2026-03-19T16:05:04+00:00","og_image":[{"width":1000,"height":1000,"url":"https:\/\/vetplusglobal.com\/wp-content\/uploads\/2025\/10\/sustain-large-breed.png","type":"image\/png"}],"twitter_card":"summary_large_image","twitter_site":"@vetplusuk","twitter_misc":{"Est. reading time":"1 minute"},"schema":{"@context":"https:\/\/schema.org","@graph":[{"@type":"WebPage","@id":"https:\/\/vetplusglobal.com\/es\/product\/sustain-large-breed\/","url":"https:\/\/vetplusglobal.com\/es\/product\/sustain-large-breed\/","name":"SUSTAIN\u00ae RAZAS GRANDES - vetplus","isPartOf":{"@id":"https:\/\/vetplusglobal.com\/es\/#website"},"primaryImageOfPage":{"@id":"https:\/\/vetplusglobal.com\/es\/product\/sustain-large-breed\/#primaryimage"},"image":{"@id":"https:\/\/vetplusglobal.com\/es\/product\/sustain-large-breed\/#primaryimage"},"thumbnailUrl":"https:\/\/vetplusglobal.com\/wp-content\/uploads\/2025\/10\/sustain-large-breed.png","datePublished":"2025-03-14T16:02:40+00:00","dateModified":"2026-03-19T16:05:04+00:00","breadcrumb":{"@id":"https:\/\/vetplusglobal.com\/es\/product\/sustain-large-breed\/#breadcrumb"},"inLanguage":"es-ES","potentialAction":[{"@type":"ReadAction","target":["https:\/\/vetplusglobal.com\/es\/product\/sustain-large-breed\/"]}]},{"@type":"ImageObject","inLanguage":"es-ES","@id":"https:\/\/vetplusglobal.com\/es\/product\/sustain-large-breed\/#primaryimage","url":"https:\/\/vetplusglobal.com\/wp-content\/uploads\/2025\/10\/sustain-large-breed.png","contentUrl":"https:\/\/vetplusglobal.com\/wp-content\/uploads\/2025\/10\/sustain-large-breed.png","width":1000,"height":1000},{"@type":"BreadcrumbList","@id":"https:\/\/vetplusglobal.com\/es\/product\/sustain-large-breed\/#breadcrumb","itemListElement":[{"@type":"ListItem","position":1,"name":"Home","item":"https:\/\/vetplusglobal.com\/es\/"},{"@type":"ListItem","position":2,"name":"Tienda","item":"https:\/\/vetplusglobal.com\/shop\/"},{"@type":"ListItem","position":3,"name":"SUSTAIN\u00ae RAZAS GRANDES"}]},{"@type":"WebSite","@id":"https:\/\/vetplusglobal.com\/es\/#website","url":"https:\/\/vetplusglobal.com\/es\/","name":"vetplus","description":"The Global Leader in Veterinary Nutraceuticals","publisher":{"@id":"https:\/\/vetplusglobal.com\/es\/#organization"},"potentialAction":[{"@type":"SearchAction","target":{"@type":"EntryPoint","urlTemplate":"https:\/\/vetplusglobal.com\/es\/?s={search_term_string}"},"query-input":{"@type":"PropertyValueSpecification","valueRequired":true,"valueName":"search_term_string"}}],"inLanguage":"es-ES"},{"@type":"Organization","@id":"https:\/\/vetplusglobal.com\/es\/#organization","name":"VetPlus","url":"https:\/\/vetplusglobal.com\/es\/","logo":{"@type":"ImageObject","inLanguage":"es-ES","@id":"https:\/\/vetplusglobal.com\/es\/#\/schema\/logo\/image\/","url":"https:\/\/vetplusglobal.com\/wp-content\/uploads\/2024\/12\/Group-955-1.jpg","contentUrl":"https:\/\/vetplusglobal.com\/wp-content\/uploads\/2024\/12\/Group-955-1.jpg","width":696,"height":696,"caption":"VetPlus"},"image":{"@id":"https:\/\/vetplusglobal.com\/es\/#\/schema\/logo\/image\/"},"sameAs":["https:\/\/www.facebook.com\/vetplusUK\/","https:\/\/x.com\/vetplusuk"]}]}},"_links":{"self":[{"href":"https:\/\/vetplusglobal.com\/es\/wp-json\/wp\/v2\/product\/43020","targetHints":{"allow":["GET"]}}],"collection":[{"href":"https:\/\/vetplusglobal.com\/es\/wp-json\/wp\/v2\/product"}],"about":[{"href":"https:\/\/vetplusglobal.com\/es\/wp-json\/wp\/v2\/types\/product"}],"wp:featuredmedia":[{"embeddable":true,"href":"https:\/\/vetplusglobal.com\/es\/wp-json\/wp\/v2\/media\/20653"}],"wp:attachment":[{"href":"https:\/\/vetplusglobal.com\/es\/wp-json\/wp\/v2\/media?parent=43020"}],"wp:term":[{"taxonomy":"product_brand","embeddable":true,"href":"https:\/\/vetplusglobal.com\/es\/wp-json\/wp\/v2\/product_brand?post=43020"},{"taxonomy":"product_cat","embeddable":true,"href":"https:\/\/vetplusglobal.com\/es\/wp-json\/wp\/v2\/product_cat?post=43020"},{"taxonomy":"product_tag","embeddable":true,"href":"https:\/\/vetplusglobal.com\/es\/wp-json\/wp\/v2\/product_tag?post=43020"}],"curies":[{"name":"wp","href":"https:\/\/api.w.org\/{rel}","templated":true}]}}