{"id":43033,"date":"2025-01-14T12:32:02","date_gmt":"2025-01-14T12:32:02","guid":{"rendered":"https:\/\/vetplusglobal.com\/product\/vetsalve\/"},"modified":"2026-03-19T16:25:55","modified_gmt":"2026-03-19T16:25:55","slug":"vetsalve","status":"publish","type":"product","link":"https:\/\/vetplusglobal.com\/es\/product\/vetsalve\/","title":{"rendered":"VETSALVE\u00ae"},"content":{"rendered":"","protected":false},"excerpt":{"rendered":"<p>VETSALVE\u00ae contiene el ingrediente \u00fanico, resina de abeto Noruego, en una base oleosa. Esta forma una capa aceitosa en la superficie de la piel y favorece los sistemas naturales que controlan la barrera cut\u00e1nea. La resina de abeto Noruego se produce de manera natural por los \u00e1rboles de abeto Noruego 3-4 semanas despu\u00e9s de sufrir alg\u00fan tipo de da\u00f1o natural. Posteriormente, se endurece en el tronco del \u00e1rbol y se recolecta a mano. Tradicionalmente, esta resina se ha utilizado durante muchos a\u00f1os en Finlandia para favorecer la barrera cut\u00e1nea.<br \/>\nVETSALVE\u00ae est\u00e1 disponible en tubos de 20 ml para perros y gatos<\/p>\n","protected":false},"featured_media":6963,"template":"","meta":{"_acf_changed":false,"_oasis_is_in_workflow":0,"_oasis_original":0,"_oasis_task_priority":""},"product_brand":[],"product_cat":[1898,1797,1800],"product_tag":[],"class_list":{"0":"post-43033","1":"product","2":"type-product","3":"status-publish","4":"has-post-thumbnail","6":"product_cat-dermatologiapelo","7":"product_cat-paragatos","8":"product_cat-paraperros","10":"first","11":"instock","12":"shipping-taxable","13":"product-type-simple"},"acf":[],"yoast_head":"<!-- This site is optimized with the Yoast SEO plugin v27.3 - https:\/\/yoast.com\/product\/yoast-seo-wordpress\/ -->\n<title>VETSALVE\u00ae - vetplus<\/title>\n<meta name=\"robots\" content=\"index, follow, max-snippet:-1, max-image-preview:large, max-video-preview:-1\" \/>\n<link rel=\"canonical\" href=\"https:\/\/vetplusglobal.com\/es\/product\/vetsalve\/\" \/>\n<meta property=\"og:locale\" content=\"es_ES\" \/>\n<meta property=\"og:type\" content=\"article\" \/>\n<meta property=\"og:title\" content=\"VETSALVE\u00ae - vetplus\" \/>\n<meta property=\"og:description\" content=\"VETSALVE\u00ae contiene el ingrediente \u00fanico, resina de abeto Noruego, en una base oleosa. Esta forma una capa aceitosa en la superficie de la piel y favorece los sistemas naturales que controlan la barrera cut\u00e1nea. La resina de abeto Noruego se produce de manera natural por los \u00e1rboles de abeto Noruego 3-4 semanas despu\u00e9s de sufrir alg\u00fan tipo de da\u00f1o natural. Posteriormente, se endurece en el tronco del \u00e1rbol y se recolecta a mano. Tradicionalmente, esta resina se ha utilizado durante muchos a\u00f1os en Finlandia para favorecer la barrera cut\u00e1nea. VETSALVE\u00ae est\u00e1 disponible en tubos de 20 ml para perros y gatos\" \/>\n<meta property=\"og:url\" content=\"https:\/\/vetplusglobal.com\/es\/product\/vetsalve\/\" \/>\n<meta property=\"og:site_name\" content=\"vetplus\" \/>\n<meta property=\"article:publisher\" content=\"https:\/\/www.facebook.com\/vetplusUK\/\" \/>\n<meta property=\"article:modified_time\" content=\"2026-03-19T16:25:55+00:00\" \/>\n<meta property=\"og:image\" content=\"https:\/\/vetplusglobal.com\/wp-content\/uploads\/2025\/01\/Product-Images6.png\" \/>\n\t<meta property=\"og:image:width\" content=\"4500\" \/>\n\t<meta property=\"og:image:height\" content=\"4500\" \/>\n\t<meta property=\"og:image:type\" content=\"image\/png\" \/>\n<meta name=\"twitter:card\" content=\"summary_large_image\" \/>\n<meta name=\"twitter:site\" content=\"@vetplusuk\" \/>\n<meta name=\"twitter:label1\" content=\"Est. reading time\" \/>\n\t<meta name=\"twitter:data1\" content=\"1 minute\" \/>\n<script type=\"application\/ld+json\" class=\"yoast-schema-graph\">{\"@context\":\"https:\\\/\\\/schema.org\",\"@graph\":[{\"@type\":\"WebPage\",\"@id\":\"https:\\\/\\\/vetplusglobal.com\\\/es\\\/product\\\/vetsalve\\\/\",\"url\":\"https:\\\/\\\/vetplusglobal.com\\\/es\\\/product\\\/vetsalve\\\/\",\"name\":\"VETSALVE\u00ae - vetplus\",\"isPartOf\":{\"@id\":\"https:\\\/\\\/vetplusglobal.com\\\/es\\\/#website\"},\"primaryImageOfPage\":{\"@id\":\"https:\\\/\\\/vetplusglobal.com\\\/es\\\/product\\\/vetsalve\\\/#primaryimage\"},\"image\":{\"@id\":\"https:\\\/\\\/vetplusglobal.com\\\/es\\\/product\\\/vetsalve\\\/#primaryimage\"},\"thumbnailUrl\":\"https:\\\/\\\/vetplusglobal.com\\\/wp-content\\\/uploads\\\/2025\\\/01\\\/Product-Images6.png\",\"datePublished\":\"2025-01-14T12:32:02+00:00\",\"dateModified\":\"2026-03-19T16:25:55+00:00\",\"breadcrumb\":{\"@id\":\"https:\\\/\\\/vetplusglobal.com\\\/es\\\/product\\\/vetsalve\\\/#breadcrumb\"},\"inLanguage\":\"es-ES\",\"potentialAction\":[{\"@type\":\"ReadAction\",\"target\":[\"https:\\\/\\\/vetplusglobal.com\\\/es\\\/product\\\/vetsalve\\\/\"]}]},{\"@type\":\"ImageObject\",\"inLanguage\":\"es-ES\",\"@id\":\"https:\\\/\\\/vetplusglobal.com\\\/es\\\/product\\\/vetsalve\\\/#primaryimage\",\"url\":\"https:\\\/\\\/vetplusglobal.com\\\/wp-content\\\/uploads\\\/2025\\\/01\\\/Product-Images6.png\",\"contentUrl\":\"https:\\\/\\\/vetplusglobal.com\\\/wp-content\\\/uploads\\\/2025\\\/01\\\/Product-Images6.png\",\"width\":4500,\"height\":4500},{\"@type\":\"BreadcrumbList\",\"@id\":\"https:\\\/\\\/vetplusglobal.com\\\/es\\\/product\\\/vetsalve\\\/#breadcrumb\",\"itemListElement\":[{\"@type\":\"ListItem\",\"position\":1,\"name\":\"Home\",\"item\":\"https:\\\/\\\/vetplusglobal.com\\\/es\\\/\"},{\"@type\":\"ListItem\",\"position\":2,\"name\":\"Tienda\",\"item\":\"https:\\\/\\\/vetplusglobal.com\\\/shop\\\/\"},{\"@type\":\"ListItem\",\"position\":3,\"name\":\"VETSALVE\u00ae\"}]},{\"@type\":\"WebSite\",\"@id\":\"https:\\\/\\\/vetplusglobal.com\\\/es\\\/#website\",\"url\":\"https:\\\/\\\/vetplusglobal.com\\\/es\\\/\",\"name\":\"vetplus\",\"description\":\"The Global Leader in Veterinary Nutraceuticals\",\"publisher\":{\"@id\":\"https:\\\/\\\/vetplusglobal.com\\\/es\\\/#organization\"},\"potentialAction\":[{\"@type\":\"SearchAction\",\"target\":{\"@type\":\"EntryPoint\",\"urlTemplate\":\"https:\\\/\\\/vetplusglobal.com\\\/es\\\/?s={search_term_string}\"},\"query-input\":{\"@type\":\"PropertyValueSpecification\",\"valueRequired\":true,\"valueName\":\"search_term_string\"}}],\"inLanguage\":\"es-ES\"},{\"@type\":\"Organization\",\"@id\":\"https:\\\/\\\/vetplusglobal.com\\\/es\\\/#organization\",\"name\":\"VetPlus\",\"url\":\"https:\\\/\\\/vetplusglobal.com\\\/es\\\/\",\"logo\":{\"@type\":\"ImageObject\",\"inLanguage\":\"es-ES\",\"@id\":\"https:\\\/\\\/vetplusglobal.com\\\/es\\\/#\\\/schema\\\/logo\\\/image\\\/\",\"url\":\"https:\\\/\\\/vetplusglobal.com\\\/wp-content\\\/uploads\\\/2024\\\/12\\\/Group-955-1.jpg\",\"contentUrl\":\"https:\\\/\\\/vetplusglobal.com\\\/wp-content\\\/uploads\\\/2024\\\/12\\\/Group-955-1.jpg\",\"width\":696,\"height\":696,\"caption\":\"VetPlus\"},\"image\":{\"@id\":\"https:\\\/\\\/vetplusglobal.com\\\/es\\\/#\\\/schema\\\/logo\\\/image\\\/\"},\"sameAs\":[\"https:\\\/\\\/www.facebook.com\\\/vetplusUK\\\/\",\"https:\\\/\\\/x.com\\\/vetplusuk\"]}]}<\/script>\n<!-- \/ Yoast SEO plugin. -->","yoast_head_json":{"title":"VETSALVE\u00ae - vetplus","robots":{"index":"index","follow":"follow","max-snippet":"max-snippet:-1","max-image-preview":"max-image-preview:large","max-video-preview":"max-video-preview:-1"},"canonical":"https:\/\/vetplusglobal.com\/es\/product\/vetsalve\/","og_locale":"es_ES","og_type":"article","og_title":"VETSALVE\u00ae - vetplus","og_description":"VETSALVE\u00ae contiene el ingrediente \u00fanico, resina de abeto Noruego, en una base oleosa. Esta forma una capa aceitosa en la superficie de la piel y favorece los sistemas naturales que controlan la barrera cut\u00e1nea. La resina de abeto Noruego se produce de manera natural por los \u00e1rboles de abeto Noruego 3-4 semanas despu\u00e9s de sufrir alg\u00fan tipo de da\u00f1o natural. Posteriormente, se endurece en el tronco del \u00e1rbol y se recolecta a mano. Tradicionalmente, esta resina se ha utilizado durante muchos a\u00f1os en Finlandia para favorecer la barrera cut\u00e1nea. VETSALVE\u00ae est\u00e1 disponible en tubos de 20 ml para perros y gatos","og_url":"https:\/\/vetplusglobal.com\/es\/product\/vetsalve\/","og_site_name":"vetplus","article_publisher":"https:\/\/www.facebook.com\/vetplusUK\/","article_modified_time":"2026-03-19T16:25:55+00:00","og_image":[{"width":4500,"height":4500,"url":"https:\/\/vetplusglobal.com\/wp-content\/uploads\/2025\/01\/Product-Images6.png","type":"image\/png"}],"twitter_card":"summary_large_image","twitter_site":"@vetplusuk","twitter_misc":{"Est. reading time":"1 minute"},"schema":{"@context":"https:\/\/schema.org","@graph":[{"@type":"WebPage","@id":"https:\/\/vetplusglobal.com\/es\/product\/vetsalve\/","url":"https:\/\/vetplusglobal.com\/es\/product\/vetsalve\/","name":"VETSALVE\u00ae - vetplus","isPartOf":{"@id":"https:\/\/vetplusglobal.com\/es\/#website"},"primaryImageOfPage":{"@id":"https:\/\/vetplusglobal.com\/es\/product\/vetsalve\/#primaryimage"},"image":{"@id":"https:\/\/vetplusglobal.com\/es\/product\/vetsalve\/#primaryimage"},"thumbnailUrl":"https:\/\/vetplusglobal.com\/wp-content\/uploads\/2025\/01\/Product-Images6.png","datePublished":"2025-01-14T12:32:02+00:00","dateModified":"2026-03-19T16:25:55+00:00","breadcrumb":{"@id":"https:\/\/vetplusglobal.com\/es\/product\/vetsalve\/#breadcrumb"},"inLanguage":"es-ES","potentialAction":[{"@type":"ReadAction","target":["https:\/\/vetplusglobal.com\/es\/product\/vetsalve\/"]}]},{"@type":"ImageObject","inLanguage":"es-ES","@id":"https:\/\/vetplusglobal.com\/es\/product\/vetsalve\/#primaryimage","url":"https:\/\/vetplusglobal.com\/wp-content\/uploads\/2025\/01\/Product-Images6.png","contentUrl":"https:\/\/vetplusglobal.com\/wp-content\/uploads\/2025\/01\/Product-Images6.png","width":4500,"height":4500},{"@type":"BreadcrumbList","@id":"https:\/\/vetplusglobal.com\/es\/product\/vetsalve\/#breadcrumb","itemListElement":[{"@type":"ListItem","position":1,"name":"Home","item":"https:\/\/vetplusglobal.com\/es\/"},{"@type":"ListItem","position":2,"name":"Tienda","item":"https:\/\/vetplusglobal.com\/shop\/"},{"@type":"ListItem","position":3,"name":"VETSALVE\u00ae"}]},{"@type":"WebSite","@id":"https:\/\/vetplusglobal.com\/es\/#website","url":"https:\/\/vetplusglobal.com\/es\/","name":"vetplus","description":"The Global Leader in Veterinary Nutraceuticals","publisher":{"@id":"https:\/\/vetplusglobal.com\/es\/#organization"},"potentialAction":[{"@type":"SearchAction","target":{"@type":"EntryPoint","urlTemplate":"https:\/\/vetplusglobal.com\/es\/?s={search_term_string}"},"query-input":{"@type":"PropertyValueSpecification","valueRequired":true,"valueName":"search_term_string"}}],"inLanguage":"es-ES"},{"@type":"Organization","@id":"https:\/\/vetplusglobal.com\/es\/#organization","name":"VetPlus","url":"https:\/\/vetplusglobal.com\/es\/","logo":{"@type":"ImageObject","inLanguage":"es-ES","@id":"https:\/\/vetplusglobal.com\/es\/#\/schema\/logo\/image\/","url":"https:\/\/vetplusglobal.com\/wp-content\/uploads\/2024\/12\/Group-955-1.jpg","contentUrl":"https:\/\/vetplusglobal.com\/wp-content\/uploads\/2024\/12\/Group-955-1.jpg","width":696,"height":696,"caption":"VetPlus"},"image":{"@id":"https:\/\/vetplusglobal.com\/es\/#\/schema\/logo\/image\/"},"sameAs":["https:\/\/www.facebook.com\/vetplusUK\/","https:\/\/x.com\/vetplusuk"]}]}},"_links":{"self":[{"href":"https:\/\/vetplusglobal.com\/es\/wp-json\/wp\/v2\/product\/43033","targetHints":{"allow":["GET"]}}],"collection":[{"href":"https:\/\/vetplusglobal.com\/es\/wp-json\/wp\/v2\/product"}],"about":[{"href":"https:\/\/vetplusglobal.com\/es\/wp-json\/wp\/v2\/types\/product"}],"wp:featuredmedia":[{"embeddable":true,"href":"https:\/\/vetplusglobal.com\/es\/wp-json\/wp\/v2\/media\/6963"}],"wp:attachment":[{"href":"https:\/\/vetplusglobal.com\/es\/wp-json\/wp\/v2\/media?parent=43033"}],"wp:term":[{"taxonomy":"product_brand","embeddable":true,"href":"https:\/\/vetplusglobal.com\/es\/wp-json\/wp\/v2\/product_brand?post=43033"},{"taxonomy":"product_cat","embeddable":true,"href":"https:\/\/vetplusglobal.com\/es\/wp-json\/wp\/v2\/product_cat?post=43033"},{"taxonomy":"product_tag","embeddable":true,"href":"https:\/\/vetplusglobal.com\/es\/wp-json\/wp\/v2\/product_tag?post=43033"}],"curies":[{"name":"wp","href":"https:\/\/api.w.org\/{rel}","templated":true}]}}