{"id":44015,"date":"2025-10-27T15:15:47","date_gmt":"2025-10-27T15:15:47","guid":{"rendered":"https:\/\/vetplusglobal.com\/?post_type=product&#038;p=44015"},"modified":"2026-04-08T11:19:29","modified_gmt":"2026-04-08T11:19:29","slug":"coatex-champu-tratante-copy","status":"publish","type":"product","link":"https:\/\/vetplusglobal.com\/es\/product\/coatex-champu-tratante-copy\/","title":{"rendered":"COATEX\u00ae CHAMP\u00da TRATANTE (Copy)"},"content":{"rendered":"","protected":false},"excerpt":{"rendered":"<p>COATEX\u00ae CHAMP\u00da TRATANTE est\u00e1 dise\u00f1ado como apoyo adicional para la salud cut\u00e1nea en perros. Contiene cloroxilenol, tiosulfato de sodio y \u00e1cido salic\u00edlico, que ayudan a mantener la piel sana y limpia. Es pH neutro y no reseca el pelaje, por lo que puede utilizarse de manera regular. El champ\u00fa hace buena espuma, por lo que solo se necesita una peque\u00f1a cantidad, y es f\u00e1cil ver d\u00f3nde se ha aplicado en el pelaje. Requiere un breve tiempo de contacto de 5 a 10 minutos sobre el pelaje antes de enjuagarlo por completo.<\/p>\n<p>COATEX\u00ae CHAMP\u00da TRATANTE est\u00e1 disponible en botellas de 500 ml para perros. El producto no est\u00e1 recomendado para gatos.<\/p>\n","protected":false},"featured_media":47052,"template":"","meta":{"_acf_changed":false,"_oasis_is_in_workflow":0,"_oasis_original":0,"_oasis_task_priority":""},"product_brand":[],"product_cat":[1898,1800],"product_tag":[],"class_list":{"0":"post-44015","1":"product","2":"type-product","3":"status-publish","4":"has-post-thumbnail","6":"product_cat-dermatologiapelo","7":"product_cat-paraperros","9":"first","10":"instock","11":"shipping-taxable","12":"product-type-simple"},"acf":[],"yoast_head":"<!-- This site is optimized with the Yoast SEO plugin v27.3 - https:\/\/yoast.com\/product\/yoast-seo-wordpress\/ -->\n<title>COATEX\u00ae CHAMP\u00da TRATANTE (Copy) - vetplus<\/title>\n<meta name=\"robots\" content=\"index, follow, max-snippet:-1, max-image-preview:large, max-video-preview:-1\" \/>\n<link rel=\"canonical\" href=\"https:\/\/vetplusglobal.com\/es\/product\/coatex-champu-tratante-copy\/\" \/>\n<meta property=\"og:locale\" content=\"es_ES\" \/>\n<meta property=\"og:type\" content=\"article\" \/>\n<meta property=\"og:title\" content=\"COATEX\u00ae CHAMP\u00da TRATANTE (Copy) - vetplus\" \/>\n<meta property=\"og:description\" content=\"COATEX\u00ae CHAMP\u00da TRATANTE est\u00e1 dise\u00f1ado como apoyo adicional para la salud cut\u00e1nea en perros. Contiene cloroxilenol, tiosulfato de sodio y \u00e1cido salic\u00edlico, que ayudan a mantener la piel sana y limpia. Es pH neutro y no reseca el pelaje, por lo que puede utilizarse de manera regular. El champ\u00fa hace buena espuma, por lo que solo se necesita una peque\u00f1a cantidad, y es f\u00e1cil ver d\u00f3nde se ha aplicado en el pelaje. Requiere un breve tiempo de contacto de 5 a 10 minutos sobre el pelaje antes de enjuagarlo por completo.  COATEX\u00ae CHAMP\u00da TRATANTE est\u00e1 disponible en botellas de 500 ml para perros. El producto no est\u00e1 recomendado para gatos.\" \/>\n<meta property=\"og:url\" content=\"https:\/\/vetplusglobal.com\/es\/product\/coatex-champu-tratante-copy\/\" \/>\n<meta property=\"og:site_name\" content=\"vetplus\" \/>\n<meta property=\"article:publisher\" content=\"https:\/\/www.facebook.com\/vetplusUK\/\" \/>\n<meta property=\"article:modified_time\" content=\"2026-04-08T11:19:29+00:00\" \/>\n<meta property=\"og:image\" content=\"https:\/\/vetplusglobal.com\/wp-content\/uploads\/2025\/10\/Coatex-M-Shampoo-scaled.jpg\" \/>\n\t<meta property=\"og:image:width\" content=\"1810\" \/>\n\t<meta property=\"og:image:height\" content=\"2560\" \/>\n\t<meta property=\"og:image:type\" content=\"image\/jpeg\" \/>\n<meta name=\"twitter:card\" content=\"summary_large_image\" \/>\n<meta name=\"twitter:site\" content=\"@vetplusuk\" \/>\n<meta name=\"twitter:label1\" content=\"Est. reading time\" \/>\n\t<meta name=\"twitter:data1\" content=\"1 minute\" \/>\n<script type=\"application\/ld+json\" class=\"yoast-schema-graph\">{\"@context\":\"https:\\\/\\\/schema.org\",\"@graph\":[{\"@type\":\"WebPage\",\"@id\":\"https:\\\/\\\/vetplusglobal.com\\\/es\\\/product\\\/coatex-champu-tratante-copy\\\/\",\"url\":\"https:\\\/\\\/vetplusglobal.com\\\/es\\\/product\\\/coatex-champu-tratante-copy\\\/\",\"name\":\"COATEX\u00ae CHAMP\u00da TRATANTE (Copy) - vetplus\",\"isPartOf\":{\"@id\":\"https:\\\/\\\/vetplusglobal.com\\\/es\\\/#website\"},\"primaryImageOfPage\":{\"@id\":\"https:\\\/\\\/vetplusglobal.com\\\/es\\\/product\\\/coatex-champu-tratante-copy\\\/#primaryimage\"},\"image\":{\"@id\":\"https:\\\/\\\/vetplusglobal.com\\\/es\\\/product\\\/coatex-champu-tratante-copy\\\/#primaryimage\"},\"thumbnailUrl\":\"https:\\\/\\\/vetplusglobal.com\\\/wp-content\\\/uploads\\\/2025\\\/10\\\/Coatex-M-Shampoo-scaled.jpg\",\"datePublished\":\"2025-10-27T15:15:47+00:00\",\"dateModified\":\"2026-04-08T11:19:29+00:00\",\"breadcrumb\":{\"@id\":\"https:\\\/\\\/vetplusglobal.com\\\/es\\\/product\\\/coatex-champu-tratante-copy\\\/#breadcrumb\"},\"inLanguage\":\"es-ES\",\"potentialAction\":[{\"@type\":\"ReadAction\",\"target\":[\"https:\\\/\\\/vetplusglobal.com\\\/es\\\/product\\\/coatex-champu-tratante-copy\\\/\"]}]},{\"@type\":\"ImageObject\",\"inLanguage\":\"es-ES\",\"@id\":\"https:\\\/\\\/vetplusglobal.com\\\/es\\\/product\\\/coatex-champu-tratante-copy\\\/#primaryimage\",\"url\":\"https:\\\/\\\/vetplusglobal.com\\\/wp-content\\\/uploads\\\/2025\\\/10\\\/Coatex-M-Shampoo-scaled.jpg\",\"contentUrl\":\"https:\\\/\\\/vetplusglobal.com\\\/wp-content\\\/uploads\\\/2025\\\/10\\\/Coatex-M-Shampoo-scaled.jpg\",\"width\":1810,\"height\":2560},{\"@type\":\"BreadcrumbList\",\"@id\":\"https:\\\/\\\/vetplusglobal.com\\\/es\\\/product\\\/coatex-champu-tratante-copy\\\/#breadcrumb\",\"itemListElement\":[{\"@type\":\"ListItem\",\"position\":1,\"name\":\"Home\",\"item\":\"https:\\\/\\\/vetplusglobal.com\\\/es\\\/\"},{\"@type\":\"ListItem\",\"position\":2,\"name\":\"Tienda\",\"item\":\"https:\\\/\\\/vetplusglobal.com\\\/shop\\\/\"},{\"@type\":\"ListItem\",\"position\":3,\"name\":\"COATEX\u00ae CHAMP\u00da TRATANTE (Copy)\"}]},{\"@type\":\"WebSite\",\"@id\":\"https:\\\/\\\/vetplusglobal.com\\\/es\\\/#website\",\"url\":\"https:\\\/\\\/vetplusglobal.com\\\/es\\\/\",\"name\":\"vetplus\",\"description\":\"The Global Leader in Veterinary Nutraceuticals\",\"publisher\":{\"@id\":\"https:\\\/\\\/vetplusglobal.com\\\/es\\\/#organization\"},\"potentialAction\":[{\"@type\":\"SearchAction\",\"target\":{\"@type\":\"EntryPoint\",\"urlTemplate\":\"https:\\\/\\\/vetplusglobal.com\\\/es\\\/?s={search_term_string}\"},\"query-input\":{\"@type\":\"PropertyValueSpecification\",\"valueRequired\":true,\"valueName\":\"search_term_string\"}}],\"inLanguage\":\"es-ES\"},{\"@type\":\"Organization\",\"@id\":\"https:\\\/\\\/vetplusglobal.com\\\/es\\\/#organization\",\"name\":\"VetPlus\",\"url\":\"https:\\\/\\\/vetplusglobal.com\\\/es\\\/\",\"logo\":{\"@type\":\"ImageObject\",\"inLanguage\":\"es-ES\",\"@id\":\"https:\\\/\\\/vetplusglobal.com\\\/es\\\/#\\\/schema\\\/logo\\\/image\\\/\",\"url\":\"https:\\\/\\\/vetplusglobal.com\\\/wp-content\\\/uploads\\\/2024\\\/12\\\/Group-955-1.jpg\",\"contentUrl\":\"https:\\\/\\\/vetplusglobal.com\\\/wp-content\\\/uploads\\\/2024\\\/12\\\/Group-955-1.jpg\",\"width\":696,\"height\":696,\"caption\":\"VetPlus\"},\"image\":{\"@id\":\"https:\\\/\\\/vetplusglobal.com\\\/es\\\/#\\\/schema\\\/logo\\\/image\\\/\"},\"sameAs\":[\"https:\\\/\\\/www.facebook.com\\\/vetplusUK\\\/\",\"https:\\\/\\\/x.com\\\/vetplusuk\"]}]}<\/script>\n<!-- \/ Yoast SEO plugin. -->","yoast_head_json":{"title":"COATEX\u00ae CHAMP\u00da TRATANTE (Copy) - vetplus","robots":{"index":"index","follow":"follow","max-snippet":"max-snippet:-1","max-image-preview":"max-image-preview:large","max-video-preview":"max-video-preview:-1"},"canonical":"https:\/\/vetplusglobal.com\/es\/product\/coatex-champu-tratante-copy\/","og_locale":"es_ES","og_type":"article","og_title":"COATEX\u00ae CHAMP\u00da TRATANTE (Copy) - vetplus","og_description":"COATEX\u00ae CHAMP\u00da TRATANTE est\u00e1 dise\u00f1ado como apoyo adicional para la salud cut\u00e1nea en perros. Contiene cloroxilenol, tiosulfato de sodio y \u00e1cido salic\u00edlico, que ayudan a mantener la piel sana y limpia. Es pH neutro y no reseca el pelaje, por lo que puede utilizarse de manera regular. El champ\u00fa hace buena espuma, por lo que solo se necesita una peque\u00f1a cantidad, y es f\u00e1cil ver d\u00f3nde se ha aplicado en el pelaje. Requiere un breve tiempo de contacto de 5 a 10 minutos sobre el pelaje antes de enjuagarlo por completo.  COATEX\u00ae CHAMP\u00da TRATANTE est\u00e1 disponible en botellas de 500 ml para perros. El producto no est\u00e1 recomendado para gatos.","og_url":"https:\/\/vetplusglobal.com\/es\/product\/coatex-champu-tratante-copy\/","og_site_name":"vetplus","article_publisher":"https:\/\/www.facebook.com\/vetplusUK\/","article_modified_time":"2026-04-08T11:19:29+00:00","og_image":[{"width":1810,"height":2560,"url":"https:\/\/vetplusglobal.com\/wp-content\/uploads\/2025\/10\/Coatex-M-Shampoo-scaled.jpg","type":"image\/jpeg"}],"twitter_card":"summary_large_image","twitter_site":"@vetplusuk","twitter_misc":{"Est. reading time":"1 minute"},"schema":{"@context":"https:\/\/schema.org","@graph":[{"@type":"WebPage","@id":"https:\/\/vetplusglobal.com\/es\/product\/coatex-champu-tratante-copy\/","url":"https:\/\/vetplusglobal.com\/es\/product\/coatex-champu-tratante-copy\/","name":"COATEX\u00ae CHAMP\u00da TRATANTE (Copy) - vetplus","isPartOf":{"@id":"https:\/\/vetplusglobal.com\/es\/#website"},"primaryImageOfPage":{"@id":"https:\/\/vetplusglobal.com\/es\/product\/coatex-champu-tratante-copy\/#primaryimage"},"image":{"@id":"https:\/\/vetplusglobal.com\/es\/product\/coatex-champu-tratante-copy\/#primaryimage"},"thumbnailUrl":"https:\/\/vetplusglobal.com\/wp-content\/uploads\/2025\/10\/Coatex-M-Shampoo-scaled.jpg","datePublished":"2025-10-27T15:15:47+00:00","dateModified":"2026-04-08T11:19:29+00:00","breadcrumb":{"@id":"https:\/\/vetplusglobal.com\/es\/product\/coatex-champu-tratante-copy\/#breadcrumb"},"inLanguage":"es-ES","potentialAction":[{"@type":"ReadAction","target":["https:\/\/vetplusglobal.com\/es\/product\/coatex-champu-tratante-copy\/"]}]},{"@type":"ImageObject","inLanguage":"es-ES","@id":"https:\/\/vetplusglobal.com\/es\/product\/coatex-champu-tratante-copy\/#primaryimage","url":"https:\/\/vetplusglobal.com\/wp-content\/uploads\/2025\/10\/Coatex-M-Shampoo-scaled.jpg","contentUrl":"https:\/\/vetplusglobal.com\/wp-content\/uploads\/2025\/10\/Coatex-M-Shampoo-scaled.jpg","width":1810,"height":2560},{"@type":"BreadcrumbList","@id":"https:\/\/vetplusglobal.com\/es\/product\/coatex-champu-tratante-copy\/#breadcrumb","itemListElement":[{"@type":"ListItem","position":1,"name":"Home","item":"https:\/\/vetplusglobal.com\/es\/"},{"@type":"ListItem","position":2,"name":"Tienda","item":"https:\/\/vetplusglobal.com\/shop\/"},{"@type":"ListItem","position":3,"name":"COATEX\u00ae CHAMP\u00da TRATANTE (Copy)"}]},{"@type":"WebSite","@id":"https:\/\/vetplusglobal.com\/es\/#website","url":"https:\/\/vetplusglobal.com\/es\/","name":"vetplus","description":"The Global Leader in Veterinary Nutraceuticals","publisher":{"@id":"https:\/\/vetplusglobal.com\/es\/#organization"},"potentialAction":[{"@type":"SearchAction","target":{"@type":"EntryPoint","urlTemplate":"https:\/\/vetplusglobal.com\/es\/?s={search_term_string}"},"query-input":{"@type":"PropertyValueSpecification","valueRequired":true,"valueName":"search_term_string"}}],"inLanguage":"es-ES"},{"@type":"Organization","@id":"https:\/\/vetplusglobal.com\/es\/#organization","name":"VetPlus","url":"https:\/\/vetplusglobal.com\/es\/","logo":{"@type":"ImageObject","inLanguage":"es-ES","@id":"https:\/\/vetplusglobal.com\/es\/#\/schema\/logo\/image\/","url":"https:\/\/vetplusglobal.com\/wp-content\/uploads\/2024\/12\/Group-955-1.jpg","contentUrl":"https:\/\/vetplusglobal.com\/wp-content\/uploads\/2024\/12\/Group-955-1.jpg","width":696,"height":696,"caption":"VetPlus"},"image":{"@id":"https:\/\/vetplusglobal.com\/es\/#\/schema\/logo\/image\/"},"sameAs":["https:\/\/www.facebook.com\/vetplusUK\/","https:\/\/x.com\/vetplusuk"]}]}},"_links":{"self":[{"href":"https:\/\/vetplusglobal.com\/es\/wp-json\/wp\/v2\/product\/44015","targetHints":{"allow":["GET"]}}],"collection":[{"href":"https:\/\/vetplusglobal.com\/es\/wp-json\/wp\/v2\/product"}],"about":[{"href":"https:\/\/vetplusglobal.com\/es\/wp-json\/wp\/v2\/types\/product"}],"wp:featuredmedia":[{"embeddable":true,"href":"https:\/\/vetplusglobal.com\/es\/wp-json\/wp\/v2\/media\/47052"}],"wp:attachment":[{"href":"https:\/\/vetplusglobal.com\/es\/wp-json\/wp\/v2\/media?parent=44015"}],"wp:term":[{"taxonomy":"product_brand","embeddable":true,"href":"https:\/\/vetplusglobal.com\/es\/wp-json\/wp\/v2\/product_brand?post=44015"},{"taxonomy":"product_cat","embeddable":true,"href":"https:\/\/vetplusglobal.com\/es\/wp-json\/wp\/v2\/product_cat?post=44015"},{"taxonomy":"product_tag","embeddable":true,"href":"https:\/\/vetplusglobal.com\/es\/wp-json\/wp\/v2\/product_tag?post=44015"}],"curies":[{"name":"wp","href":"https:\/\/api.w.org\/{rel}","templated":true}]}}