{"id":38375,"date":"2025-01-08T11:36:13","date_gmt":"2025-01-08T11:36:13","guid":{"rendered":"https:\/\/vetplusglobal.com\/product\/synoquin-for-cats\/"},"modified":"2025-09-24T10:51:01","modified_gmt":"2025-09-24T10:51:01","slug":"synoquin-for-cats","status":"publish","type":"product","link":"https:\/\/vetplusglobal.com\/pt-pt\/product\/synoquin-for-cats\/","title":{"rendered":"SYNOQUIN\u00ae PARA GATOS"},"content":{"rendered":"","protected":false},"excerpt":{"rendered":"<p>SYNOQUIN\u00ae PARA GATOS \u00e9 um nutrac\u00eautico que ajuda a apoiar a sa\u00fade das articula\u00e7\u00f5es dos gatos. Desde a sua introdu\u00e7\u00e3o no mercado em 1998, SYNOQUIN\u00ae foi comprado por mais tutores de animais de companhia do que qualquer outro suplemento para as articula\u00e7\u00f5es, e \u00e9 atualmente recomendado por m\u00e9dicos veterin\u00e1rios em todo o mundo.<br \/>\nSYNOQUIN\u00ae PARA GATOS cont\u00e9m glucosamina e condroitina da mais alta qualidade, que s\u00e3o ingredientes essenciais para ajudar a suportar a estrutura da cartilagem. Para al\u00e9m destes ingredientes, SYNOQUIN\u00ae PARA GATOS cont\u00e9m \u00e1cidos gordos essenciais \u00f3mega 3 provenientes de uma fonte de krill, para uma absor\u00e7\u00e3o e uma pureza superiores \u00e0s do peixe. Os \u00e1cidos gordos essenciais \u00f3mega 3 ajudam a apoiar os sistemas naturais que controlam a inflama\u00e7\u00e3o, sendo uma parte importante da f\u00f3rmula.<\/p>\n<p>SYNOQUIN\u00ae PARA GATOS est\u00e1 dispon\u00edvel em c\u00e1psulas para polvilhar e facilitar admnistra\u00e7\u00e3o, uma vez que o p\u00f3 pode ser misturado com o alimento.<\/p>\n","protected":false},"featured_media":19155,"template":"","meta":{"_acf_changed":false,"_oasis_is_in_workflow":0,"_oasis_original":0,"_oasis_task_priority":""},"product_brand":[],"product_cat":[543,542],"product_tag":[],"class_list":{"0":"post-38375","1":"product","2":"type-product","3":"status-publish","4":"has-post-thumbnail","6":"product_cat-apoio-articular","7":"product_cat-para-gatos","9":"first","10":"instock","11":"shipping-taxable","12":"product-type-simple"},"acf":[],"yoast_head":"<!-- This site is optimized with the Yoast SEO plugin v27.3 - https:\/\/yoast.com\/product\/yoast-seo-wordpress\/ -->\n<title>SYNOQUIN\u00ae PARA GATOS - vetplus<\/title>\n<meta name=\"robots\" content=\"index, follow, max-snippet:-1, max-image-preview:large, max-video-preview:-1\" \/>\n<link rel=\"canonical\" href=\"https:\/\/vetplusglobal.com\/pt-pt\/product\/synoquin-for-cats\/\" \/>\n<meta property=\"og:locale\" content=\"pt_PT\" \/>\n<meta property=\"og:type\" content=\"article\" \/>\n<meta property=\"og:title\" content=\"SYNOQUIN\u00ae PARA GATOS - vetplus\" \/>\n<meta property=\"og:description\" content=\"SYNOQUIN\u00ae PARA GATOS \u00e9 um nutrac\u00eautico que ajuda a apoiar a sa\u00fade das articula\u00e7\u00f5es dos gatos. Desde a sua introdu\u00e7\u00e3o no mercado em 1998, SYNOQUIN\u00ae foi comprado por mais tutores de animais de companhia do que qualquer outro suplemento para as articula\u00e7\u00f5es, e \u00e9 atualmente recomendado por m\u00e9dicos veterin\u00e1rios em todo o mundo. SYNOQUIN\u00ae PARA GATOS cont\u00e9m glucosamina e condroitina da mais alta qualidade, que s\u00e3o ingredientes essenciais para ajudar a suportar a estrutura da cartilagem. Para al\u00e9m destes ingredientes, SYNOQUIN\u00ae PARA GATOS cont\u00e9m \u00e1cidos gordos essenciais \u00f3mega 3 provenientes de uma fonte de krill, para uma absor\u00e7\u00e3o e uma pureza superiores \u00e0s do peixe. Os \u00e1cidos gordos essenciais \u00f3mega 3 ajudam a apoiar os sistemas naturais que controlam a inflama\u00e7\u00e3o, sendo uma parte importante da f\u00f3rmula.  SYNOQUIN\u00ae PARA GATOS est\u00e1 dispon\u00edvel em c\u00e1psulas para polvilhar e facilitar admnistra\u00e7\u00e3o, uma vez que o p\u00f3 pode ser misturado com o alimento.\" \/>\n<meta property=\"og:url\" content=\"https:\/\/vetplusglobal.com\/pt-pt\/product\/synoquin-for-cats\/\" \/>\n<meta property=\"og:site_name\" content=\"vetplus\" \/>\n<meta property=\"article:publisher\" content=\"https:\/\/www.facebook.com\/vetplusUK\/\" \/>\n<meta property=\"article:modified_time\" content=\"2025-09-24T10:51:01+00:00\" \/>\n<meta property=\"og:image\" content=\"https:\/\/vetplusglobal.com\/wp-content\/uploads\/2025\/07\/synoquin-for-cats.png\" \/>\n\t<meta property=\"og:image:width\" content=\"1000\" \/>\n\t<meta property=\"og:image:height\" content=\"1000\" \/>\n\t<meta property=\"og:image:type\" content=\"image\/png\" \/>\n<meta name=\"twitter:card\" content=\"summary_large_image\" \/>\n<meta name=\"twitter:site\" content=\"@vetplusuk\" \/>\n<meta name=\"twitter:label1\" content=\"Est. reading time\" \/>\n\t<meta name=\"twitter:data1\" content=\"1 minute\" \/>\n<script type=\"application\/ld+json\" class=\"yoast-schema-graph\">{\"@context\":\"https:\\\/\\\/schema.org\",\"@graph\":[{\"@type\":\"WebPage\",\"@id\":\"https:\\\/\\\/vetplusglobal.com\\\/pt-pt\\\/product\\\/synoquin-for-cats\\\/\",\"url\":\"https:\\\/\\\/vetplusglobal.com\\\/pt-pt\\\/product\\\/synoquin-for-cats\\\/\",\"name\":\"SYNOQUIN\u00ae PARA GATOS - vetplus\",\"isPartOf\":{\"@id\":\"https:\\\/\\\/vetplusglobal.com\\\/pt-pt\\\/#website\"},\"primaryImageOfPage\":{\"@id\":\"https:\\\/\\\/vetplusglobal.com\\\/pt-pt\\\/product\\\/synoquin-for-cats\\\/#primaryimage\"},\"image\":{\"@id\":\"https:\\\/\\\/vetplusglobal.com\\\/pt-pt\\\/product\\\/synoquin-for-cats\\\/#primaryimage\"},\"thumbnailUrl\":\"https:\\\/\\\/vetplusglobal.com\\\/wp-content\\\/uploads\\\/2025\\\/07\\\/synoquin-for-cats.png\",\"datePublished\":\"2025-01-08T11:36:13+00:00\",\"dateModified\":\"2025-09-24T10:51:01+00:00\",\"breadcrumb\":{\"@id\":\"https:\\\/\\\/vetplusglobal.com\\\/pt-pt\\\/product\\\/synoquin-for-cats\\\/#breadcrumb\"},\"inLanguage\":\"pt-PT\",\"potentialAction\":[{\"@type\":\"ReadAction\",\"target\":[\"https:\\\/\\\/vetplusglobal.com\\\/pt-pt\\\/product\\\/synoquin-for-cats\\\/\"]}]},{\"@type\":\"ImageObject\",\"inLanguage\":\"pt-PT\",\"@id\":\"https:\\\/\\\/vetplusglobal.com\\\/pt-pt\\\/product\\\/synoquin-for-cats\\\/#primaryimage\",\"url\":\"https:\\\/\\\/vetplusglobal.com\\\/wp-content\\\/uploads\\\/2025\\\/07\\\/synoquin-for-cats.png\",\"contentUrl\":\"https:\\\/\\\/vetplusglobal.com\\\/wp-content\\\/uploads\\\/2025\\\/07\\\/synoquin-for-cats.png\",\"width\":1000,\"height\":1000},{\"@type\":\"BreadcrumbList\",\"@id\":\"https:\\\/\\\/vetplusglobal.com\\\/pt-pt\\\/product\\\/synoquin-for-cats\\\/#breadcrumb\",\"itemListElement\":[{\"@type\":\"ListItem\",\"position\":1,\"name\":\"Home\",\"item\":\"https:\\\/\\\/vetplusglobal.com\\\/pt-pt\\\/\"},{\"@type\":\"ListItem\",\"position\":2,\"name\":\"Shop\",\"item\":\"https:\\\/\\\/vetplusglobal.com\\\/shop\\\/\"},{\"@type\":\"ListItem\",\"position\":3,\"name\":\"SYNOQUIN\u00ae PARA GATOS\"}]},{\"@type\":\"WebSite\",\"@id\":\"https:\\\/\\\/vetplusglobal.com\\\/pt-pt\\\/#website\",\"url\":\"https:\\\/\\\/vetplusglobal.com\\\/pt-pt\\\/\",\"name\":\"vetplus\",\"description\":\"The Global Leader in Veterinary Nutraceuticals\",\"publisher\":{\"@id\":\"https:\\\/\\\/vetplusglobal.com\\\/pt-pt\\\/#organization\"},\"potentialAction\":[{\"@type\":\"SearchAction\",\"target\":{\"@type\":\"EntryPoint\",\"urlTemplate\":\"https:\\\/\\\/vetplusglobal.com\\\/pt-pt\\\/?s={search_term_string}\"},\"query-input\":{\"@type\":\"PropertyValueSpecification\",\"valueRequired\":true,\"valueName\":\"search_term_string\"}}],\"inLanguage\":\"pt-PT\"},{\"@type\":\"Organization\",\"@id\":\"https:\\\/\\\/vetplusglobal.com\\\/pt-pt\\\/#organization\",\"name\":\"VetPlus\",\"url\":\"https:\\\/\\\/vetplusglobal.com\\\/pt-pt\\\/\",\"logo\":{\"@type\":\"ImageObject\",\"inLanguage\":\"pt-PT\",\"@id\":\"https:\\\/\\\/vetplusglobal.com\\\/pt-pt\\\/#\\\/schema\\\/logo\\\/image\\\/\",\"url\":\"https:\\\/\\\/vetplusglobal.com\\\/wp-content\\\/uploads\\\/2024\\\/12\\\/Group-955-1.jpg\",\"contentUrl\":\"https:\\\/\\\/vetplusglobal.com\\\/wp-content\\\/uploads\\\/2024\\\/12\\\/Group-955-1.jpg\",\"width\":696,\"height\":696,\"caption\":\"VetPlus\"},\"image\":{\"@id\":\"https:\\\/\\\/vetplusglobal.com\\\/pt-pt\\\/#\\\/schema\\\/logo\\\/image\\\/\"},\"sameAs\":[\"https:\\\/\\\/www.facebook.com\\\/vetplusUK\\\/\",\"https:\\\/\\\/x.com\\\/vetplusuk\"]}]}<\/script>\n<!-- \/ Yoast SEO plugin. -->","yoast_head_json":{"title":"SYNOQUIN\u00ae PARA GATOS - vetplus","robots":{"index":"index","follow":"follow","max-snippet":"max-snippet:-1","max-image-preview":"max-image-preview:large","max-video-preview":"max-video-preview:-1"},"canonical":"https:\/\/vetplusglobal.com\/pt-pt\/product\/synoquin-for-cats\/","og_locale":"pt_PT","og_type":"article","og_title":"SYNOQUIN\u00ae PARA GATOS - vetplus","og_description":"SYNOQUIN\u00ae PARA GATOS \u00e9 um nutrac\u00eautico que ajuda a apoiar a sa\u00fade das articula\u00e7\u00f5es dos gatos. Desde a sua introdu\u00e7\u00e3o no mercado em 1998, SYNOQUIN\u00ae foi comprado por mais tutores de animais de companhia do que qualquer outro suplemento para as articula\u00e7\u00f5es, e \u00e9 atualmente recomendado por m\u00e9dicos veterin\u00e1rios em todo o mundo. SYNOQUIN\u00ae PARA GATOS cont\u00e9m glucosamina e condroitina da mais alta qualidade, que s\u00e3o ingredientes essenciais para ajudar a suportar a estrutura da cartilagem. Para al\u00e9m destes ingredientes, SYNOQUIN\u00ae PARA GATOS cont\u00e9m \u00e1cidos gordos essenciais \u00f3mega 3 provenientes de uma fonte de krill, para uma absor\u00e7\u00e3o e uma pureza superiores \u00e0s do peixe. Os \u00e1cidos gordos essenciais \u00f3mega 3 ajudam a apoiar os sistemas naturais que controlam a inflama\u00e7\u00e3o, sendo uma parte importante da f\u00f3rmula.  SYNOQUIN\u00ae PARA GATOS est\u00e1 dispon\u00edvel em c\u00e1psulas para polvilhar e facilitar admnistra\u00e7\u00e3o, uma vez que o p\u00f3 pode ser misturado com o alimento.","og_url":"https:\/\/vetplusglobal.com\/pt-pt\/product\/synoquin-for-cats\/","og_site_name":"vetplus","article_publisher":"https:\/\/www.facebook.com\/vetplusUK\/","article_modified_time":"2025-09-24T10:51:01+00:00","og_image":[{"width":1000,"height":1000,"url":"https:\/\/vetplusglobal.com\/wp-content\/uploads\/2025\/07\/synoquin-for-cats.png","type":"image\/png"}],"twitter_card":"summary_large_image","twitter_site":"@vetplusuk","twitter_misc":{"Est. reading time":"1 minute"},"schema":{"@context":"https:\/\/schema.org","@graph":[{"@type":"WebPage","@id":"https:\/\/vetplusglobal.com\/pt-pt\/product\/synoquin-for-cats\/","url":"https:\/\/vetplusglobal.com\/pt-pt\/product\/synoquin-for-cats\/","name":"SYNOQUIN\u00ae PARA GATOS - vetplus","isPartOf":{"@id":"https:\/\/vetplusglobal.com\/pt-pt\/#website"},"primaryImageOfPage":{"@id":"https:\/\/vetplusglobal.com\/pt-pt\/product\/synoquin-for-cats\/#primaryimage"},"image":{"@id":"https:\/\/vetplusglobal.com\/pt-pt\/product\/synoquin-for-cats\/#primaryimage"},"thumbnailUrl":"https:\/\/vetplusglobal.com\/wp-content\/uploads\/2025\/07\/synoquin-for-cats.png","datePublished":"2025-01-08T11:36:13+00:00","dateModified":"2025-09-24T10:51:01+00:00","breadcrumb":{"@id":"https:\/\/vetplusglobal.com\/pt-pt\/product\/synoquin-for-cats\/#breadcrumb"},"inLanguage":"pt-PT","potentialAction":[{"@type":"ReadAction","target":["https:\/\/vetplusglobal.com\/pt-pt\/product\/synoquin-for-cats\/"]}]},{"@type":"ImageObject","inLanguage":"pt-PT","@id":"https:\/\/vetplusglobal.com\/pt-pt\/product\/synoquin-for-cats\/#primaryimage","url":"https:\/\/vetplusglobal.com\/wp-content\/uploads\/2025\/07\/synoquin-for-cats.png","contentUrl":"https:\/\/vetplusglobal.com\/wp-content\/uploads\/2025\/07\/synoquin-for-cats.png","width":1000,"height":1000},{"@type":"BreadcrumbList","@id":"https:\/\/vetplusglobal.com\/pt-pt\/product\/synoquin-for-cats\/#breadcrumb","itemListElement":[{"@type":"ListItem","position":1,"name":"Home","item":"https:\/\/vetplusglobal.com\/pt-pt\/"},{"@type":"ListItem","position":2,"name":"Shop","item":"https:\/\/vetplusglobal.com\/shop\/"},{"@type":"ListItem","position":3,"name":"SYNOQUIN\u00ae PARA GATOS"}]},{"@type":"WebSite","@id":"https:\/\/vetplusglobal.com\/pt-pt\/#website","url":"https:\/\/vetplusglobal.com\/pt-pt\/","name":"vetplus","description":"The Global Leader in Veterinary Nutraceuticals","publisher":{"@id":"https:\/\/vetplusglobal.com\/pt-pt\/#organization"},"potentialAction":[{"@type":"SearchAction","target":{"@type":"EntryPoint","urlTemplate":"https:\/\/vetplusglobal.com\/pt-pt\/?s={search_term_string}"},"query-input":{"@type":"PropertyValueSpecification","valueRequired":true,"valueName":"search_term_string"}}],"inLanguage":"pt-PT"},{"@type":"Organization","@id":"https:\/\/vetplusglobal.com\/pt-pt\/#organization","name":"VetPlus","url":"https:\/\/vetplusglobal.com\/pt-pt\/","logo":{"@type":"ImageObject","inLanguage":"pt-PT","@id":"https:\/\/vetplusglobal.com\/pt-pt\/#\/schema\/logo\/image\/","url":"https:\/\/vetplusglobal.com\/wp-content\/uploads\/2024\/12\/Group-955-1.jpg","contentUrl":"https:\/\/vetplusglobal.com\/wp-content\/uploads\/2024\/12\/Group-955-1.jpg","width":696,"height":696,"caption":"VetPlus"},"image":{"@id":"https:\/\/vetplusglobal.com\/pt-pt\/#\/schema\/logo\/image\/"},"sameAs":["https:\/\/www.facebook.com\/vetplusUK\/","https:\/\/x.com\/vetplusuk"]}]}},"_links":{"self":[{"href":"https:\/\/vetplusglobal.com\/pt-pt\/wp-json\/wp\/v2\/product\/38375","targetHints":{"allow":["GET"]}}],"collection":[{"href":"https:\/\/vetplusglobal.com\/pt-pt\/wp-json\/wp\/v2\/product"}],"about":[{"href":"https:\/\/vetplusglobal.com\/pt-pt\/wp-json\/wp\/v2\/types\/product"}],"wp:featuredmedia":[{"embeddable":true,"href":"https:\/\/vetplusglobal.com\/pt-pt\/wp-json\/wp\/v2\/media\/19155"}],"wp:attachment":[{"href":"https:\/\/vetplusglobal.com\/pt-pt\/wp-json\/wp\/v2\/media?parent=38375"}],"wp:term":[{"taxonomy":"product_brand","embeddable":true,"href":"https:\/\/vetplusglobal.com\/pt-pt\/wp-json\/wp\/v2\/product_brand?post=38375"},{"taxonomy":"product_cat","embeddable":true,"href":"https:\/\/vetplusglobal.com\/pt-pt\/wp-json\/wp\/v2\/product_cat?post=38375"},{"taxonomy":"product_tag","embeddable":true,"href":"https:\/\/vetplusglobal.com\/pt-pt\/wp-json\/wp\/v2\/product_tag?post=38375"}],"curies":[{"name":"wp","href":"https:\/\/api.w.org\/{rel}","templated":true}]}}