{"id":38411,"date":"2025-02-20T11:29:05","date_gmt":"2025-02-20T11:29:05","guid":{"rendered":"https:\/\/vetplusglobal.com\/product\/kaminox-sachets\/"},"modified":"2025-07-15T11:01:41","modified_gmt":"2025-07-15T11:01:41","slug":"kaminox-sachets","status":"publish","type":"product","link":"https:\/\/vetplusglobal.com\/pt-pt\/product\/kaminox-sachets\/","title":{"rendered":"KAMINOX\u00ae SAQUETAS"},"content":{"rendered":"","protected":false},"excerpt":{"rendered":"<p>KAMINOX\u00ae SAQUETAS \u00e9 um nutrac\u00eautico para c\u00e3es e gatos, para ajudar a manter os n\u00edveis normais de pot\u00e1ssio. Cont\u00e9m uma fonte concentrada de pot\u00e1ssio e uma mistura de vitaminas B, para apoio adicional. Esta concentra\u00e7\u00e3o elevada significa que pode ser \u00fatil para animais que beneficiariam de n\u00edveis mais elevados de suplementa\u00e7\u00e3o de pot\u00e1ssio. KAMINOX\u00ae tamb\u00e9m est\u00e1 dispon\u00edvel numa formula\u00e7\u00e3o l\u00edquida, que pode ser mais adequada para gatos e animais de porte mais pequeno. No entanto, a escolha depende da forma que for mais adequada para o tutor e animal de companhia, uma vez que KAMINOX\u00ae SAQUETAS traz uma colher medidora que permite uma administra\u00e7\u00e3o mais f\u00e1cil a animais de pequeno porte, se estes preferirem uma vers\u00e3o em p\u00f3. O seu m\u00e9dico veterin\u00e1rio poder\u00e1 ajud\u00e1-lo a escolher o produto que melhor se adequa ao seu animal de companhia.<br \/>\nKAMINOX\u00ae est\u00e1 dispon\u00edvel num l\u00edquido palat\u00e1vel, para facilitar a administra\u00e7\u00e3o a c\u00e3es e gatos.<\/p>\n","protected":false},"featured_media":18752,"template":"","meta":{"_acf_changed":false,"_oasis_is_in_workflow":0,"_oasis_original":0,"_oasis_task_priority":""},"product_brand":[],"product_cat":[619,544,542],"product_tag":[],"class_list":{"0":"post-38411","1":"product","2":"type-product","3":"status-publish","4":"has-post-thumbnail","6":"product_cat-orgaos-internos","7":"product_cat-para-caes","8":"product_cat-para-gatos","10":"first","11":"instock","12":"shipping-taxable","13":"product-type-simple"},"acf":[],"yoast_head":"<!-- This site is optimized with the Yoast SEO plugin v27.3 - https:\/\/yoast.com\/product\/yoast-seo-wordpress\/ -->\n<title>KAMINOX\u00ae SAQUETAS - vetplus<\/title>\n<meta name=\"robots\" content=\"index, follow, max-snippet:-1, max-image-preview:large, max-video-preview:-1\" \/>\n<link rel=\"canonical\" href=\"https:\/\/vetplusglobal.com\/pt-pt\/product\/kaminox-sachets\/\" \/>\n<meta property=\"og:locale\" content=\"pt_PT\" \/>\n<meta property=\"og:type\" content=\"article\" \/>\n<meta property=\"og:title\" content=\"KAMINOX\u00ae SAQUETAS - vetplus\" \/>\n<meta property=\"og:description\" content=\"KAMINOX\u00ae SAQUETAS \u00e9 um nutrac\u00eautico para c\u00e3es e gatos, para ajudar a manter os n\u00edveis normais de pot\u00e1ssio. Cont\u00e9m uma fonte concentrada de pot\u00e1ssio e uma mistura de vitaminas B, para apoio adicional. Esta concentra\u00e7\u00e3o elevada significa que pode ser \u00fatil para animais que beneficiariam de n\u00edveis mais elevados de suplementa\u00e7\u00e3o de pot\u00e1ssio. KAMINOX\u00ae tamb\u00e9m est\u00e1 dispon\u00edvel numa formula\u00e7\u00e3o l\u00edquida, que pode ser mais adequada para gatos e animais de porte mais pequeno. No entanto, a escolha depende da forma que for mais adequada para o tutor e animal de companhia, uma vez que KAMINOX\u00ae SAQUETAS traz uma colher medidora que permite uma administra\u00e7\u00e3o mais f\u00e1cil a animais de pequeno porte, se estes preferirem uma vers\u00e3o em p\u00f3. O seu m\u00e9dico veterin\u00e1rio poder\u00e1 ajud\u00e1-lo a escolher o produto que melhor se adequa ao seu animal de companhia. KAMINOX\u00ae est\u00e1 dispon\u00edvel num l\u00edquido palat\u00e1vel, para facilitar a administra\u00e7\u00e3o a c\u00e3es e gatos.\" \/>\n<meta property=\"og:url\" content=\"https:\/\/vetplusglobal.com\/pt-pt\/product\/kaminox-sachets\/\" \/>\n<meta property=\"og:site_name\" content=\"vetplus\" \/>\n<meta property=\"article:publisher\" content=\"https:\/\/www.facebook.com\/vetplusUK\/\" \/>\n<meta property=\"article:modified_time\" content=\"2025-07-15T11:01:41+00:00\" \/>\n<meta property=\"og:image\" content=\"https:\/\/vetplusglobal.com\/wp-content\/uploads\/2025\/07\/Kaminox-sachet.png\" \/>\n\t<meta property=\"og:image:width\" content=\"1000\" \/>\n\t<meta property=\"og:image:height\" content=\"1000\" \/>\n\t<meta property=\"og:image:type\" content=\"image\/png\" \/>\n<meta name=\"twitter:card\" content=\"summary_large_image\" \/>\n<meta name=\"twitter:site\" content=\"@vetplusuk\" \/>\n<meta name=\"twitter:label1\" content=\"Est. reading time\" \/>\n\t<meta name=\"twitter:data1\" content=\"1 minute\" \/>\n<script type=\"application\/ld+json\" class=\"yoast-schema-graph\">{\"@context\":\"https:\\\/\\\/schema.org\",\"@graph\":[{\"@type\":\"WebPage\",\"@id\":\"https:\\\/\\\/vetplusglobal.com\\\/pt-pt\\\/product\\\/kaminox-sachets\\\/\",\"url\":\"https:\\\/\\\/vetplusglobal.com\\\/pt-pt\\\/product\\\/kaminox-sachets\\\/\",\"name\":\"KAMINOX\u00ae SAQUETAS - vetplus\",\"isPartOf\":{\"@id\":\"https:\\\/\\\/vetplusglobal.com\\\/pt-pt\\\/#website\"},\"primaryImageOfPage\":{\"@id\":\"https:\\\/\\\/vetplusglobal.com\\\/pt-pt\\\/product\\\/kaminox-sachets\\\/#primaryimage\"},\"image\":{\"@id\":\"https:\\\/\\\/vetplusglobal.com\\\/pt-pt\\\/product\\\/kaminox-sachets\\\/#primaryimage\"},\"thumbnailUrl\":\"https:\\\/\\\/vetplusglobal.com\\\/wp-content\\\/uploads\\\/2025\\\/07\\\/Kaminox-sachet.png\",\"datePublished\":\"2025-02-20T11:29:05+00:00\",\"dateModified\":\"2025-07-15T11:01:41+00:00\",\"breadcrumb\":{\"@id\":\"https:\\\/\\\/vetplusglobal.com\\\/pt-pt\\\/product\\\/kaminox-sachets\\\/#breadcrumb\"},\"inLanguage\":\"pt-PT\",\"potentialAction\":[{\"@type\":\"ReadAction\",\"target\":[\"https:\\\/\\\/vetplusglobal.com\\\/pt-pt\\\/product\\\/kaminox-sachets\\\/\"]}]},{\"@type\":\"ImageObject\",\"inLanguage\":\"pt-PT\",\"@id\":\"https:\\\/\\\/vetplusglobal.com\\\/pt-pt\\\/product\\\/kaminox-sachets\\\/#primaryimage\",\"url\":\"https:\\\/\\\/vetplusglobal.com\\\/wp-content\\\/uploads\\\/2025\\\/07\\\/Kaminox-sachet.png\",\"contentUrl\":\"https:\\\/\\\/vetplusglobal.com\\\/wp-content\\\/uploads\\\/2025\\\/07\\\/Kaminox-sachet.png\",\"width\":1000,\"height\":1000},{\"@type\":\"BreadcrumbList\",\"@id\":\"https:\\\/\\\/vetplusglobal.com\\\/pt-pt\\\/product\\\/kaminox-sachets\\\/#breadcrumb\",\"itemListElement\":[{\"@type\":\"ListItem\",\"position\":1,\"name\":\"Home\",\"item\":\"https:\\\/\\\/vetplusglobal.com\\\/pt-pt\\\/\"},{\"@type\":\"ListItem\",\"position\":2,\"name\":\"Shop\",\"item\":\"https:\\\/\\\/vetplusglobal.com\\\/shop\\\/\"},{\"@type\":\"ListItem\",\"position\":3,\"name\":\"KAMINOX\u00ae SAQUETAS\"}]},{\"@type\":\"WebSite\",\"@id\":\"https:\\\/\\\/vetplusglobal.com\\\/pt-pt\\\/#website\",\"url\":\"https:\\\/\\\/vetplusglobal.com\\\/pt-pt\\\/\",\"name\":\"vetplus\",\"description\":\"The Global Leader in Veterinary Nutraceuticals\",\"publisher\":{\"@id\":\"https:\\\/\\\/vetplusglobal.com\\\/pt-pt\\\/#organization\"},\"potentialAction\":[{\"@type\":\"SearchAction\",\"target\":{\"@type\":\"EntryPoint\",\"urlTemplate\":\"https:\\\/\\\/vetplusglobal.com\\\/pt-pt\\\/?s={search_term_string}\"},\"query-input\":{\"@type\":\"PropertyValueSpecification\",\"valueRequired\":true,\"valueName\":\"search_term_string\"}}],\"inLanguage\":\"pt-PT\"},{\"@type\":\"Organization\",\"@id\":\"https:\\\/\\\/vetplusglobal.com\\\/pt-pt\\\/#organization\",\"name\":\"VetPlus\",\"url\":\"https:\\\/\\\/vetplusglobal.com\\\/pt-pt\\\/\",\"logo\":{\"@type\":\"ImageObject\",\"inLanguage\":\"pt-PT\",\"@id\":\"https:\\\/\\\/vetplusglobal.com\\\/pt-pt\\\/#\\\/schema\\\/logo\\\/image\\\/\",\"url\":\"https:\\\/\\\/vetplusglobal.com\\\/wp-content\\\/uploads\\\/2024\\\/12\\\/Group-955-1.jpg\",\"contentUrl\":\"https:\\\/\\\/vetplusglobal.com\\\/wp-content\\\/uploads\\\/2024\\\/12\\\/Group-955-1.jpg\",\"width\":696,\"height\":696,\"caption\":\"VetPlus\"},\"image\":{\"@id\":\"https:\\\/\\\/vetplusglobal.com\\\/pt-pt\\\/#\\\/schema\\\/logo\\\/image\\\/\"},\"sameAs\":[\"https:\\\/\\\/www.facebook.com\\\/vetplusUK\\\/\",\"https:\\\/\\\/x.com\\\/vetplusuk\"]}]}<\/script>\n<!-- \/ Yoast SEO plugin. -->","yoast_head_json":{"title":"KAMINOX\u00ae SAQUETAS - vetplus","robots":{"index":"index","follow":"follow","max-snippet":"max-snippet:-1","max-image-preview":"max-image-preview:large","max-video-preview":"max-video-preview:-1"},"canonical":"https:\/\/vetplusglobal.com\/pt-pt\/product\/kaminox-sachets\/","og_locale":"pt_PT","og_type":"article","og_title":"KAMINOX\u00ae SAQUETAS - vetplus","og_description":"KAMINOX\u00ae SAQUETAS \u00e9 um nutrac\u00eautico para c\u00e3es e gatos, para ajudar a manter os n\u00edveis normais de pot\u00e1ssio. Cont\u00e9m uma fonte concentrada de pot\u00e1ssio e uma mistura de vitaminas B, para apoio adicional. Esta concentra\u00e7\u00e3o elevada significa que pode ser \u00fatil para animais que beneficiariam de n\u00edveis mais elevados de suplementa\u00e7\u00e3o de pot\u00e1ssio. KAMINOX\u00ae tamb\u00e9m est\u00e1 dispon\u00edvel numa formula\u00e7\u00e3o l\u00edquida, que pode ser mais adequada para gatos e animais de porte mais pequeno. No entanto, a escolha depende da forma que for mais adequada para o tutor e animal de companhia, uma vez que KAMINOX\u00ae SAQUETAS traz uma colher medidora que permite uma administra\u00e7\u00e3o mais f\u00e1cil a animais de pequeno porte, se estes preferirem uma vers\u00e3o em p\u00f3. O seu m\u00e9dico veterin\u00e1rio poder\u00e1 ajud\u00e1-lo a escolher o produto que melhor se adequa ao seu animal de companhia. KAMINOX\u00ae est\u00e1 dispon\u00edvel num l\u00edquido palat\u00e1vel, para facilitar a administra\u00e7\u00e3o a c\u00e3es e gatos.","og_url":"https:\/\/vetplusglobal.com\/pt-pt\/product\/kaminox-sachets\/","og_site_name":"vetplus","article_publisher":"https:\/\/www.facebook.com\/vetplusUK\/","article_modified_time":"2025-07-15T11:01:41+00:00","og_image":[{"width":1000,"height":1000,"url":"https:\/\/vetplusglobal.com\/wp-content\/uploads\/2025\/07\/Kaminox-sachet.png","type":"image\/png"}],"twitter_card":"summary_large_image","twitter_site":"@vetplusuk","twitter_misc":{"Est. reading time":"1 minute"},"schema":{"@context":"https:\/\/schema.org","@graph":[{"@type":"WebPage","@id":"https:\/\/vetplusglobal.com\/pt-pt\/product\/kaminox-sachets\/","url":"https:\/\/vetplusglobal.com\/pt-pt\/product\/kaminox-sachets\/","name":"KAMINOX\u00ae SAQUETAS - vetplus","isPartOf":{"@id":"https:\/\/vetplusglobal.com\/pt-pt\/#website"},"primaryImageOfPage":{"@id":"https:\/\/vetplusglobal.com\/pt-pt\/product\/kaminox-sachets\/#primaryimage"},"image":{"@id":"https:\/\/vetplusglobal.com\/pt-pt\/product\/kaminox-sachets\/#primaryimage"},"thumbnailUrl":"https:\/\/vetplusglobal.com\/wp-content\/uploads\/2025\/07\/Kaminox-sachet.png","datePublished":"2025-02-20T11:29:05+00:00","dateModified":"2025-07-15T11:01:41+00:00","breadcrumb":{"@id":"https:\/\/vetplusglobal.com\/pt-pt\/product\/kaminox-sachets\/#breadcrumb"},"inLanguage":"pt-PT","potentialAction":[{"@type":"ReadAction","target":["https:\/\/vetplusglobal.com\/pt-pt\/product\/kaminox-sachets\/"]}]},{"@type":"ImageObject","inLanguage":"pt-PT","@id":"https:\/\/vetplusglobal.com\/pt-pt\/product\/kaminox-sachets\/#primaryimage","url":"https:\/\/vetplusglobal.com\/wp-content\/uploads\/2025\/07\/Kaminox-sachet.png","contentUrl":"https:\/\/vetplusglobal.com\/wp-content\/uploads\/2025\/07\/Kaminox-sachet.png","width":1000,"height":1000},{"@type":"BreadcrumbList","@id":"https:\/\/vetplusglobal.com\/pt-pt\/product\/kaminox-sachets\/#breadcrumb","itemListElement":[{"@type":"ListItem","position":1,"name":"Home","item":"https:\/\/vetplusglobal.com\/pt-pt\/"},{"@type":"ListItem","position":2,"name":"Shop","item":"https:\/\/vetplusglobal.com\/shop\/"},{"@type":"ListItem","position":3,"name":"KAMINOX\u00ae SAQUETAS"}]},{"@type":"WebSite","@id":"https:\/\/vetplusglobal.com\/pt-pt\/#website","url":"https:\/\/vetplusglobal.com\/pt-pt\/","name":"vetplus","description":"The Global Leader in Veterinary Nutraceuticals","publisher":{"@id":"https:\/\/vetplusglobal.com\/pt-pt\/#organization"},"potentialAction":[{"@type":"SearchAction","target":{"@type":"EntryPoint","urlTemplate":"https:\/\/vetplusglobal.com\/pt-pt\/?s={search_term_string}"},"query-input":{"@type":"PropertyValueSpecification","valueRequired":true,"valueName":"search_term_string"}}],"inLanguage":"pt-PT"},{"@type":"Organization","@id":"https:\/\/vetplusglobal.com\/pt-pt\/#organization","name":"VetPlus","url":"https:\/\/vetplusglobal.com\/pt-pt\/","logo":{"@type":"ImageObject","inLanguage":"pt-PT","@id":"https:\/\/vetplusglobal.com\/pt-pt\/#\/schema\/logo\/image\/","url":"https:\/\/vetplusglobal.com\/wp-content\/uploads\/2024\/12\/Group-955-1.jpg","contentUrl":"https:\/\/vetplusglobal.com\/wp-content\/uploads\/2024\/12\/Group-955-1.jpg","width":696,"height":696,"caption":"VetPlus"},"image":{"@id":"https:\/\/vetplusglobal.com\/pt-pt\/#\/schema\/logo\/image\/"},"sameAs":["https:\/\/www.facebook.com\/vetplusUK\/","https:\/\/x.com\/vetplusuk"]}]}},"_links":{"self":[{"href":"https:\/\/vetplusglobal.com\/pt-pt\/wp-json\/wp\/v2\/product\/38411","targetHints":{"allow":["GET"]}}],"collection":[{"href":"https:\/\/vetplusglobal.com\/pt-pt\/wp-json\/wp\/v2\/product"}],"about":[{"href":"https:\/\/vetplusglobal.com\/pt-pt\/wp-json\/wp\/v2\/types\/product"}],"wp:featuredmedia":[{"embeddable":true,"href":"https:\/\/vetplusglobal.com\/pt-pt\/wp-json\/wp\/v2\/media\/18752"}],"wp:attachment":[{"href":"https:\/\/vetplusglobal.com\/pt-pt\/wp-json\/wp\/v2\/media?parent=38411"}],"wp:term":[{"taxonomy":"product_brand","embeddable":true,"href":"https:\/\/vetplusglobal.com\/pt-pt\/wp-json\/wp\/v2\/product_brand?post=38411"},{"taxonomy":"product_cat","embeddable":true,"href":"https:\/\/vetplusglobal.com\/pt-pt\/wp-json\/wp\/v2\/product_cat?post=38411"},{"taxonomy":"product_tag","embeddable":true,"href":"https:\/\/vetplusglobal.com\/pt-pt\/wp-json\/wp\/v2\/product_tag?post=38411"}],"curies":[{"name":"wp","href":"https:\/\/api.w.org\/{rel}","templated":true}]}}