{"id":38425,"date":"2025-01-17T11:09:17","date_gmt":"2025-01-17T11:09:17","guid":{"rendered":"https:\/\/vetplusglobal.com\/product\/lypex\/"},"modified":"2025-07-16T13:10:17","modified_gmt":"2025-07-16T13:10:17","slug":"lypex","status":"publish","type":"product","link":"https:\/\/vetplusglobal.com\/pt-pt\/product\/lypex\/","title":{"rendered":"LYPEX\u00ae"},"content":{"rendered":"","protected":false},"excerpt":{"rendered":"<p>LYPEX\u00ae \u00e9 um nutrac\u00eautico para c\u00e3es e gatos para apoiar animais que possam beneficiar de um apoio digestivo adicional. LYPEX\u00ae est\u00e1 dispon\u00edvel em c\u00e1psulas para polvilhar, que facilita a sua administra\u00e7\u00e3o a c\u00e3es e gatos. As c\u00e1psulas devem ser abertas e os gr\u00e2nulos no seu interior misturados em cada refei\u00e7\u00e3o, na quantidade recomendada.<\/p>\n<p>&nbsp;<\/p>\n","protected":false},"featured_media":19558,"template":"","meta":{"_acf_changed":false,"_oasis_is_in_workflow":0,"_oasis_original":0,"_oasis_task_priority":""},"product_brand":[],"product_cat":[669,544,542],"product_tag":[],"class_list":{"0":"post-38425","1":"product","2":"type-product","3":"status-publish","4":"has-post-thumbnail","6":"product_cat-gastrointestinal","7":"product_cat-para-caes","8":"product_cat-para-gatos","10":"first","11":"instock","12":"shipping-taxable","13":"product-type-simple"},"acf":[],"yoast_head":"<!-- This site is optimized with the Yoast SEO plugin v27.3 - https:\/\/yoast.com\/product\/yoast-seo-wordpress\/ -->\n<title>LYPEX\u00ae - vetplus<\/title>\n<meta name=\"robots\" content=\"index, follow, max-snippet:-1, max-image-preview:large, max-video-preview:-1\" \/>\n<link rel=\"canonical\" href=\"https:\/\/vetplusglobal.com\/pt-pt\/product\/lypex\/\" \/>\n<meta property=\"og:locale\" content=\"pt_PT\" \/>\n<meta property=\"og:type\" content=\"article\" \/>\n<meta property=\"og:title\" content=\"LYPEX\u00ae - vetplus\" \/>\n<meta property=\"og:description\" content=\"LYPEX\u00ae \u00e9 um nutrac\u00eautico para c\u00e3es e gatos para apoiar animais que possam beneficiar de um apoio digestivo adicional. LYPEX\u00ae est\u00e1 dispon\u00edvel em c\u00e1psulas para polvilhar, que facilita a sua administra\u00e7\u00e3o a c\u00e3es e gatos. As c\u00e1psulas devem ser abertas e os gr\u00e2nulos no seu interior misturados em cada refei\u00e7\u00e3o, na quantidade recomendada.  &nbsp;\" \/>\n<meta property=\"og:url\" content=\"https:\/\/vetplusglobal.com\/pt-pt\/product\/lypex\/\" \/>\n<meta property=\"og:site_name\" content=\"vetplus\" \/>\n<meta property=\"article:publisher\" content=\"https:\/\/www.facebook.com\/vetplusUK\/\" \/>\n<meta property=\"article:modified_time\" content=\"2025-07-16T13:10:17+00:00\" \/>\n<meta property=\"og:image\" content=\"https:\/\/vetplusglobal.com\/wp-content\/uploads\/2025\/07\/Lypex.png\" \/>\n\t<meta property=\"og:image:width\" content=\"1000\" \/>\n\t<meta property=\"og:image:height\" content=\"1000\" \/>\n\t<meta property=\"og:image:type\" content=\"image\/png\" \/>\n<meta name=\"twitter:card\" content=\"summary_large_image\" \/>\n<meta name=\"twitter:site\" content=\"@vetplusuk\" \/>\n<meta name=\"twitter:label1\" content=\"Est. reading time\" \/>\n\t<meta name=\"twitter:data1\" content=\"1 minute\" \/>\n<script type=\"application\/ld+json\" class=\"yoast-schema-graph\">{\"@context\":\"https:\\\/\\\/schema.org\",\"@graph\":[{\"@type\":\"WebPage\",\"@id\":\"https:\\\/\\\/vetplusglobal.com\\\/pt-pt\\\/product\\\/lypex\\\/\",\"url\":\"https:\\\/\\\/vetplusglobal.com\\\/pt-pt\\\/product\\\/lypex\\\/\",\"name\":\"LYPEX\u00ae - vetplus\",\"isPartOf\":{\"@id\":\"https:\\\/\\\/vetplusglobal.com\\\/pt-pt\\\/#website\"},\"primaryImageOfPage\":{\"@id\":\"https:\\\/\\\/vetplusglobal.com\\\/pt-pt\\\/product\\\/lypex\\\/#primaryimage\"},\"image\":{\"@id\":\"https:\\\/\\\/vetplusglobal.com\\\/pt-pt\\\/product\\\/lypex\\\/#primaryimage\"},\"thumbnailUrl\":\"https:\\\/\\\/vetplusglobal.com\\\/wp-content\\\/uploads\\\/2025\\\/07\\\/Lypex.png\",\"datePublished\":\"2025-01-17T11:09:17+00:00\",\"dateModified\":\"2025-07-16T13:10:17+00:00\",\"breadcrumb\":{\"@id\":\"https:\\\/\\\/vetplusglobal.com\\\/pt-pt\\\/product\\\/lypex\\\/#breadcrumb\"},\"inLanguage\":\"pt-PT\",\"potentialAction\":[{\"@type\":\"ReadAction\",\"target\":[\"https:\\\/\\\/vetplusglobal.com\\\/pt-pt\\\/product\\\/lypex\\\/\"]}]},{\"@type\":\"ImageObject\",\"inLanguage\":\"pt-PT\",\"@id\":\"https:\\\/\\\/vetplusglobal.com\\\/pt-pt\\\/product\\\/lypex\\\/#primaryimage\",\"url\":\"https:\\\/\\\/vetplusglobal.com\\\/wp-content\\\/uploads\\\/2025\\\/07\\\/Lypex.png\",\"contentUrl\":\"https:\\\/\\\/vetplusglobal.com\\\/wp-content\\\/uploads\\\/2025\\\/07\\\/Lypex.png\",\"width\":1000,\"height\":1000},{\"@type\":\"BreadcrumbList\",\"@id\":\"https:\\\/\\\/vetplusglobal.com\\\/pt-pt\\\/product\\\/lypex\\\/#breadcrumb\",\"itemListElement\":[{\"@type\":\"ListItem\",\"position\":1,\"name\":\"Home\",\"item\":\"https:\\\/\\\/vetplusglobal.com\\\/pt-pt\\\/\"},{\"@type\":\"ListItem\",\"position\":2,\"name\":\"Shop\",\"item\":\"https:\\\/\\\/vetplusglobal.com\\\/shop\\\/\"},{\"@type\":\"ListItem\",\"position\":3,\"name\":\"LYPEX\u00ae\"}]},{\"@type\":\"WebSite\",\"@id\":\"https:\\\/\\\/vetplusglobal.com\\\/pt-pt\\\/#website\",\"url\":\"https:\\\/\\\/vetplusglobal.com\\\/pt-pt\\\/\",\"name\":\"vetplus\",\"description\":\"The Global Leader in Veterinary Nutraceuticals\",\"publisher\":{\"@id\":\"https:\\\/\\\/vetplusglobal.com\\\/pt-pt\\\/#organization\"},\"potentialAction\":[{\"@type\":\"SearchAction\",\"target\":{\"@type\":\"EntryPoint\",\"urlTemplate\":\"https:\\\/\\\/vetplusglobal.com\\\/pt-pt\\\/?s={search_term_string}\"},\"query-input\":{\"@type\":\"PropertyValueSpecification\",\"valueRequired\":true,\"valueName\":\"search_term_string\"}}],\"inLanguage\":\"pt-PT\"},{\"@type\":\"Organization\",\"@id\":\"https:\\\/\\\/vetplusglobal.com\\\/pt-pt\\\/#organization\",\"name\":\"VetPlus\",\"url\":\"https:\\\/\\\/vetplusglobal.com\\\/pt-pt\\\/\",\"logo\":{\"@type\":\"ImageObject\",\"inLanguage\":\"pt-PT\",\"@id\":\"https:\\\/\\\/vetplusglobal.com\\\/pt-pt\\\/#\\\/schema\\\/logo\\\/image\\\/\",\"url\":\"https:\\\/\\\/vetplusglobal.com\\\/wp-content\\\/uploads\\\/2024\\\/12\\\/Group-955-1.jpg\",\"contentUrl\":\"https:\\\/\\\/vetplusglobal.com\\\/wp-content\\\/uploads\\\/2024\\\/12\\\/Group-955-1.jpg\",\"width\":696,\"height\":696,\"caption\":\"VetPlus\"},\"image\":{\"@id\":\"https:\\\/\\\/vetplusglobal.com\\\/pt-pt\\\/#\\\/schema\\\/logo\\\/image\\\/\"},\"sameAs\":[\"https:\\\/\\\/www.facebook.com\\\/vetplusUK\\\/\",\"https:\\\/\\\/x.com\\\/vetplusuk\"]}]}<\/script>\n<!-- \/ Yoast SEO plugin. -->","yoast_head_json":{"title":"LYPEX\u00ae - vetplus","robots":{"index":"index","follow":"follow","max-snippet":"max-snippet:-1","max-image-preview":"max-image-preview:large","max-video-preview":"max-video-preview:-1"},"canonical":"https:\/\/vetplusglobal.com\/pt-pt\/product\/lypex\/","og_locale":"pt_PT","og_type":"article","og_title":"LYPEX\u00ae - vetplus","og_description":"LYPEX\u00ae \u00e9 um nutrac\u00eautico para c\u00e3es e gatos para apoiar animais que possam beneficiar de um apoio digestivo adicional. LYPEX\u00ae est\u00e1 dispon\u00edvel em c\u00e1psulas para polvilhar, que facilita a sua administra\u00e7\u00e3o a c\u00e3es e gatos. As c\u00e1psulas devem ser abertas e os gr\u00e2nulos no seu interior misturados em cada refei\u00e7\u00e3o, na quantidade recomendada.  &nbsp;","og_url":"https:\/\/vetplusglobal.com\/pt-pt\/product\/lypex\/","og_site_name":"vetplus","article_publisher":"https:\/\/www.facebook.com\/vetplusUK\/","article_modified_time":"2025-07-16T13:10:17+00:00","og_image":[{"width":1000,"height":1000,"url":"https:\/\/vetplusglobal.com\/wp-content\/uploads\/2025\/07\/Lypex.png","type":"image\/png"}],"twitter_card":"summary_large_image","twitter_site":"@vetplusuk","twitter_misc":{"Est. reading time":"1 minute"},"schema":{"@context":"https:\/\/schema.org","@graph":[{"@type":"WebPage","@id":"https:\/\/vetplusglobal.com\/pt-pt\/product\/lypex\/","url":"https:\/\/vetplusglobal.com\/pt-pt\/product\/lypex\/","name":"LYPEX\u00ae - vetplus","isPartOf":{"@id":"https:\/\/vetplusglobal.com\/pt-pt\/#website"},"primaryImageOfPage":{"@id":"https:\/\/vetplusglobal.com\/pt-pt\/product\/lypex\/#primaryimage"},"image":{"@id":"https:\/\/vetplusglobal.com\/pt-pt\/product\/lypex\/#primaryimage"},"thumbnailUrl":"https:\/\/vetplusglobal.com\/wp-content\/uploads\/2025\/07\/Lypex.png","datePublished":"2025-01-17T11:09:17+00:00","dateModified":"2025-07-16T13:10:17+00:00","breadcrumb":{"@id":"https:\/\/vetplusglobal.com\/pt-pt\/product\/lypex\/#breadcrumb"},"inLanguage":"pt-PT","potentialAction":[{"@type":"ReadAction","target":["https:\/\/vetplusglobal.com\/pt-pt\/product\/lypex\/"]}]},{"@type":"ImageObject","inLanguage":"pt-PT","@id":"https:\/\/vetplusglobal.com\/pt-pt\/product\/lypex\/#primaryimage","url":"https:\/\/vetplusglobal.com\/wp-content\/uploads\/2025\/07\/Lypex.png","contentUrl":"https:\/\/vetplusglobal.com\/wp-content\/uploads\/2025\/07\/Lypex.png","width":1000,"height":1000},{"@type":"BreadcrumbList","@id":"https:\/\/vetplusglobal.com\/pt-pt\/product\/lypex\/#breadcrumb","itemListElement":[{"@type":"ListItem","position":1,"name":"Home","item":"https:\/\/vetplusglobal.com\/pt-pt\/"},{"@type":"ListItem","position":2,"name":"Shop","item":"https:\/\/vetplusglobal.com\/shop\/"},{"@type":"ListItem","position":3,"name":"LYPEX\u00ae"}]},{"@type":"WebSite","@id":"https:\/\/vetplusglobal.com\/pt-pt\/#website","url":"https:\/\/vetplusglobal.com\/pt-pt\/","name":"vetplus","description":"The Global Leader in Veterinary Nutraceuticals","publisher":{"@id":"https:\/\/vetplusglobal.com\/pt-pt\/#organization"},"potentialAction":[{"@type":"SearchAction","target":{"@type":"EntryPoint","urlTemplate":"https:\/\/vetplusglobal.com\/pt-pt\/?s={search_term_string}"},"query-input":{"@type":"PropertyValueSpecification","valueRequired":true,"valueName":"search_term_string"}}],"inLanguage":"pt-PT"},{"@type":"Organization","@id":"https:\/\/vetplusglobal.com\/pt-pt\/#organization","name":"VetPlus","url":"https:\/\/vetplusglobal.com\/pt-pt\/","logo":{"@type":"ImageObject","inLanguage":"pt-PT","@id":"https:\/\/vetplusglobal.com\/pt-pt\/#\/schema\/logo\/image\/","url":"https:\/\/vetplusglobal.com\/wp-content\/uploads\/2024\/12\/Group-955-1.jpg","contentUrl":"https:\/\/vetplusglobal.com\/wp-content\/uploads\/2024\/12\/Group-955-1.jpg","width":696,"height":696,"caption":"VetPlus"},"image":{"@id":"https:\/\/vetplusglobal.com\/pt-pt\/#\/schema\/logo\/image\/"},"sameAs":["https:\/\/www.facebook.com\/vetplusUK\/","https:\/\/x.com\/vetplusuk"]}]}},"_links":{"self":[{"href":"https:\/\/vetplusglobal.com\/pt-pt\/wp-json\/wp\/v2\/product\/38425","targetHints":{"allow":["GET"]}}],"collection":[{"href":"https:\/\/vetplusglobal.com\/pt-pt\/wp-json\/wp\/v2\/product"}],"about":[{"href":"https:\/\/vetplusglobal.com\/pt-pt\/wp-json\/wp\/v2\/types\/product"}],"wp:featuredmedia":[{"embeddable":true,"href":"https:\/\/vetplusglobal.com\/pt-pt\/wp-json\/wp\/v2\/media\/19558"}],"wp:attachment":[{"href":"https:\/\/vetplusglobal.com\/pt-pt\/wp-json\/wp\/v2\/media?parent=38425"}],"wp:term":[{"taxonomy":"product_brand","embeddable":true,"href":"https:\/\/vetplusglobal.com\/pt-pt\/wp-json\/wp\/v2\/product_brand?post=38425"},{"taxonomy":"product_cat","embeddable":true,"href":"https:\/\/vetplusglobal.com\/pt-pt\/wp-json\/wp\/v2\/product_cat?post=38425"},{"taxonomy":"product_tag","embeddable":true,"href":"https:\/\/vetplusglobal.com\/pt-pt\/wp-json\/wp\/v2\/product_tag?post=38425"}],"curies":[{"name":"wp","href":"https:\/\/api.w.org\/{rel}","templated":true}]}}