{"id":38428,"date":"2025-03-14T15:50:33","date_gmt":"2025-03-14T15:50:33","guid":{"rendered":"https:\/\/vetplusglobal.com\/product\/promax-large-breed\/"},"modified":"2025-07-16T13:17:30","modified_gmt":"2025-07-16T13:17:30","slug":"promax-large-breed","status":"publish","type":"product","link":"https:\/\/vetplusglobal.com\/pt-pt\/product\/promax-large-breed\/","title":{"rendered":"PROMAX\u00ae RA\u00c7AS GRANDES"},"content":{"rendered":"","protected":false},"excerpt":{"rendered":"<p>PROMAX\u00ae \u00e9 um nutrac\u00eautico para c\u00e3es e gatos, para apoiar a sa\u00fade digestiva a curto prazo. Cont\u00e9m argila de Montmorillonite, que tem qualidades absorventes, uma estirpe viva de bact\u00e9rias boas (probi\u00f3ticos), prebi\u00f3ticos (que alimentam as bact\u00e9rias intestinais saud\u00e1veis) e glutamina para a sa\u00fade das c\u00e9lulas intestinais. Estes ingredientes actuam em conjunto para apoiar um sistema gastrointestinal saud\u00e1vel.<br \/>\nPROMAX\u00ae est\u00e1 dispon\u00edvel numa pasta palat\u00e1vel, em seringas espec\u00edficas para cada ra\u00e7a, com quantidades di\u00e1rias de administra\u00e7\u00e3o pr\u00e9-medidas. S\u00f3 precisa de o administrar uma vez por dia.<\/p>\n","protected":false},"featured_media":28197,"template":"","meta":{"_acf_changed":false,"_oasis_is_in_workflow":0,"_oasis_original":0,"_oasis_task_priority":""},"product_brand":[],"product_cat":[669,544],"product_tag":[],"class_list":{"0":"post-38428","1":"product","2":"type-product","3":"status-publish","4":"has-post-thumbnail","6":"product_cat-gastrointestinal","7":"product_cat-para-caes","9":"first","10":"instock","11":"shipping-taxable","12":"product-type-simple"},"acf":[],"yoast_head":"<!-- This site is optimized with the Yoast SEO plugin v27.3 - https:\/\/yoast.com\/product\/yoast-seo-wordpress\/ -->\n<title>PROMAX\u00ae RA\u00c7AS GRANDES - vetplus<\/title>\n<meta name=\"robots\" content=\"index, follow, max-snippet:-1, max-image-preview:large, max-video-preview:-1\" \/>\n<link rel=\"canonical\" href=\"https:\/\/vetplusglobal.com\/pt-pt\/product\/promax-large-breed\/\" \/>\n<meta property=\"og:locale\" content=\"pt_PT\" \/>\n<meta property=\"og:type\" content=\"article\" \/>\n<meta property=\"og:title\" content=\"PROMAX\u00ae RA\u00c7AS GRANDES - vetplus\" \/>\n<meta property=\"og:description\" content=\"PROMAX\u00ae \u00e9 um nutrac\u00eautico para c\u00e3es e gatos, para apoiar a sa\u00fade digestiva a curto prazo. Cont\u00e9m argila de Montmorillonite, que tem qualidades absorventes, uma estirpe viva de bact\u00e9rias boas (probi\u00f3ticos), prebi\u00f3ticos (que alimentam as bact\u00e9rias intestinais saud\u00e1veis) e glutamina para a sa\u00fade das c\u00e9lulas intestinais. Estes ingredientes actuam em conjunto para apoiar um sistema gastrointestinal saud\u00e1vel. PROMAX\u00ae est\u00e1 dispon\u00edvel numa pasta palat\u00e1vel, em seringas espec\u00edficas para cada ra\u00e7a, com quantidades di\u00e1rias de administra\u00e7\u00e3o pr\u00e9-medidas. S\u00f3 precisa de o administrar uma vez por dia.\" \/>\n<meta property=\"og:url\" content=\"https:\/\/vetplusglobal.com\/pt-pt\/product\/promax-large-breed\/\" \/>\n<meta property=\"og:site_name\" content=\"vetplus\" \/>\n<meta property=\"article:publisher\" content=\"https:\/\/www.facebook.com\/vetplusUK\/\" \/>\n<meta property=\"article:modified_time\" content=\"2025-07-16T13:17:30+00:00\" \/>\n<meta property=\"og:image\" content=\"https:\/\/vetplusglobal.com\/wp-content\/uploads\/2025\/07\/Promax-lb-1.png\" \/>\n\t<meta property=\"og:image:width\" content=\"1000\" \/>\n\t<meta property=\"og:image:height\" content=\"1000\" \/>\n\t<meta property=\"og:image:type\" content=\"image\/png\" \/>\n<meta name=\"twitter:card\" content=\"summary_large_image\" \/>\n<meta name=\"twitter:site\" content=\"@vetplusuk\" \/>\n<meta name=\"twitter:label1\" content=\"Est. reading time\" \/>\n\t<meta name=\"twitter:data1\" content=\"1 minute\" \/>\n<script type=\"application\/ld+json\" class=\"yoast-schema-graph\">{\"@context\":\"https:\\\/\\\/schema.org\",\"@graph\":[{\"@type\":\"WebPage\",\"@id\":\"https:\\\/\\\/vetplusglobal.com\\\/pt-pt\\\/product\\\/promax-large-breed\\\/\",\"url\":\"https:\\\/\\\/vetplusglobal.com\\\/pt-pt\\\/product\\\/promax-large-breed\\\/\",\"name\":\"PROMAX\u00ae RA\u00c7AS GRANDES - vetplus\",\"isPartOf\":{\"@id\":\"https:\\\/\\\/vetplusglobal.com\\\/pt-pt\\\/#website\"},\"primaryImageOfPage\":{\"@id\":\"https:\\\/\\\/vetplusglobal.com\\\/pt-pt\\\/product\\\/promax-large-breed\\\/#primaryimage\"},\"image\":{\"@id\":\"https:\\\/\\\/vetplusglobal.com\\\/pt-pt\\\/product\\\/promax-large-breed\\\/#primaryimage\"},\"thumbnailUrl\":\"https:\\\/\\\/vetplusglobal.com\\\/wp-content\\\/uploads\\\/2025\\\/07\\\/Promax-lb-1.png\",\"datePublished\":\"2025-03-14T15:50:33+00:00\",\"dateModified\":\"2025-07-16T13:17:30+00:00\",\"breadcrumb\":{\"@id\":\"https:\\\/\\\/vetplusglobal.com\\\/pt-pt\\\/product\\\/promax-large-breed\\\/#breadcrumb\"},\"inLanguage\":\"pt-PT\",\"potentialAction\":[{\"@type\":\"ReadAction\",\"target\":[\"https:\\\/\\\/vetplusglobal.com\\\/pt-pt\\\/product\\\/promax-large-breed\\\/\"]}]},{\"@type\":\"ImageObject\",\"inLanguage\":\"pt-PT\",\"@id\":\"https:\\\/\\\/vetplusglobal.com\\\/pt-pt\\\/product\\\/promax-large-breed\\\/#primaryimage\",\"url\":\"https:\\\/\\\/vetplusglobal.com\\\/wp-content\\\/uploads\\\/2025\\\/07\\\/Promax-lb-1.png\",\"contentUrl\":\"https:\\\/\\\/vetplusglobal.com\\\/wp-content\\\/uploads\\\/2025\\\/07\\\/Promax-lb-1.png\",\"width\":1000,\"height\":1000},{\"@type\":\"BreadcrumbList\",\"@id\":\"https:\\\/\\\/vetplusglobal.com\\\/pt-pt\\\/product\\\/promax-large-breed\\\/#breadcrumb\",\"itemListElement\":[{\"@type\":\"ListItem\",\"position\":1,\"name\":\"Home\",\"item\":\"https:\\\/\\\/vetplusglobal.com\\\/pt-pt\\\/\"},{\"@type\":\"ListItem\",\"position\":2,\"name\":\"Shop\",\"item\":\"https:\\\/\\\/vetplusglobal.com\\\/shop\\\/\"},{\"@type\":\"ListItem\",\"position\":3,\"name\":\"PROMAX\u00ae RA\u00c7AS GRANDES\"}]},{\"@type\":\"WebSite\",\"@id\":\"https:\\\/\\\/vetplusglobal.com\\\/pt-pt\\\/#website\",\"url\":\"https:\\\/\\\/vetplusglobal.com\\\/pt-pt\\\/\",\"name\":\"vetplus\",\"description\":\"The Global Leader in Veterinary Nutraceuticals\",\"publisher\":{\"@id\":\"https:\\\/\\\/vetplusglobal.com\\\/pt-pt\\\/#organization\"},\"potentialAction\":[{\"@type\":\"SearchAction\",\"target\":{\"@type\":\"EntryPoint\",\"urlTemplate\":\"https:\\\/\\\/vetplusglobal.com\\\/pt-pt\\\/?s={search_term_string}\"},\"query-input\":{\"@type\":\"PropertyValueSpecification\",\"valueRequired\":true,\"valueName\":\"search_term_string\"}}],\"inLanguage\":\"pt-PT\"},{\"@type\":\"Organization\",\"@id\":\"https:\\\/\\\/vetplusglobal.com\\\/pt-pt\\\/#organization\",\"name\":\"VetPlus\",\"url\":\"https:\\\/\\\/vetplusglobal.com\\\/pt-pt\\\/\",\"logo\":{\"@type\":\"ImageObject\",\"inLanguage\":\"pt-PT\",\"@id\":\"https:\\\/\\\/vetplusglobal.com\\\/pt-pt\\\/#\\\/schema\\\/logo\\\/image\\\/\",\"url\":\"https:\\\/\\\/vetplusglobal.com\\\/wp-content\\\/uploads\\\/2024\\\/12\\\/Group-955-1.jpg\",\"contentUrl\":\"https:\\\/\\\/vetplusglobal.com\\\/wp-content\\\/uploads\\\/2024\\\/12\\\/Group-955-1.jpg\",\"width\":696,\"height\":696,\"caption\":\"VetPlus\"},\"image\":{\"@id\":\"https:\\\/\\\/vetplusglobal.com\\\/pt-pt\\\/#\\\/schema\\\/logo\\\/image\\\/\"},\"sameAs\":[\"https:\\\/\\\/www.facebook.com\\\/vetplusUK\\\/\",\"https:\\\/\\\/x.com\\\/vetplusuk\"]}]}<\/script>\n<!-- \/ Yoast SEO plugin. -->","yoast_head_json":{"title":"PROMAX\u00ae RA\u00c7AS GRANDES - vetplus","robots":{"index":"index","follow":"follow","max-snippet":"max-snippet:-1","max-image-preview":"max-image-preview:large","max-video-preview":"max-video-preview:-1"},"canonical":"https:\/\/vetplusglobal.com\/pt-pt\/product\/promax-large-breed\/","og_locale":"pt_PT","og_type":"article","og_title":"PROMAX\u00ae RA\u00c7AS GRANDES - vetplus","og_description":"PROMAX\u00ae \u00e9 um nutrac\u00eautico para c\u00e3es e gatos, para apoiar a sa\u00fade digestiva a curto prazo. Cont\u00e9m argila de Montmorillonite, que tem qualidades absorventes, uma estirpe viva de bact\u00e9rias boas (probi\u00f3ticos), prebi\u00f3ticos (que alimentam as bact\u00e9rias intestinais saud\u00e1veis) e glutamina para a sa\u00fade das c\u00e9lulas intestinais. Estes ingredientes actuam em conjunto para apoiar um sistema gastrointestinal saud\u00e1vel. PROMAX\u00ae est\u00e1 dispon\u00edvel numa pasta palat\u00e1vel, em seringas espec\u00edficas para cada ra\u00e7a, com quantidades di\u00e1rias de administra\u00e7\u00e3o pr\u00e9-medidas. S\u00f3 precisa de o administrar uma vez por dia.","og_url":"https:\/\/vetplusglobal.com\/pt-pt\/product\/promax-large-breed\/","og_site_name":"vetplus","article_publisher":"https:\/\/www.facebook.com\/vetplusUK\/","article_modified_time":"2025-07-16T13:17:30+00:00","og_image":[{"width":1000,"height":1000,"url":"https:\/\/vetplusglobal.com\/wp-content\/uploads\/2025\/07\/Promax-lb-1.png","type":"image\/png"}],"twitter_card":"summary_large_image","twitter_site":"@vetplusuk","twitter_misc":{"Est. reading time":"1 minute"},"schema":{"@context":"https:\/\/schema.org","@graph":[{"@type":"WebPage","@id":"https:\/\/vetplusglobal.com\/pt-pt\/product\/promax-large-breed\/","url":"https:\/\/vetplusglobal.com\/pt-pt\/product\/promax-large-breed\/","name":"PROMAX\u00ae RA\u00c7AS GRANDES - vetplus","isPartOf":{"@id":"https:\/\/vetplusglobal.com\/pt-pt\/#website"},"primaryImageOfPage":{"@id":"https:\/\/vetplusglobal.com\/pt-pt\/product\/promax-large-breed\/#primaryimage"},"image":{"@id":"https:\/\/vetplusglobal.com\/pt-pt\/product\/promax-large-breed\/#primaryimage"},"thumbnailUrl":"https:\/\/vetplusglobal.com\/wp-content\/uploads\/2025\/07\/Promax-lb-1.png","datePublished":"2025-03-14T15:50:33+00:00","dateModified":"2025-07-16T13:17:30+00:00","breadcrumb":{"@id":"https:\/\/vetplusglobal.com\/pt-pt\/product\/promax-large-breed\/#breadcrumb"},"inLanguage":"pt-PT","potentialAction":[{"@type":"ReadAction","target":["https:\/\/vetplusglobal.com\/pt-pt\/product\/promax-large-breed\/"]}]},{"@type":"ImageObject","inLanguage":"pt-PT","@id":"https:\/\/vetplusglobal.com\/pt-pt\/product\/promax-large-breed\/#primaryimage","url":"https:\/\/vetplusglobal.com\/wp-content\/uploads\/2025\/07\/Promax-lb-1.png","contentUrl":"https:\/\/vetplusglobal.com\/wp-content\/uploads\/2025\/07\/Promax-lb-1.png","width":1000,"height":1000},{"@type":"BreadcrumbList","@id":"https:\/\/vetplusglobal.com\/pt-pt\/product\/promax-large-breed\/#breadcrumb","itemListElement":[{"@type":"ListItem","position":1,"name":"Home","item":"https:\/\/vetplusglobal.com\/pt-pt\/"},{"@type":"ListItem","position":2,"name":"Shop","item":"https:\/\/vetplusglobal.com\/shop\/"},{"@type":"ListItem","position":3,"name":"PROMAX\u00ae RA\u00c7AS GRANDES"}]},{"@type":"WebSite","@id":"https:\/\/vetplusglobal.com\/pt-pt\/#website","url":"https:\/\/vetplusglobal.com\/pt-pt\/","name":"vetplus","description":"The Global Leader in Veterinary Nutraceuticals","publisher":{"@id":"https:\/\/vetplusglobal.com\/pt-pt\/#organization"},"potentialAction":[{"@type":"SearchAction","target":{"@type":"EntryPoint","urlTemplate":"https:\/\/vetplusglobal.com\/pt-pt\/?s={search_term_string}"},"query-input":{"@type":"PropertyValueSpecification","valueRequired":true,"valueName":"search_term_string"}}],"inLanguage":"pt-PT"},{"@type":"Organization","@id":"https:\/\/vetplusglobal.com\/pt-pt\/#organization","name":"VetPlus","url":"https:\/\/vetplusglobal.com\/pt-pt\/","logo":{"@type":"ImageObject","inLanguage":"pt-PT","@id":"https:\/\/vetplusglobal.com\/pt-pt\/#\/schema\/logo\/image\/","url":"https:\/\/vetplusglobal.com\/wp-content\/uploads\/2024\/12\/Group-955-1.jpg","contentUrl":"https:\/\/vetplusglobal.com\/wp-content\/uploads\/2024\/12\/Group-955-1.jpg","width":696,"height":696,"caption":"VetPlus"},"image":{"@id":"https:\/\/vetplusglobal.com\/pt-pt\/#\/schema\/logo\/image\/"},"sameAs":["https:\/\/www.facebook.com\/vetplusUK\/","https:\/\/x.com\/vetplusuk"]}]}},"_links":{"self":[{"href":"https:\/\/vetplusglobal.com\/pt-pt\/wp-json\/wp\/v2\/product\/38428","targetHints":{"allow":["GET"]}}],"collection":[{"href":"https:\/\/vetplusglobal.com\/pt-pt\/wp-json\/wp\/v2\/product"}],"about":[{"href":"https:\/\/vetplusglobal.com\/pt-pt\/wp-json\/wp\/v2\/types\/product"}],"wp:featuredmedia":[{"embeddable":true,"href":"https:\/\/vetplusglobal.com\/pt-pt\/wp-json\/wp\/v2\/media\/28197"}],"wp:attachment":[{"href":"https:\/\/vetplusglobal.com\/pt-pt\/wp-json\/wp\/v2\/media?parent=38428"}],"wp:term":[{"taxonomy":"product_brand","embeddable":true,"href":"https:\/\/vetplusglobal.com\/pt-pt\/wp-json\/wp\/v2\/product_brand?post=38428"},{"taxonomy":"product_cat","embeddable":true,"href":"https:\/\/vetplusglobal.com\/pt-pt\/wp-json\/wp\/v2\/product_cat?post=38428"},{"taxonomy":"product_tag","embeddable":true,"href":"https:\/\/vetplusglobal.com\/pt-pt\/wp-json\/wp\/v2\/product_tag?post=38428"}],"curies":[{"name":"wp","href":"https:\/\/api.w.org\/{rel}","templated":true}]}}