{"id":38437,"date":"2025-01-16T09:15:20","date_gmt":"2025-01-16T09:15:20","guid":{"rendered":"https:\/\/vetplusglobal.com\/product\/sustain-for-cats\/"},"modified":"2025-07-16T13:26:47","modified_gmt":"2025-07-16T13:26:47","slug":"sustain-for-cats","status":"publish","type":"product","link":"https:\/\/vetplusglobal.com\/pt-pt\/product\/sustain-for-cats\/","title":{"rendered":"SUSTAIN\u00ae PARA GATOS"},"content":{"rendered":"","protected":false},"excerpt":{"rendered":"<p>SUSTAIN\u00ae PARA GATOS \u00e9 um nutrac\u00eautico para apoiar a longo prazo a sa\u00fade intestinal e imunit\u00e1ria. Os intestinos do seu gato s\u00e3o o lar de trili\u00f5es de bact\u00e9rias boas, chamadas microbiota. SUSTAIN\u00ae PARA GATOS cont\u00e9m um probi\u00f3tico, um prebi\u00f3tico, inulina, e um p\u00f3s-bi\u00f3tico derivado da levedura Saccharomyces cerevisiae. Os probi\u00f3ticos s\u00e3o bact\u00e9rias vivas e os prebi\u00f3ticos s\u00e3o alimentos para as bact\u00e9rias boas do intestino. Os p\u00f3s-bi\u00f3ticos s\u00e3o microrganismos inactivados e os seus subprodutos. Foi demonstrado que ajudam a apoiar o sistema imunit\u00e1rio e a manter as bact\u00e9rias intestinais saud\u00e1veis. Juntamente com estes ingredientes-chave, SUSTAIN\u00ae PARA GATOS fornece beta-glucanos, que tamb\u00e9m podem apoiar um sistema imunit\u00e1rio saud\u00e1vel. Esta f\u00f3rmula \u00fanica significa que o produto pode ser ben\u00e9fico numa variedade de situa\u00e7\u00f5es diferentes.<\/p>\n<p>SUSTAIN\u00ae PARA GATOS est\u00e1 dispon\u00edvel num p\u00f3 palat\u00e1vel, em saquetas individuais, para facilitar a sua administra\u00e7\u00e3o aos gatos. Foi concebido para ser misturado com os alimentos.<\/p>\n","protected":false},"featured_media":19626,"template":"","meta":{"_acf_changed":false,"_oasis_is_in_workflow":0,"_oasis_original":0,"_oasis_task_priority":""},"product_brand":[],"product_cat":[669,542],"product_tag":[],"class_list":{"0":"post-38437","1":"product","2":"type-product","3":"status-publish","4":"has-post-thumbnail","6":"product_cat-gastrointestinal","7":"product_cat-para-gatos","9":"first","10":"instock","11":"shipping-taxable","12":"product-type-simple"},"acf":[],"yoast_head":"<!-- This site is optimized with the Yoast SEO plugin v27.3 - https:\/\/yoast.com\/product\/yoast-seo-wordpress\/ -->\n<title>SUSTAIN\u00ae PARA GATOS - vetplus<\/title>\n<meta name=\"robots\" content=\"index, follow, max-snippet:-1, max-image-preview:large, max-video-preview:-1\" \/>\n<link rel=\"canonical\" href=\"https:\/\/vetplusglobal.com\/pt-pt\/product\/sustain-for-cats\/\" \/>\n<meta property=\"og:locale\" content=\"pt_PT\" \/>\n<meta property=\"og:type\" content=\"article\" \/>\n<meta property=\"og:title\" content=\"SUSTAIN\u00ae PARA GATOS - vetplus\" \/>\n<meta property=\"og:description\" content=\"SUSTAIN\u00ae PARA GATOS \u00e9 um nutrac\u00eautico para apoiar a longo prazo a sa\u00fade intestinal e imunit\u00e1ria. Os intestinos do seu gato s\u00e3o o lar de trili\u00f5es de bact\u00e9rias boas, chamadas microbiota. SUSTAIN\u00ae PARA GATOS cont\u00e9m um probi\u00f3tico, um prebi\u00f3tico, inulina, e um p\u00f3s-bi\u00f3tico derivado da levedura Saccharomyces cerevisiae. Os probi\u00f3ticos s\u00e3o bact\u00e9rias vivas e os prebi\u00f3ticos s\u00e3o alimentos para as bact\u00e9rias boas do intestino. Os p\u00f3s-bi\u00f3ticos s\u00e3o microrganismos inactivados e os seus subprodutos. Foi demonstrado que ajudam a apoiar o sistema imunit\u00e1rio e a manter as bact\u00e9rias intestinais saud\u00e1veis. Juntamente com estes ingredientes-chave, SUSTAIN\u00ae PARA GATOS fornece beta-glucanos, que tamb\u00e9m podem apoiar um sistema imunit\u00e1rio saud\u00e1vel. Esta f\u00f3rmula \u00fanica significa que o produto pode ser ben\u00e9fico numa variedade de situa\u00e7\u00f5es diferentes.  SUSTAIN\u00ae PARA GATOS est\u00e1 dispon\u00edvel num p\u00f3 palat\u00e1vel, em saquetas individuais, para facilitar a sua administra\u00e7\u00e3o aos gatos. Foi concebido para ser misturado com os alimentos.\" \/>\n<meta property=\"og:url\" content=\"https:\/\/vetplusglobal.com\/pt-pt\/product\/sustain-for-cats\/\" \/>\n<meta property=\"og:site_name\" content=\"vetplus\" \/>\n<meta property=\"article:publisher\" content=\"https:\/\/www.facebook.com\/vetplusUK\/\" \/>\n<meta property=\"article:modified_time\" content=\"2025-07-16T13:26:47+00:00\" \/>\n<meta property=\"og:image\" content=\"https:\/\/vetplusglobal.com\/wp-content\/uploads\/2025\/07\/sustain-for-cats.png\" \/>\n\t<meta property=\"og:image:width\" content=\"1000\" \/>\n\t<meta property=\"og:image:height\" content=\"1000\" \/>\n\t<meta property=\"og:image:type\" content=\"image\/png\" \/>\n<meta name=\"twitter:card\" content=\"summary_large_image\" \/>\n<meta name=\"twitter:site\" content=\"@vetplusuk\" \/>\n<meta name=\"twitter:label1\" content=\"Est. reading time\" \/>\n\t<meta name=\"twitter:data1\" content=\"1 minute\" \/>\n<script type=\"application\/ld+json\" class=\"yoast-schema-graph\">{\"@context\":\"https:\\\/\\\/schema.org\",\"@graph\":[{\"@type\":\"WebPage\",\"@id\":\"https:\\\/\\\/vetplusglobal.com\\\/pt-pt\\\/product\\\/sustain-for-cats\\\/\",\"url\":\"https:\\\/\\\/vetplusglobal.com\\\/pt-pt\\\/product\\\/sustain-for-cats\\\/\",\"name\":\"SUSTAIN\u00ae PARA GATOS - vetplus\",\"isPartOf\":{\"@id\":\"https:\\\/\\\/vetplusglobal.com\\\/pt-pt\\\/#website\"},\"primaryImageOfPage\":{\"@id\":\"https:\\\/\\\/vetplusglobal.com\\\/pt-pt\\\/product\\\/sustain-for-cats\\\/#primaryimage\"},\"image\":{\"@id\":\"https:\\\/\\\/vetplusglobal.com\\\/pt-pt\\\/product\\\/sustain-for-cats\\\/#primaryimage\"},\"thumbnailUrl\":\"https:\\\/\\\/vetplusglobal.com\\\/wp-content\\\/uploads\\\/2025\\\/07\\\/sustain-for-cats.png\",\"datePublished\":\"2025-01-16T09:15:20+00:00\",\"dateModified\":\"2025-07-16T13:26:47+00:00\",\"breadcrumb\":{\"@id\":\"https:\\\/\\\/vetplusglobal.com\\\/pt-pt\\\/product\\\/sustain-for-cats\\\/#breadcrumb\"},\"inLanguage\":\"pt-PT\",\"potentialAction\":[{\"@type\":\"ReadAction\",\"target\":[\"https:\\\/\\\/vetplusglobal.com\\\/pt-pt\\\/product\\\/sustain-for-cats\\\/\"]}]},{\"@type\":\"ImageObject\",\"inLanguage\":\"pt-PT\",\"@id\":\"https:\\\/\\\/vetplusglobal.com\\\/pt-pt\\\/product\\\/sustain-for-cats\\\/#primaryimage\",\"url\":\"https:\\\/\\\/vetplusglobal.com\\\/wp-content\\\/uploads\\\/2025\\\/07\\\/sustain-for-cats.png\",\"contentUrl\":\"https:\\\/\\\/vetplusglobal.com\\\/wp-content\\\/uploads\\\/2025\\\/07\\\/sustain-for-cats.png\",\"width\":1000,\"height\":1000},{\"@type\":\"BreadcrumbList\",\"@id\":\"https:\\\/\\\/vetplusglobal.com\\\/pt-pt\\\/product\\\/sustain-for-cats\\\/#breadcrumb\",\"itemListElement\":[{\"@type\":\"ListItem\",\"position\":1,\"name\":\"Home\",\"item\":\"https:\\\/\\\/vetplusglobal.com\\\/pt-pt\\\/\"},{\"@type\":\"ListItem\",\"position\":2,\"name\":\"Shop\",\"item\":\"https:\\\/\\\/vetplusglobal.com\\\/shop\\\/\"},{\"@type\":\"ListItem\",\"position\":3,\"name\":\"SUSTAIN\u00ae PARA GATOS\"}]},{\"@type\":\"WebSite\",\"@id\":\"https:\\\/\\\/vetplusglobal.com\\\/pt-pt\\\/#website\",\"url\":\"https:\\\/\\\/vetplusglobal.com\\\/pt-pt\\\/\",\"name\":\"vetplus\",\"description\":\"The Global Leader in Veterinary Nutraceuticals\",\"publisher\":{\"@id\":\"https:\\\/\\\/vetplusglobal.com\\\/pt-pt\\\/#organization\"},\"potentialAction\":[{\"@type\":\"SearchAction\",\"target\":{\"@type\":\"EntryPoint\",\"urlTemplate\":\"https:\\\/\\\/vetplusglobal.com\\\/pt-pt\\\/?s={search_term_string}\"},\"query-input\":{\"@type\":\"PropertyValueSpecification\",\"valueRequired\":true,\"valueName\":\"search_term_string\"}}],\"inLanguage\":\"pt-PT\"},{\"@type\":\"Organization\",\"@id\":\"https:\\\/\\\/vetplusglobal.com\\\/pt-pt\\\/#organization\",\"name\":\"VetPlus\",\"url\":\"https:\\\/\\\/vetplusglobal.com\\\/pt-pt\\\/\",\"logo\":{\"@type\":\"ImageObject\",\"inLanguage\":\"pt-PT\",\"@id\":\"https:\\\/\\\/vetplusglobal.com\\\/pt-pt\\\/#\\\/schema\\\/logo\\\/image\\\/\",\"url\":\"https:\\\/\\\/vetplusglobal.com\\\/wp-content\\\/uploads\\\/2024\\\/12\\\/Group-955-1.jpg\",\"contentUrl\":\"https:\\\/\\\/vetplusglobal.com\\\/wp-content\\\/uploads\\\/2024\\\/12\\\/Group-955-1.jpg\",\"width\":696,\"height\":696,\"caption\":\"VetPlus\"},\"image\":{\"@id\":\"https:\\\/\\\/vetplusglobal.com\\\/pt-pt\\\/#\\\/schema\\\/logo\\\/image\\\/\"},\"sameAs\":[\"https:\\\/\\\/www.facebook.com\\\/vetplusUK\\\/\",\"https:\\\/\\\/x.com\\\/vetplusuk\"]}]}<\/script>\n<!-- \/ Yoast SEO plugin. -->","yoast_head_json":{"title":"SUSTAIN\u00ae PARA GATOS - vetplus","robots":{"index":"index","follow":"follow","max-snippet":"max-snippet:-1","max-image-preview":"max-image-preview:large","max-video-preview":"max-video-preview:-1"},"canonical":"https:\/\/vetplusglobal.com\/pt-pt\/product\/sustain-for-cats\/","og_locale":"pt_PT","og_type":"article","og_title":"SUSTAIN\u00ae PARA GATOS - vetplus","og_description":"SUSTAIN\u00ae PARA GATOS \u00e9 um nutrac\u00eautico para apoiar a longo prazo a sa\u00fade intestinal e imunit\u00e1ria. Os intestinos do seu gato s\u00e3o o lar de trili\u00f5es de bact\u00e9rias boas, chamadas microbiota. SUSTAIN\u00ae PARA GATOS cont\u00e9m um probi\u00f3tico, um prebi\u00f3tico, inulina, e um p\u00f3s-bi\u00f3tico derivado da levedura Saccharomyces cerevisiae. Os probi\u00f3ticos s\u00e3o bact\u00e9rias vivas e os prebi\u00f3ticos s\u00e3o alimentos para as bact\u00e9rias boas do intestino. Os p\u00f3s-bi\u00f3ticos s\u00e3o microrganismos inactivados e os seus subprodutos. Foi demonstrado que ajudam a apoiar o sistema imunit\u00e1rio e a manter as bact\u00e9rias intestinais saud\u00e1veis. Juntamente com estes ingredientes-chave, SUSTAIN\u00ae PARA GATOS fornece beta-glucanos, que tamb\u00e9m podem apoiar um sistema imunit\u00e1rio saud\u00e1vel. Esta f\u00f3rmula \u00fanica significa que o produto pode ser ben\u00e9fico numa variedade de situa\u00e7\u00f5es diferentes.  SUSTAIN\u00ae PARA GATOS est\u00e1 dispon\u00edvel num p\u00f3 palat\u00e1vel, em saquetas individuais, para facilitar a sua administra\u00e7\u00e3o aos gatos. Foi concebido para ser misturado com os alimentos.","og_url":"https:\/\/vetplusglobal.com\/pt-pt\/product\/sustain-for-cats\/","og_site_name":"vetplus","article_publisher":"https:\/\/www.facebook.com\/vetplusUK\/","article_modified_time":"2025-07-16T13:26:47+00:00","og_image":[{"width":1000,"height":1000,"url":"https:\/\/vetplusglobal.com\/wp-content\/uploads\/2025\/07\/sustain-for-cats.png","type":"image\/png"}],"twitter_card":"summary_large_image","twitter_site":"@vetplusuk","twitter_misc":{"Est. reading time":"1 minute"},"schema":{"@context":"https:\/\/schema.org","@graph":[{"@type":"WebPage","@id":"https:\/\/vetplusglobal.com\/pt-pt\/product\/sustain-for-cats\/","url":"https:\/\/vetplusglobal.com\/pt-pt\/product\/sustain-for-cats\/","name":"SUSTAIN\u00ae PARA GATOS - vetplus","isPartOf":{"@id":"https:\/\/vetplusglobal.com\/pt-pt\/#website"},"primaryImageOfPage":{"@id":"https:\/\/vetplusglobal.com\/pt-pt\/product\/sustain-for-cats\/#primaryimage"},"image":{"@id":"https:\/\/vetplusglobal.com\/pt-pt\/product\/sustain-for-cats\/#primaryimage"},"thumbnailUrl":"https:\/\/vetplusglobal.com\/wp-content\/uploads\/2025\/07\/sustain-for-cats.png","datePublished":"2025-01-16T09:15:20+00:00","dateModified":"2025-07-16T13:26:47+00:00","breadcrumb":{"@id":"https:\/\/vetplusglobal.com\/pt-pt\/product\/sustain-for-cats\/#breadcrumb"},"inLanguage":"pt-PT","potentialAction":[{"@type":"ReadAction","target":["https:\/\/vetplusglobal.com\/pt-pt\/product\/sustain-for-cats\/"]}]},{"@type":"ImageObject","inLanguage":"pt-PT","@id":"https:\/\/vetplusglobal.com\/pt-pt\/product\/sustain-for-cats\/#primaryimage","url":"https:\/\/vetplusglobal.com\/wp-content\/uploads\/2025\/07\/sustain-for-cats.png","contentUrl":"https:\/\/vetplusglobal.com\/wp-content\/uploads\/2025\/07\/sustain-for-cats.png","width":1000,"height":1000},{"@type":"BreadcrumbList","@id":"https:\/\/vetplusglobal.com\/pt-pt\/product\/sustain-for-cats\/#breadcrumb","itemListElement":[{"@type":"ListItem","position":1,"name":"Home","item":"https:\/\/vetplusglobal.com\/pt-pt\/"},{"@type":"ListItem","position":2,"name":"Shop","item":"https:\/\/vetplusglobal.com\/shop\/"},{"@type":"ListItem","position":3,"name":"SUSTAIN\u00ae PARA GATOS"}]},{"@type":"WebSite","@id":"https:\/\/vetplusglobal.com\/pt-pt\/#website","url":"https:\/\/vetplusglobal.com\/pt-pt\/","name":"vetplus","description":"The Global Leader in Veterinary Nutraceuticals","publisher":{"@id":"https:\/\/vetplusglobal.com\/pt-pt\/#organization"},"potentialAction":[{"@type":"SearchAction","target":{"@type":"EntryPoint","urlTemplate":"https:\/\/vetplusglobal.com\/pt-pt\/?s={search_term_string}"},"query-input":{"@type":"PropertyValueSpecification","valueRequired":true,"valueName":"search_term_string"}}],"inLanguage":"pt-PT"},{"@type":"Organization","@id":"https:\/\/vetplusglobal.com\/pt-pt\/#organization","name":"VetPlus","url":"https:\/\/vetplusglobal.com\/pt-pt\/","logo":{"@type":"ImageObject","inLanguage":"pt-PT","@id":"https:\/\/vetplusglobal.com\/pt-pt\/#\/schema\/logo\/image\/","url":"https:\/\/vetplusglobal.com\/wp-content\/uploads\/2024\/12\/Group-955-1.jpg","contentUrl":"https:\/\/vetplusglobal.com\/wp-content\/uploads\/2024\/12\/Group-955-1.jpg","width":696,"height":696,"caption":"VetPlus"},"image":{"@id":"https:\/\/vetplusglobal.com\/pt-pt\/#\/schema\/logo\/image\/"},"sameAs":["https:\/\/www.facebook.com\/vetplusUK\/","https:\/\/x.com\/vetplusuk"]}]}},"_links":{"self":[{"href":"https:\/\/vetplusglobal.com\/pt-pt\/wp-json\/wp\/v2\/product\/38437","targetHints":{"allow":["GET"]}}],"collection":[{"href":"https:\/\/vetplusglobal.com\/pt-pt\/wp-json\/wp\/v2\/product"}],"about":[{"href":"https:\/\/vetplusglobal.com\/pt-pt\/wp-json\/wp\/v2\/types\/product"}],"wp:featuredmedia":[{"embeddable":true,"href":"https:\/\/vetplusglobal.com\/pt-pt\/wp-json\/wp\/v2\/media\/19626"}],"wp:attachment":[{"href":"https:\/\/vetplusglobal.com\/pt-pt\/wp-json\/wp\/v2\/media?parent=38437"}],"wp:term":[{"taxonomy":"product_brand","embeddable":true,"href":"https:\/\/vetplusglobal.com\/pt-pt\/wp-json\/wp\/v2\/product_brand?post=38437"},{"taxonomy":"product_cat","embeddable":true,"href":"https:\/\/vetplusglobal.com\/pt-pt\/wp-json\/wp\/v2\/product_cat?post=38437"},{"taxonomy":"product_tag","embeddable":true,"href":"https:\/\/vetplusglobal.com\/pt-pt\/wp-json\/wp\/v2\/product_tag?post=38437"}],"curies":[{"name":"wp","href":"https:\/\/api.w.org\/{rel}","templated":true}]}}