{"id":38449,"date":"2025-04-22T16:40:05","date_gmt":"2025-04-22T16:40:05","guid":{"rendered":"https:\/\/vetplusglobal.com\/product\/coatex-medicated-shampoo\/"},"modified":"2025-07-16T13:29:34","modified_gmt":"2025-07-16T13:29:34","slug":"coatex-medicated-shampoo","status":"publish","type":"product","link":"https:\/\/vetplusglobal.com\/pt-pt\/product\/coatex-medicated-shampoo\/","title":{"rendered":"CHAMP\u00d4 COATEX\u00ae M"},"content":{"rendered":"","protected":false},"excerpt":{"rendered":"<p>O CHAMP\u00d4 COATEX\u00ae M foi concebido para ser utilizado como um apoio adicional \u00e0 sa\u00fade da pele dos c\u00e3es. Cont\u00e9m os ingredientes cloroxilenol, tiossulfato de s\u00f3dio e \u00e1cido salic\u00edlico, para apoiar a sa\u00fade da pele e manter a sua superf\u00edcie limpa. Tem um pH neutro e n\u00e3o seca o pelo, por isso pode ser utilizado regularmente. O champ\u00f4 faz bastante espuma, por isso s\u00f3 \u00e9 necess\u00e1ria uma pequena quantidade de produto. Ap\u00f3s a aplica\u00e7\u00e3o, requer um curto per\u00edodo de contacto de 5-10 minutos com o pelo, antes de ser completamente enxaguado.<br \/>\nO CHAMP\u00d4 COATEX\u00ae M est\u00e1 dispon\u00edvel em frascos de 250ml e 500ml, para c\u00e3es. O produto n\u00e3o \u00e9 recomendado para gatos.<\/p>\n","protected":false},"featured_media":31645,"template":"","meta":{"_acf_changed":false,"_oasis_is_in_workflow":0,"_oasis_original":0,"_oasis_task_priority":""},"product_brand":[],"product_cat":[544,716],"product_tag":[],"class_list":{"0":"post-38449","1":"product","2":"type-product","3":"status-publish","4":"has-post-thumbnail","6":"product_cat-para-caes","7":"product_cat-pele-pelo","9":"first","10":"instock","11":"shipping-taxable","12":"product-type-simple"},"acf":[],"yoast_head":"<!-- This site is optimized with the Yoast SEO plugin v27.3 - https:\/\/yoast.com\/product\/yoast-seo-wordpress\/ -->\n<title>CHAMP\u00d4 COATEX\u00ae M - vetplus<\/title>\n<meta name=\"robots\" content=\"index, follow, max-snippet:-1, max-image-preview:large, max-video-preview:-1\" \/>\n<link rel=\"canonical\" href=\"https:\/\/vetplusglobal.com\/pt-pt\/product\/coatex-medicated-shampoo\/\" \/>\n<meta property=\"og:locale\" content=\"pt_PT\" \/>\n<meta property=\"og:type\" content=\"article\" \/>\n<meta property=\"og:title\" content=\"CHAMP\u00d4 COATEX\u00ae M - vetplus\" \/>\n<meta property=\"og:description\" content=\"O CHAMP\u00d4 COATEX\u00ae M foi concebido para ser utilizado como um apoio adicional \u00e0 sa\u00fade da pele dos c\u00e3es. Cont\u00e9m os ingredientes cloroxilenol, tiossulfato de s\u00f3dio e \u00e1cido salic\u00edlico, para apoiar a sa\u00fade da pele e manter a sua superf\u00edcie limpa. Tem um pH neutro e n\u00e3o seca o pelo, por isso pode ser utilizado regularmente. O champ\u00f4 faz bastante espuma, por isso s\u00f3 \u00e9 necess\u00e1ria uma pequena quantidade de produto. Ap\u00f3s a aplica\u00e7\u00e3o, requer um curto per\u00edodo de contacto de 5-10 minutos com o pelo, antes de ser completamente enxaguado. O CHAMP\u00d4 COATEX\u00ae M est\u00e1 dispon\u00edvel em frascos de 250ml e 500ml, para c\u00e3es. O produto n\u00e3o \u00e9 recomendado para gatos.\" \/>\n<meta property=\"og:url\" content=\"https:\/\/vetplusglobal.com\/pt-pt\/product\/coatex-medicated-shampoo\/\" \/>\n<meta property=\"og:site_name\" content=\"vetplus\" \/>\n<meta property=\"article:publisher\" content=\"https:\/\/www.facebook.com\/vetplusUK\/\" \/>\n<meta property=\"article:modified_time\" content=\"2025-07-16T13:29:34+00:00\" \/>\n<meta property=\"og:image\" content=\"https:\/\/vetplusglobal.com\/wp-content\/uploads\/2025\/07\/Coatex-m-shampoo.png\" \/>\n\t<meta property=\"og:image:width\" content=\"1000\" \/>\n\t<meta property=\"og:image:height\" content=\"1000\" \/>\n\t<meta property=\"og:image:type\" content=\"image\/png\" \/>\n<meta name=\"twitter:card\" content=\"summary_large_image\" \/>\n<meta name=\"twitter:site\" content=\"@vetplusuk\" \/>\n<meta name=\"twitter:label1\" content=\"Est. reading time\" \/>\n\t<meta name=\"twitter:data1\" content=\"1 minute\" \/>\n<script type=\"application\/ld+json\" class=\"yoast-schema-graph\">{\"@context\":\"https:\\\/\\\/schema.org\",\"@graph\":[{\"@type\":\"WebPage\",\"@id\":\"https:\\\/\\\/vetplusglobal.com\\\/pt-pt\\\/product\\\/coatex-medicated-shampoo\\\/\",\"url\":\"https:\\\/\\\/vetplusglobal.com\\\/pt-pt\\\/product\\\/coatex-medicated-shampoo\\\/\",\"name\":\"CHAMP\u00d4 COATEX\u00ae M - vetplus\",\"isPartOf\":{\"@id\":\"https:\\\/\\\/vetplusglobal.com\\\/pt-pt\\\/#website\"},\"primaryImageOfPage\":{\"@id\":\"https:\\\/\\\/vetplusglobal.com\\\/pt-pt\\\/product\\\/coatex-medicated-shampoo\\\/#primaryimage\"},\"image\":{\"@id\":\"https:\\\/\\\/vetplusglobal.com\\\/pt-pt\\\/product\\\/coatex-medicated-shampoo\\\/#primaryimage\"},\"thumbnailUrl\":\"https:\\\/\\\/vetplusglobal.com\\\/wp-content\\\/uploads\\\/2025\\\/07\\\/Coatex-m-shampoo.png\",\"datePublished\":\"2025-04-22T16:40:05+00:00\",\"dateModified\":\"2025-07-16T13:29:34+00:00\",\"breadcrumb\":{\"@id\":\"https:\\\/\\\/vetplusglobal.com\\\/pt-pt\\\/product\\\/coatex-medicated-shampoo\\\/#breadcrumb\"},\"inLanguage\":\"pt-PT\",\"potentialAction\":[{\"@type\":\"ReadAction\",\"target\":[\"https:\\\/\\\/vetplusglobal.com\\\/pt-pt\\\/product\\\/coatex-medicated-shampoo\\\/\"]}]},{\"@type\":\"ImageObject\",\"inLanguage\":\"pt-PT\",\"@id\":\"https:\\\/\\\/vetplusglobal.com\\\/pt-pt\\\/product\\\/coatex-medicated-shampoo\\\/#primaryimage\",\"url\":\"https:\\\/\\\/vetplusglobal.com\\\/wp-content\\\/uploads\\\/2025\\\/07\\\/Coatex-m-shampoo.png\",\"contentUrl\":\"https:\\\/\\\/vetplusglobal.com\\\/wp-content\\\/uploads\\\/2025\\\/07\\\/Coatex-m-shampoo.png\",\"width\":1000,\"height\":1000},{\"@type\":\"BreadcrumbList\",\"@id\":\"https:\\\/\\\/vetplusglobal.com\\\/pt-pt\\\/product\\\/coatex-medicated-shampoo\\\/#breadcrumb\",\"itemListElement\":[{\"@type\":\"ListItem\",\"position\":1,\"name\":\"Home\",\"item\":\"https:\\\/\\\/vetplusglobal.com\\\/pt-pt\\\/\"},{\"@type\":\"ListItem\",\"position\":2,\"name\":\"Shop\",\"item\":\"https:\\\/\\\/vetplusglobal.com\\\/shop\\\/\"},{\"@type\":\"ListItem\",\"position\":3,\"name\":\"CHAMP\u00d4 COATEX\u00ae M\"}]},{\"@type\":\"WebSite\",\"@id\":\"https:\\\/\\\/vetplusglobal.com\\\/pt-pt\\\/#website\",\"url\":\"https:\\\/\\\/vetplusglobal.com\\\/pt-pt\\\/\",\"name\":\"vetplus\",\"description\":\"The Global Leader in Veterinary Nutraceuticals\",\"publisher\":{\"@id\":\"https:\\\/\\\/vetplusglobal.com\\\/pt-pt\\\/#organization\"},\"potentialAction\":[{\"@type\":\"SearchAction\",\"target\":{\"@type\":\"EntryPoint\",\"urlTemplate\":\"https:\\\/\\\/vetplusglobal.com\\\/pt-pt\\\/?s={search_term_string}\"},\"query-input\":{\"@type\":\"PropertyValueSpecification\",\"valueRequired\":true,\"valueName\":\"search_term_string\"}}],\"inLanguage\":\"pt-PT\"},{\"@type\":\"Organization\",\"@id\":\"https:\\\/\\\/vetplusglobal.com\\\/pt-pt\\\/#organization\",\"name\":\"VetPlus\",\"url\":\"https:\\\/\\\/vetplusglobal.com\\\/pt-pt\\\/\",\"logo\":{\"@type\":\"ImageObject\",\"inLanguage\":\"pt-PT\",\"@id\":\"https:\\\/\\\/vetplusglobal.com\\\/pt-pt\\\/#\\\/schema\\\/logo\\\/image\\\/\",\"url\":\"https:\\\/\\\/vetplusglobal.com\\\/wp-content\\\/uploads\\\/2024\\\/12\\\/Group-955-1.jpg\",\"contentUrl\":\"https:\\\/\\\/vetplusglobal.com\\\/wp-content\\\/uploads\\\/2024\\\/12\\\/Group-955-1.jpg\",\"width\":696,\"height\":696,\"caption\":\"VetPlus\"},\"image\":{\"@id\":\"https:\\\/\\\/vetplusglobal.com\\\/pt-pt\\\/#\\\/schema\\\/logo\\\/image\\\/\"},\"sameAs\":[\"https:\\\/\\\/www.facebook.com\\\/vetplusUK\\\/\",\"https:\\\/\\\/x.com\\\/vetplusuk\"]}]}<\/script>\n<!-- \/ Yoast SEO plugin. -->","yoast_head_json":{"title":"CHAMP\u00d4 COATEX\u00ae M - vetplus","robots":{"index":"index","follow":"follow","max-snippet":"max-snippet:-1","max-image-preview":"max-image-preview:large","max-video-preview":"max-video-preview:-1"},"canonical":"https:\/\/vetplusglobal.com\/pt-pt\/product\/coatex-medicated-shampoo\/","og_locale":"pt_PT","og_type":"article","og_title":"CHAMP\u00d4 COATEX\u00ae M - vetplus","og_description":"O CHAMP\u00d4 COATEX\u00ae M foi concebido para ser utilizado como um apoio adicional \u00e0 sa\u00fade da pele dos c\u00e3es. Cont\u00e9m os ingredientes cloroxilenol, tiossulfato de s\u00f3dio e \u00e1cido salic\u00edlico, para apoiar a sa\u00fade da pele e manter a sua superf\u00edcie limpa. Tem um pH neutro e n\u00e3o seca o pelo, por isso pode ser utilizado regularmente. O champ\u00f4 faz bastante espuma, por isso s\u00f3 \u00e9 necess\u00e1ria uma pequena quantidade de produto. Ap\u00f3s a aplica\u00e7\u00e3o, requer um curto per\u00edodo de contacto de 5-10 minutos com o pelo, antes de ser completamente enxaguado. O CHAMP\u00d4 COATEX\u00ae M est\u00e1 dispon\u00edvel em frascos de 250ml e 500ml, para c\u00e3es. O produto n\u00e3o \u00e9 recomendado para gatos.","og_url":"https:\/\/vetplusglobal.com\/pt-pt\/product\/coatex-medicated-shampoo\/","og_site_name":"vetplus","article_publisher":"https:\/\/www.facebook.com\/vetplusUK\/","article_modified_time":"2025-07-16T13:29:34+00:00","og_image":[{"width":1000,"height":1000,"url":"https:\/\/vetplusglobal.com\/wp-content\/uploads\/2025\/07\/Coatex-m-shampoo.png","type":"image\/png"}],"twitter_card":"summary_large_image","twitter_site":"@vetplusuk","twitter_misc":{"Est. reading time":"1 minute"},"schema":{"@context":"https:\/\/schema.org","@graph":[{"@type":"WebPage","@id":"https:\/\/vetplusglobal.com\/pt-pt\/product\/coatex-medicated-shampoo\/","url":"https:\/\/vetplusglobal.com\/pt-pt\/product\/coatex-medicated-shampoo\/","name":"CHAMP\u00d4 COATEX\u00ae M - vetplus","isPartOf":{"@id":"https:\/\/vetplusglobal.com\/pt-pt\/#website"},"primaryImageOfPage":{"@id":"https:\/\/vetplusglobal.com\/pt-pt\/product\/coatex-medicated-shampoo\/#primaryimage"},"image":{"@id":"https:\/\/vetplusglobal.com\/pt-pt\/product\/coatex-medicated-shampoo\/#primaryimage"},"thumbnailUrl":"https:\/\/vetplusglobal.com\/wp-content\/uploads\/2025\/07\/Coatex-m-shampoo.png","datePublished":"2025-04-22T16:40:05+00:00","dateModified":"2025-07-16T13:29:34+00:00","breadcrumb":{"@id":"https:\/\/vetplusglobal.com\/pt-pt\/product\/coatex-medicated-shampoo\/#breadcrumb"},"inLanguage":"pt-PT","potentialAction":[{"@type":"ReadAction","target":["https:\/\/vetplusglobal.com\/pt-pt\/product\/coatex-medicated-shampoo\/"]}]},{"@type":"ImageObject","inLanguage":"pt-PT","@id":"https:\/\/vetplusglobal.com\/pt-pt\/product\/coatex-medicated-shampoo\/#primaryimage","url":"https:\/\/vetplusglobal.com\/wp-content\/uploads\/2025\/07\/Coatex-m-shampoo.png","contentUrl":"https:\/\/vetplusglobal.com\/wp-content\/uploads\/2025\/07\/Coatex-m-shampoo.png","width":1000,"height":1000},{"@type":"BreadcrumbList","@id":"https:\/\/vetplusglobal.com\/pt-pt\/product\/coatex-medicated-shampoo\/#breadcrumb","itemListElement":[{"@type":"ListItem","position":1,"name":"Home","item":"https:\/\/vetplusglobal.com\/pt-pt\/"},{"@type":"ListItem","position":2,"name":"Shop","item":"https:\/\/vetplusglobal.com\/shop\/"},{"@type":"ListItem","position":3,"name":"CHAMP\u00d4 COATEX\u00ae M"}]},{"@type":"WebSite","@id":"https:\/\/vetplusglobal.com\/pt-pt\/#website","url":"https:\/\/vetplusglobal.com\/pt-pt\/","name":"vetplus","description":"The Global Leader in Veterinary Nutraceuticals","publisher":{"@id":"https:\/\/vetplusglobal.com\/pt-pt\/#organization"},"potentialAction":[{"@type":"SearchAction","target":{"@type":"EntryPoint","urlTemplate":"https:\/\/vetplusglobal.com\/pt-pt\/?s={search_term_string}"},"query-input":{"@type":"PropertyValueSpecification","valueRequired":true,"valueName":"search_term_string"}}],"inLanguage":"pt-PT"},{"@type":"Organization","@id":"https:\/\/vetplusglobal.com\/pt-pt\/#organization","name":"VetPlus","url":"https:\/\/vetplusglobal.com\/pt-pt\/","logo":{"@type":"ImageObject","inLanguage":"pt-PT","@id":"https:\/\/vetplusglobal.com\/pt-pt\/#\/schema\/logo\/image\/","url":"https:\/\/vetplusglobal.com\/wp-content\/uploads\/2024\/12\/Group-955-1.jpg","contentUrl":"https:\/\/vetplusglobal.com\/wp-content\/uploads\/2024\/12\/Group-955-1.jpg","width":696,"height":696,"caption":"VetPlus"},"image":{"@id":"https:\/\/vetplusglobal.com\/pt-pt\/#\/schema\/logo\/image\/"},"sameAs":["https:\/\/www.facebook.com\/vetplusUK\/","https:\/\/x.com\/vetplusuk"]}]}},"_links":{"self":[{"href":"https:\/\/vetplusglobal.com\/pt-pt\/wp-json\/wp\/v2\/product\/38449","targetHints":{"allow":["GET"]}}],"collection":[{"href":"https:\/\/vetplusglobal.com\/pt-pt\/wp-json\/wp\/v2\/product"}],"about":[{"href":"https:\/\/vetplusglobal.com\/pt-pt\/wp-json\/wp\/v2\/types\/product"}],"wp:featuredmedia":[{"embeddable":true,"href":"https:\/\/vetplusglobal.com\/pt-pt\/wp-json\/wp\/v2\/media\/31645"}],"wp:attachment":[{"href":"https:\/\/vetplusglobal.com\/pt-pt\/wp-json\/wp\/v2\/media?parent=38449"}],"wp:term":[{"taxonomy":"product_brand","embeddable":true,"href":"https:\/\/vetplusglobal.com\/pt-pt\/wp-json\/wp\/v2\/product_brand?post=38449"},{"taxonomy":"product_cat","embeddable":true,"href":"https:\/\/vetplusglobal.com\/pt-pt\/wp-json\/wp\/v2\/product_cat?post=38449"},{"taxonomy":"product_tag","embeddable":true,"href":"https:\/\/vetplusglobal.com\/pt-pt\/wp-json\/wp\/v2\/product_tag?post=38449"}],"curies":[{"name":"wp","href":"https:\/\/api.w.org\/{rel}","templated":true}]}}