{"id":44016,"date":"2025-10-27T15:15:47","date_gmt":"2025-10-27T15:15:47","guid":{"rendered":"https:\/\/vetplusglobal.com\/?post_type=product&#038;p=44016"},"modified":"2026-04-08T11:19:29","modified_gmt":"2026-04-08T11:19:29","slug":"champo-coatex-m-copy","status":"publish","type":"product","link":"https:\/\/vetplusglobal.com\/pt-pt\/product\/champo-coatex-m-copy\/","title":{"rendered":"COATEX\u00ae CHAMP\u00d4 M"},"content":{"rendered":"","protected":false},"excerpt":{"rendered":"<p>COATEX\u00ae CHAMP\u00d4 M foi concebido para ser utilizado como um apoio adicional \u00e0 sa\u00fade da pele dos c\u00e3es. Cont\u00e9m cloroxilenol, tiossulfato de s\u00f3dio e \u00e1cido salic\u00edlico, que ajudam a manter a sa\u00fade da pele e a mant\u00ea-la limpa. Tem um pH neutro e n\u00e3o seca o p\u00ealo, pelo que pode ser utilizado regularmente. O champ\u00f4 faz bastante espuma, por esse motivo apenas \u00e9 necess\u00e1ria uma pequena quantidade e \u00e9 f\u00e1cil ver onde foi aplicado no p\u00ealo. Requer um tempo de contacto curto de 5 a 10 minutos uma vez aplicado no p\u00ealo, antes de enxaguar completamente. COATEX\u00ae CHAMP\u00d4 M est\u00e1 dispon\u00edvel em frascos de 500 ml para c\u00e3es. O produto n\u00e3o \u00e9 recomendado para gatos.<\/p>\n","protected":false},"featured_media":47049,"template":"","meta":{"_acf_changed":false,"_oasis_is_in_workflow":0,"_oasis_original":0,"_oasis_task_priority":""},"product_brand":[],"product_cat":[544,716],"product_tag":[],"class_list":{"0":"post-44016","1":"product","2":"type-product","3":"status-publish","4":"has-post-thumbnail","6":"product_cat-para-caes","7":"product_cat-pele-pelo","9":"first","10":"instock","11":"shipping-taxable","12":"product-type-simple"},"acf":[],"yoast_head":"<!-- This site is optimized with the Yoast SEO plugin v27.3 - https:\/\/yoast.com\/product\/yoast-seo-wordpress\/ -->\n<title>COATEX\u00ae CHAMP\u00d4 M - vetplus<\/title>\n<meta name=\"robots\" content=\"index, follow, max-snippet:-1, max-image-preview:large, max-video-preview:-1\" \/>\n<link rel=\"canonical\" href=\"https:\/\/vetplusglobal.com\/pt-pt\/product\/champo-coatex-m-copy\/\" \/>\n<meta property=\"og:locale\" content=\"pt_PT\" \/>\n<meta property=\"og:type\" content=\"article\" \/>\n<meta property=\"og:title\" content=\"COATEX\u00ae CHAMP\u00d4 M - vetplus\" \/>\n<meta property=\"og:description\" content=\"COATEX\u00ae CHAMP\u00d4 M foi concebido para ser utilizado como um apoio adicional \u00e0 sa\u00fade da pele dos c\u00e3es. Cont\u00e9m cloroxilenol, tiossulfato de s\u00f3dio e \u00e1cido salic\u00edlico, que ajudam a manter a sa\u00fade da pele e a mant\u00ea-la limpa. Tem um pH neutro e n\u00e3o seca o p\u00ealo, pelo que pode ser utilizado regularmente. O champ\u00f4 faz bastante espuma, por esse motivo apenas \u00e9 necess\u00e1ria uma pequena quantidade e \u00e9 f\u00e1cil ver onde foi aplicado no p\u00ealo. Requer um tempo de contacto curto de 5 a 10 minutos uma vez aplicado no p\u00ealo, antes de enxaguar completamente. COATEX\u00ae CHAMP\u00d4 M est\u00e1 dispon\u00edvel em frascos de 500 ml para c\u00e3es. O produto n\u00e3o \u00e9 recomendado para gatos.\" \/>\n<meta property=\"og:url\" content=\"https:\/\/vetplusglobal.com\/pt-pt\/product\/champo-coatex-m-copy\/\" \/>\n<meta property=\"og:site_name\" content=\"vetplus\" \/>\n<meta property=\"article:publisher\" content=\"https:\/\/www.facebook.com\/vetplusUK\/\" \/>\n<meta property=\"article:modified_time\" content=\"2026-04-08T11:19:29+00:00\" \/>\n<meta property=\"og:image\" content=\"https:\/\/vetplusglobal.com\/wp-content\/uploads\/2025\/10\/Coatex-M-Shampoo-scaled.jpg\" \/>\n\t<meta property=\"og:image:width\" content=\"1810\" \/>\n\t<meta property=\"og:image:height\" content=\"2560\" \/>\n\t<meta property=\"og:image:type\" content=\"image\/jpeg\" \/>\n<meta name=\"twitter:card\" content=\"summary_large_image\" \/>\n<meta name=\"twitter:site\" content=\"@vetplusuk\" \/>\n<meta name=\"twitter:label1\" content=\"Est. reading time\" \/>\n\t<meta name=\"twitter:data1\" content=\"1 minute\" \/>\n<script type=\"application\/ld+json\" class=\"yoast-schema-graph\">{\"@context\":\"https:\\\/\\\/schema.org\",\"@graph\":[{\"@type\":\"WebPage\",\"@id\":\"https:\\\/\\\/vetplusglobal.com\\\/pt-pt\\\/product\\\/champo-coatex-m-copy\\\/\",\"url\":\"https:\\\/\\\/vetplusglobal.com\\\/pt-pt\\\/product\\\/champo-coatex-m-copy\\\/\",\"name\":\"COATEX\u00ae CHAMP\u00d4 M - vetplus\",\"isPartOf\":{\"@id\":\"https:\\\/\\\/vetplusglobal.com\\\/pt-pt\\\/#website\"},\"primaryImageOfPage\":{\"@id\":\"https:\\\/\\\/vetplusglobal.com\\\/pt-pt\\\/product\\\/champo-coatex-m-copy\\\/#primaryimage\"},\"image\":{\"@id\":\"https:\\\/\\\/vetplusglobal.com\\\/pt-pt\\\/product\\\/champo-coatex-m-copy\\\/#primaryimage\"},\"thumbnailUrl\":\"https:\\\/\\\/vetplusglobal.com\\\/wp-content\\\/uploads\\\/2025\\\/10\\\/Coatex-M-Shampoo-scaled.jpg\",\"datePublished\":\"2025-10-27T15:15:47+00:00\",\"dateModified\":\"2026-04-08T11:19:29+00:00\",\"breadcrumb\":{\"@id\":\"https:\\\/\\\/vetplusglobal.com\\\/pt-pt\\\/product\\\/champo-coatex-m-copy\\\/#breadcrumb\"},\"inLanguage\":\"pt-PT\",\"potentialAction\":[{\"@type\":\"ReadAction\",\"target\":[\"https:\\\/\\\/vetplusglobal.com\\\/pt-pt\\\/product\\\/champo-coatex-m-copy\\\/\"]}]},{\"@type\":\"ImageObject\",\"inLanguage\":\"pt-PT\",\"@id\":\"https:\\\/\\\/vetplusglobal.com\\\/pt-pt\\\/product\\\/champo-coatex-m-copy\\\/#primaryimage\",\"url\":\"https:\\\/\\\/vetplusglobal.com\\\/wp-content\\\/uploads\\\/2025\\\/10\\\/Coatex-M-Shampoo-scaled.jpg\",\"contentUrl\":\"https:\\\/\\\/vetplusglobal.com\\\/wp-content\\\/uploads\\\/2025\\\/10\\\/Coatex-M-Shampoo-scaled.jpg\",\"width\":1810,\"height\":2560},{\"@type\":\"BreadcrumbList\",\"@id\":\"https:\\\/\\\/vetplusglobal.com\\\/pt-pt\\\/product\\\/champo-coatex-m-copy\\\/#breadcrumb\",\"itemListElement\":[{\"@type\":\"ListItem\",\"position\":1,\"name\":\"Home\",\"item\":\"https:\\\/\\\/vetplusglobal.com\\\/pt-pt\\\/\"},{\"@type\":\"ListItem\",\"position\":2,\"name\":\"Shop\",\"item\":\"https:\\\/\\\/vetplusglobal.com\\\/shop\\\/\"},{\"@type\":\"ListItem\",\"position\":3,\"name\":\"COATEX\u00ae CHAMP\u00d4 M\"}]},{\"@type\":\"WebSite\",\"@id\":\"https:\\\/\\\/vetplusglobal.com\\\/pt-pt\\\/#website\",\"url\":\"https:\\\/\\\/vetplusglobal.com\\\/pt-pt\\\/\",\"name\":\"vetplus\",\"description\":\"The Global Leader in Veterinary Nutraceuticals\",\"publisher\":{\"@id\":\"https:\\\/\\\/vetplusglobal.com\\\/pt-pt\\\/#organization\"},\"potentialAction\":[{\"@type\":\"SearchAction\",\"target\":{\"@type\":\"EntryPoint\",\"urlTemplate\":\"https:\\\/\\\/vetplusglobal.com\\\/pt-pt\\\/?s={search_term_string}\"},\"query-input\":{\"@type\":\"PropertyValueSpecification\",\"valueRequired\":true,\"valueName\":\"search_term_string\"}}],\"inLanguage\":\"pt-PT\"},{\"@type\":\"Organization\",\"@id\":\"https:\\\/\\\/vetplusglobal.com\\\/pt-pt\\\/#organization\",\"name\":\"VetPlus\",\"url\":\"https:\\\/\\\/vetplusglobal.com\\\/pt-pt\\\/\",\"logo\":{\"@type\":\"ImageObject\",\"inLanguage\":\"pt-PT\",\"@id\":\"https:\\\/\\\/vetplusglobal.com\\\/pt-pt\\\/#\\\/schema\\\/logo\\\/image\\\/\",\"url\":\"https:\\\/\\\/vetplusglobal.com\\\/wp-content\\\/uploads\\\/2024\\\/12\\\/Group-955-1.jpg\",\"contentUrl\":\"https:\\\/\\\/vetplusglobal.com\\\/wp-content\\\/uploads\\\/2024\\\/12\\\/Group-955-1.jpg\",\"width\":696,\"height\":696,\"caption\":\"VetPlus\"},\"image\":{\"@id\":\"https:\\\/\\\/vetplusglobal.com\\\/pt-pt\\\/#\\\/schema\\\/logo\\\/image\\\/\"},\"sameAs\":[\"https:\\\/\\\/www.facebook.com\\\/vetplusUK\\\/\",\"https:\\\/\\\/x.com\\\/vetplusuk\"]}]}<\/script>\n<!-- \/ Yoast SEO plugin. -->","yoast_head_json":{"title":"COATEX\u00ae CHAMP\u00d4 M - vetplus","robots":{"index":"index","follow":"follow","max-snippet":"max-snippet:-1","max-image-preview":"max-image-preview:large","max-video-preview":"max-video-preview:-1"},"canonical":"https:\/\/vetplusglobal.com\/pt-pt\/product\/champo-coatex-m-copy\/","og_locale":"pt_PT","og_type":"article","og_title":"COATEX\u00ae CHAMP\u00d4 M - vetplus","og_description":"COATEX\u00ae CHAMP\u00d4 M foi concebido para ser utilizado como um apoio adicional \u00e0 sa\u00fade da pele dos c\u00e3es. Cont\u00e9m cloroxilenol, tiossulfato de s\u00f3dio e \u00e1cido salic\u00edlico, que ajudam a manter a sa\u00fade da pele e a mant\u00ea-la limpa. Tem um pH neutro e n\u00e3o seca o p\u00ealo, pelo que pode ser utilizado regularmente. O champ\u00f4 faz bastante espuma, por esse motivo apenas \u00e9 necess\u00e1ria uma pequena quantidade e \u00e9 f\u00e1cil ver onde foi aplicado no p\u00ealo. Requer um tempo de contacto curto de 5 a 10 minutos uma vez aplicado no p\u00ealo, antes de enxaguar completamente. COATEX\u00ae CHAMP\u00d4 M est\u00e1 dispon\u00edvel em frascos de 500 ml para c\u00e3es. O produto n\u00e3o \u00e9 recomendado para gatos.","og_url":"https:\/\/vetplusglobal.com\/pt-pt\/product\/champo-coatex-m-copy\/","og_site_name":"vetplus","article_publisher":"https:\/\/www.facebook.com\/vetplusUK\/","article_modified_time":"2026-04-08T11:19:29+00:00","og_image":[{"width":1810,"height":2560,"url":"https:\/\/vetplusglobal.com\/wp-content\/uploads\/2025\/10\/Coatex-M-Shampoo-scaled.jpg","type":"image\/jpeg"}],"twitter_card":"summary_large_image","twitter_site":"@vetplusuk","twitter_misc":{"Est. reading time":"1 minute"},"schema":{"@context":"https:\/\/schema.org","@graph":[{"@type":"WebPage","@id":"https:\/\/vetplusglobal.com\/pt-pt\/product\/champo-coatex-m-copy\/","url":"https:\/\/vetplusglobal.com\/pt-pt\/product\/champo-coatex-m-copy\/","name":"COATEX\u00ae CHAMP\u00d4 M - vetplus","isPartOf":{"@id":"https:\/\/vetplusglobal.com\/pt-pt\/#website"},"primaryImageOfPage":{"@id":"https:\/\/vetplusglobal.com\/pt-pt\/product\/champo-coatex-m-copy\/#primaryimage"},"image":{"@id":"https:\/\/vetplusglobal.com\/pt-pt\/product\/champo-coatex-m-copy\/#primaryimage"},"thumbnailUrl":"https:\/\/vetplusglobal.com\/wp-content\/uploads\/2025\/10\/Coatex-M-Shampoo-scaled.jpg","datePublished":"2025-10-27T15:15:47+00:00","dateModified":"2026-04-08T11:19:29+00:00","breadcrumb":{"@id":"https:\/\/vetplusglobal.com\/pt-pt\/product\/champo-coatex-m-copy\/#breadcrumb"},"inLanguage":"pt-PT","potentialAction":[{"@type":"ReadAction","target":["https:\/\/vetplusglobal.com\/pt-pt\/product\/champo-coatex-m-copy\/"]}]},{"@type":"ImageObject","inLanguage":"pt-PT","@id":"https:\/\/vetplusglobal.com\/pt-pt\/product\/champo-coatex-m-copy\/#primaryimage","url":"https:\/\/vetplusglobal.com\/wp-content\/uploads\/2025\/10\/Coatex-M-Shampoo-scaled.jpg","contentUrl":"https:\/\/vetplusglobal.com\/wp-content\/uploads\/2025\/10\/Coatex-M-Shampoo-scaled.jpg","width":1810,"height":2560},{"@type":"BreadcrumbList","@id":"https:\/\/vetplusglobal.com\/pt-pt\/product\/champo-coatex-m-copy\/#breadcrumb","itemListElement":[{"@type":"ListItem","position":1,"name":"Home","item":"https:\/\/vetplusglobal.com\/pt-pt\/"},{"@type":"ListItem","position":2,"name":"Shop","item":"https:\/\/vetplusglobal.com\/shop\/"},{"@type":"ListItem","position":3,"name":"COATEX\u00ae CHAMP\u00d4 M"}]},{"@type":"WebSite","@id":"https:\/\/vetplusglobal.com\/pt-pt\/#website","url":"https:\/\/vetplusglobal.com\/pt-pt\/","name":"vetplus","description":"The Global Leader in Veterinary Nutraceuticals","publisher":{"@id":"https:\/\/vetplusglobal.com\/pt-pt\/#organization"},"potentialAction":[{"@type":"SearchAction","target":{"@type":"EntryPoint","urlTemplate":"https:\/\/vetplusglobal.com\/pt-pt\/?s={search_term_string}"},"query-input":{"@type":"PropertyValueSpecification","valueRequired":true,"valueName":"search_term_string"}}],"inLanguage":"pt-PT"},{"@type":"Organization","@id":"https:\/\/vetplusglobal.com\/pt-pt\/#organization","name":"VetPlus","url":"https:\/\/vetplusglobal.com\/pt-pt\/","logo":{"@type":"ImageObject","inLanguage":"pt-PT","@id":"https:\/\/vetplusglobal.com\/pt-pt\/#\/schema\/logo\/image\/","url":"https:\/\/vetplusglobal.com\/wp-content\/uploads\/2024\/12\/Group-955-1.jpg","contentUrl":"https:\/\/vetplusglobal.com\/wp-content\/uploads\/2024\/12\/Group-955-1.jpg","width":696,"height":696,"caption":"VetPlus"},"image":{"@id":"https:\/\/vetplusglobal.com\/pt-pt\/#\/schema\/logo\/image\/"},"sameAs":["https:\/\/www.facebook.com\/vetplusUK\/","https:\/\/x.com\/vetplusuk"]}]}},"_links":{"self":[{"href":"https:\/\/vetplusglobal.com\/pt-pt\/wp-json\/wp\/v2\/product\/44016","targetHints":{"allow":["GET"]}}],"collection":[{"href":"https:\/\/vetplusglobal.com\/pt-pt\/wp-json\/wp\/v2\/product"}],"about":[{"href":"https:\/\/vetplusglobal.com\/pt-pt\/wp-json\/wp\/v2\/types\/product"}],"wp:featuredmedia":[{"embeddable":true,"href":"https:\/\/vetplusglobal.com\/pt-pt\/wp-json\/wp\/v2\/media\/47049"}],"wp:attachment":[{"href":"https:\/\/vetplusglobal.com\/pt-pt\/wp-json\/wp\/v2\/media?parent=44016"}],"wp:term":[{"taxonomy":"product_brand","embeddable":true,"href":"https:\/\/vetplusglobal.com\/pt-pt\/wp-json\/wp\/v2\/product_brand?post=44016"},{"taxonomy":"product_cat","embeddable":true,"href":"https:\/\/vetplusglobal.com\/pt-pt\/wp-json\/wp\/v2\/product_cat?post=44016"},{"taxonomy":"product_tag","embeddable":true,"href":"https:\/\/vetplusglobal.com\/pt-pt\/wp-json\/wp\/v2\/product_tag?post=44016"}],"curies":[{"name":"wp","href":"https:\/\/api.w.org\/{rel}","templated":true}]}}