{"id":44022,"date":"2025-10-27T15:23:36","date_gmt":"2025-10-27T15:23:36","guid":{"rendered":"https:\/\/vetplusglobal.com\/?post_type=product&#038;p=44022"},"modified":"2026-04-08T11:15:38","modified_gmt":"2026-04-08T11:15:38","slug":"coatex-champo-aloe-e-aveia-copy","status":"publish","type":"product","link":"https:\/\/vetplusglobal.com\/pt-pt\/product\/coatex-champo-aloe-e-aveia-copy\/","title":{"rendered":"COATEX\u00ae CHAMP\u00d4 S"},"content":{"rendered":"","protected":false},"excerpt":{"rendered":"<p>O champ\u00f4 COATEX\u00ae S foi concebido para cuidar da pele de c\u00e3es e gatos. Cont\u00e9m prote\u00edna de aveia, vitamina E e provitamina B5, para acalmar e hidratar. \u00c9 suficientemente suave para ser utilizado semanalmente em animais com pele sens\u00edvel, que beneficiam de cuidados t\u00f3picos adicionais. O champ\u00f4 faz bastante espuma, pelo que basta utilizar uma pequena quantidade, e tem um aroma agrad\u00e1vel, com uma fragr\u00e2ncia floral hipoalerg\u00e9nica, para benef\u00edcio adicional do tutor do animal.<\/p>\n","protected":false},"featured_media":47116,"template":"","meta":{"_acf_changed":false,"_oasis_is_in_workflow":0,"_oasis_original":0,"_oasis_task_priority":""},"product_brand":[],"product_cat":[544,542,716],"product_tag":[],"class_list":{"0":"post-44022","1":"product","2":"type-product","3":"status-publish","4":"has-post-thumbnail","6":"product_cat-para-caes","7":"product_cat-para-gatos","8":"product_cat-pele-pelo","10":"first","11":"instock","12":"shipping-taxable","13":"product-type-simple"},"acf":[],"yoast_head":"<!-- This site is optimized with the Yoast SEO plugin v27.3 - https:\/\/yoast.com\/product\/yoast-seo-wordpress\/ -->\n<title>COATEX\u00ae CHAMP\u00d4 S - vetplus<\/title>\n<meta name=\"robots\" content=\"index, follow, max-snippet:-1, max-image-preview:large, max-video-preview:-1\" \/>\n<link rel=\"canonical\" href=\"https:\/\/vetplusglobal.com\/pt-pt\/product\/coatex-champo-aloe-e-aveia-copy\/\" \/>\n<meta property=\"og:locale\" content=\"pt_PT\" \/>\n<meta property=\"og:type\" content=\"article\" \/>\n<meta property=\"og:title\" content=\"COATEX\u00ae CHAMP\u00d4 S - vetplus\" \/>\n<meta property=\"og:description\" content=\"O champ\u00f4 COATEX\u00ae S foi concebido para cuidar da pele de c\u00e3es e gatos. Cont\u00e9m prote\u00edna de aveia, vitamina E e provitamina B5, para acalmar e hidratar. \u00c9 suficientemente suave para ser utilizado semanalmente em animais com pele sens\u00edvel, que beneficiam de cuidados t\u00f3picos adicionais. O champ\u00f4 faz bastante espuma, pelo que basta utilizar uma pequena quantidade, e tem um aroma agrad\u00e1vel, com uma fragr\u00e2ncia floral hipoalerg\u00e9nica, para benef\u00edcio adicional do tutor do animal.\" \/>\n<meta property=\"og:url\" content=\"https:\/\/vetplusglobal.com\/pt-pt\/product\/coatex-champo-aloe-e-aveia-copy\/\" \/>\n<meta property=\"og:site_name\" content=\"vetplus\" \/>\n<meta property=\"article:publisher\" content=\"https:\/\/www.facebook.com\/vetplusUK\/\" \/>\n<meta property=\"article:modified_time\" content=\"2026-04-08T11:15:38+00:00\" \/>\n<meta property=\"og:image\" content=\"https:\/\/vetplusglobal.com\/wp-content\/uploads\/2025\/10\/Coatex-M-Shampoo-scaled.jpg\" \/>\n\t<meta property=\"og:image:width\" content=\"1810\" \/>\n\t<meta property=\"og:image:height\" content=\"2560\" \/>\n\t<meta property=\"og:image:type\" content=\"image\/jpeg\" \/>\n<meta name=\"twitter:card\" content=\"summary_large_image\" \/>\n<meta name=\"twitter:site\" content=\"@vetplusuk\" \/>\n<meta name=\"twitter:label1\" content=\"Est. reading time\" \/>\n\t<meta name=\"twitter:data1\" content=\"1 minute\" \/>\n<script type=\"application\/ld+json\" class=\"yoast-schema-graph\">{\"@context\":\"https:\\\/\\\/schema.org\",\"@graph\":[{\"@type\":\"WebPage\",\"@id\":\"https:\\\/\\\/vetplusglobal.com\\\/pt-pt\\\/product\\\/coatex-champo-aloe-e-aveia-copy\\\/\",\"url\":\"https:\\\/\\\/vetplusglobal.com\\\/pt-pt\\\/product\\\/coatex-champo-aloe-e-aveia-copy\\\/\",\"name\":\"COATEX\u00ae CHAMP\u00d4 S - vetplus\",\"isPartOf\":{\"@id\":\"https:\\\/\\\/vetplusglobal.com\\\/pt-pt\\\/#website\"},\"primaryImageOfPage\":{\"@id\":\"https:\\\/\\\/vetplusglobal.com\\\/pt-pt\\\/product\\\/coatex-champo-aloe-e-aveia-copy\\\/#primaryimage\"},\"image\":{\"@id\":\"https:\\\/\\\/vetplusglobal.com\\\/pt-pt\\\/product\\\/coatex-champo-aloe-e-aveia-copy\\\/#primaryimage\"},\"thumbnailUrl\":\"https:\\\/\\\/vetplusglobal.com\\\/wp-content\\\/uploads\\\/2025\\\/10\\\/Coatex-S-Shampoo-scaled.jpg\",\"datePublished\":\"2025-10-27T15:23:36+00:00\",\"dateModified\":\"2026-04-08T11:15:38+00:00\",\"breadcrumb\":{\"@id\":\"https:\\\/\\\/vetplusglobal.com\\\/pt-pt\\\/product\\\/coatex-champo-aloe-e-aveia-copy\\\/#breadcrumb\"},\"inLanguage\":\"pt-PT\",\"potentialAction\":[{\"@type\":\"ReadAction\",\"target\":[\"https:\\\/\\\/vetplusglobal.com\\\/pt-pt\\\/product\\\/coatex-champo-aloe-e-aveia-copy\\\/\"]}]},{\"@type\":\"ImageObject\",\"inLanguage\":\"pt-PT\",\"@id\":\"https:\\\/\\\/vetplusglobal.com\\\/pt-pt\\\/product\\\/coatex-champo-aloe-e-aveia-copy\\\/#primaryimage\",\"url\":\"https:\\\/\\\/vetplusglobal.com\\\/wp-content\\\/uploads\\\/2025\\\/10\\\/Coatex-S-Shampoo-scaled.jpg\",\"contentUrl\":\"https:\\\/\\\/vetplusglobal.com\\\/wp-content\\\/uploads\\\/2025\\\/10\\\/Coatex-S-Shampoo-scaled.jpg\",\"width\":1810,\"height\":2560},{\"@type\":\"BreadcrumbList\",\"@id\":\"https:\\\/\\\/vetplusglobal.com\\\/pt-pt\\\/product\\\/coatex-champo-aloe-e-aveia-copy\\\/#breadcrumb\",\"itemListElement\":[{\"@type\":\"ListItem\",\"position\":1,\"name\":\"Home\",\"item\":\"https:\\\/\\\/vetplusglobal.com\\\/pt-pt\\\/\"},{\"@type\":\"ListItem\",\"position\":2,\"name\":\"Shop\",\"item\":\"https:\\\/\\\/vetplusglobal.com\\\/shop\\\/\"},{\"@type\":\"ListItem\",\"position\":3,\"name\":\"COATEX\u00ae CHAMP\u00d4 S\"}]},{\"@type\":\"WebSite\",\"@id\":\"https:\\\/\\\/vetplusglobal.com\\\/pt-pt\\\/#website\",\"url\":\"https:\\\/\\\/vetplusglobal.com\\\/pt-pt\\\/\",\"name\":\"vetplus\",\"description\":\"The Global Leader in Veterinary Nutraceuticals\",\"publisher\":{\"@id\":\"https:\\\/\\\/vetplusglobal.com\\\/pt-pt\\\/#organization\"},\"potentialAction\":[{\"@type\":\"SearchAction\",\"target\":{\"@type\":\"EntryPoint\",\"urlTemplate\":\"https:\\\/\\\/vetplusglobal.com\\\/pt-pt\\\/?s={search_term_string}\"},\"query-input\":{\"@type\":\"PropertyValueSpecification\",\"valueRequired\":true,\"valueName\":\"search_term_string\"}}],\"inLanguage\":\"pt-PT\"},{\"@type\":\"Organization\",\"@id\":\"https:\\\/\\\/vetplusglobal.com\\\/pt-pt\\\/#organization\",\"name\":\"VetPlus\",\"url\":\"https:\\\/\\\/vetplusglobal.com\\\/pt-pt\\\/\",\"logo\":{\"@type\":\"ImageObject\",\"inLanguage\":\"pt-PT\",\"@id\":\"https:\\\/\\\/vetplusglobal.com\\\/pt-pt\\\/#\\\/schema\\\/logo\\\/image\\\/\",\"url\":\"https:\\\/\\\/vetplusglobal.com\\\/wp-content\\\/uploads\\\/2024\\\/12\\\/Group-955-1.jpg\",\"contentUrl\":\"https:\\\/\\\/vetplusglobal.com\\\/wp-content\\\/uploads\\\/2024\\\/12\\\/Group-955-1.jpg\",\"width\":696,\"height\":696,\"caption\":\"VetPlus\"},\"image\":{\"@id\":\"https:\\\/\\\/vetplusglobal.com\\\/pt-pt\\\/#\\\/schema\\\/logo\\\/image\\\/\"},\"sameAs\":[\"https:\\\/\\\/www.facebook.com\\\/vetplusUK\\\/\",\"https:\\\/\\\/x.com\\\/vetplusuk\"]}]}<\/script>\n<!-- \/ Yoast SEO plugin. -->","yoast_head_json":{"title":"COATEX\u00ae CHAMP\u00d4 S - vetplus","robots":{"index":"index","follow":"follow","max-snippet":"max-snippet:-1","max-image-preview":"max-image-preview:large","max-video-preview":"max-video-preview:-1"},"canonical":"https:\/\/vetplusglobal.com\/pt-pt\/product\/coatex-champo-aloe-e-aveia-copy\/","og_locale":"pt_PT","og_type":"article","og_title":"COATEX\u00ae CHAMP\u00d4 S - vetplus","og_description":"O champ\u00f4 COATEX\u00ae S foi concebido para cuidar da pele de c\u00e3es e gatos. Cont\u00e9m prote\u00edna de aveia, vitamina E e provitamina B5, para acalmar e hidratar. \u00c9 suficientemente suave para ser utilizado semanalmente em animais com pele sens\u00edvel, que beneficiam de cuidados t\u00f3picos adicionais. O champ\u00f4 faz bastante espuma, pelo que basta utilizar uma pequena quantidade, e tem um aroma agrad\u00e1vel, com uma fragr\u00e2ncia floral hipoalerg\u00e9nica, para benef\u00edcio adicional do tutor do animal.","og_url":"https:\/\/vetplusglobal.com\/pt-pt\/product\/coatex-champo-aloe-e-aveia-copy\/","og_site_name":"vetplus","article_publisher":"https:\/\/www.facebook.com\/vetplusUK\/","article_modified_time":"2026-04-08T11:15:38+00:00","og_image":[{"width":1810,"height":2560,"url":"https:\/\/vetplusglobal.com\/wp-content\/uploads\/2025\/10\/Coatex-M-Shampoo-scaled.jpg","type":"image\/jpeg"}],"twitter_card":"summary_large_image","twitter_site":"@vetplusuk","twitter_misc":{"Est. reading time":"1 minute"},"schema":{"@context":"https:\/\/schema.org","@graph":[{"@type":"WebPage","@id":"https:\/\/vetplusglobal.com\/pt-pt\/product\/coatex-champo-aloe-e-aveia-copy\/","url":"https:\/\/vetplusglobal.com\/pt-pt\/product\/coatex-champo-aloe-e-aveia-copy\/","name":"COATEX\u00ae CHAMP\u00d4 S - vetplus","isPartOf":{"@id":"https:\/\/vetplusglobal.com\/pt-pt\/#website"},"primaryImageOfPage":{"@id":"https:\/\/vetplusglobal.com\/pt-pt\/product\/coatex-champo-aloe-e-aveia-copy\/#primaryimage"},"image":{"@id":"https:\/\/vetplusglobal.com\/pt-pt\/product\/coatex-champo-aloe-e-aveia-copy\/#primaryimage"},"thumbnailUrl":"https:\/\/vetplusglobal.com\/wp-content\/uploads\/2025\/10\/Coatex-S-Shampoo-scaled.jpg","datePublished":"2025-10-27T15:23:36+00:00","dateModified":"2026-04-08T11:15:38+00:00","breadcrumb":{"@id":"https:\/\/vetplusglobal.com\/pt-pt\/product\/coatex-champo-aloe-e-aveia-copy\/#breadcrumb"},"inLanguage":"pt-PT","potentialAction":[{"@type":"ReadAction","target":["https:\/\/vetplusglobal.com\/pt-pt\/product\/coatex-champo-aloe-e-aveia-copy\/"]}]},{"@type":"ImageObject","inLanguage":"pt-PT","@id":"https:\/\/vetplusglobal.com\/pt-pt\/product\/coatex-champo-aloe-e-aveia-copy\/#primaryimage","url":"https:\/\/vetplusglobal.com\/wp-content\/uploads\/2025\/10\/Coatex-S-Shampoo-scaled.jpg","contentUrl":"https:\/\/vetplusglobal.com\/wp-content\/uploads\/2025\/10\/Coatex-S-Shampoo-scaled.jpg","width":1810,"height":2560},{"@type":"BreadcrumbList","@id":"https:\/\/vetplusglobal.com\/pt-pt\/product\/coatex-champo-aloe-e-aveia-copy\/#breadcrumb","itemListElement":[{"@type":"ListItem","position":1,"name":"Home","item":"https:\/\/vetplusglobal.com\/pt-pt\/"},{"@type":"ListItem","position":2,"name":"Shop","item":"https:\/\/vetplusglobal.com\/shop\/"},{"@type":"ListItem","position":3,"name":"COATEX\u00ae CHAMP\u00d4 S"}]},{"@type":"WebSite","@id":"https:\/\/vetplusglobal.com\/pt-pt\/#website","url":"https:\/\/vetplusglobal.com\/pt-pt\/","name":"vetplus","description":"The Global Leader in Veterinary Nutraceuticals","publisher":{"@id":"https:\/\/vetplusglobal.com\/pt-pt\/#organization"},"potentialAction":[{"@type":"SearchAction","target":{"@type":"EntryPoint","urlTemplate":"https:\/\/vetplusglobal.com\/pt-pt\/?s={search_term_string}"},"query-input":{"@type":"PropertyValueSpecification","valueRequired":true,"valueName":"search_term_string"}}],"inLanguage":"pt-PT"},{"@type":"Organization","@id":"https:\/\/vetplusglobal.com\/pt-pt\/#organization","name":"VetPlus","url":"https:\/\/vetplusglobal.com\/pt-pt\/","logo":{"@type":"ImageObject","inLanguage":"pt-PT","@id":"https:\/\/vetplusglobal.com\/pt-pt\/#\/schema\/logo\/image\/","url":"https:\/\/vetplusglobal.com\/wp-content\/uploads\/2024\/12\/Group-955-1.jpg","contentUrl":"https:\/\/vetplusglobal.com\/wp-content\/uploads\/2024\/12\/Group-955-1.jpg","width":696,"height":696,"caption":"VetPlus"},"image":{"@id":"https:\/\/vetplusglobal.com\/pt-pt\/#\/schema\/logo\/image\/"},"sameAs":["https:\/\/www.facebook.com\/vetplusUK\/","https:\/\/x.com\/vetplusuk"]}]}},"_links":{"self":[{"href":"https:\/\/vetplusglobal.com\/pt-pt\/wp-json\/wp\/v2\/product\/44022","targetHints":{"allow":["GET"]}}],"collection":[{"href":"https:\/\/vetplusglobal.com\/pt-pt\/wp-json\/wp\/v2\/product"}],"about":[{"href":"https:\/\/vetplusglobal.com\/pt-pt\/wp-json\/wp\/v2\/types\/product"}],"wp:featuredmedia":[{"embeddable":true,"href":"https:\/\/vetplusglobal.com\/pt-pt\/wp-json\/wp\/v2\/media\/47116"}],"wp:attachment":[{"href":"https:\/\/vetplusglobal.com\/pt-pt\/wp-json\/wp\/v2\/media?parent=44022"}],"wp:term":[{"taxonomy":"product_brand","embeddable":true,"href":"https:\/\/vetplusglobal.com\/pt-pt\/wp-json\/wp\/v2\/product_brand?post=44022"},{"taxonomy":"product_cat","embeddable":true,"href":"https:\/\/vetplusglobal.com\/pt-pt\/wp-json\/wp\/v2\/product_cat?post=44022"},{"taxonomy":"product_tag","embeddable":true,"href":"https:\/\/vetplusglobal.com\/pt-pt\/wp-json\/wp\/v2\/product_tag?post=44022"}],"curies":[{"name":"wp","href":"https:\/\/api.w.org\/{rel}","templated":true}]}}